{"id":56398,"date":"2025-03-12T12:12:39","date_gmt":"2025-03-12T11:12:39","guid":{"rendered":"https:\/\/www.tc26-bijoux.com\/?post_type=product&#038;p=56398"},"modified":"2025-03-21T14:11:43","modified_gmt":"2025-03-21T13:11:43","slug":"collier-diamants-et-or-18-carats-gracie","status":"publish","type":"product","link":"https:\/\/www.tc26-bijoux.com\/?product=collier-diamants-et-or-18-carats-gracie","title":{"rendered":"Collier Diamants et Or 18 Carats Gracie"},"content":{"rendered":"<p>Collier Diamants et Or 18 Carats Gracie : Un collier d\u00e9licat et \u00e9l\u00e9gant qui pr\u00e9sente un total de 0.27 carats de diamants scintillants. Les diamants de qualit\u00e9 G, avec une puret\u00e9 VS, ajoutent une touche de brillance \u00e0 ce bijou. Avec ses dimensions de 8&#215;14 mm, ce collier est \u00e0 la fois discret et captivant, parfait pour ajouter une touche de sophistication \u00e0 votre tenue, que ce soit en blanc, rose ou jaune.<\/p>\n","protected":false},"excerpt":{"rendered":"<p>Mati\u00e8re : Or 18 carat\u00a0<\/p>\n<p>Couleur m\u00e9tal : Blanc\u00a0\/ \u00a0Rose \/Jaune<\/p>\n<p>Nature des Pierres : Diamants\u00a0<\/p>\n<p>Caratage total des\u00a0Diamants\u00a0\u00a0: 0.27\u00a0Carats<\/p>\n<p>Couleur\u00a0 des Diamants : G<\/p>\n<p>Puret\u00e9 des Diamants : VS<\/p>\n<p>Dimension : 8&#215;14 mm<\/p>\n<p>R\u00e9f\u00e9rence : BJP0071<\/p>\n","protected":false},"featured_media":1865,"template":"","meta":{"_seopress_robots_primary_cat":"","_seopress_titles_title":"","_seopress_titles_desc":"","_seopress_robots_index":"","_seopress_analysis_target_kw":"","iawp_total_views":1},"product_brand":[],"product_cat":[80],"product_tag":[],"class_list":{"0":"post-56398","1":"product","2":"type-product","3":"status-publish","4":"has-post-thumbnail","6":"product_cat-pendentif-diamant","8":"first","9":"instock","10":"shipping-taxable","11":"purchasable","12":"product-type-variable"},"_links":{"self":[{"href":"https:\/\/www.tc26-bijoux.com\/index.php?rest_route=\/wp\/v2\/product\/56398","targetHints":{"allow":["GET"]}}],"collection":[{"href":"https:\/\/www.tc26-bijoux.com\/index.php?rest_route=\/wp\/v2\/product"}],"about":[{"href":"https:\/\/www.tc26-bijoux.com\/index.php?rest_route=\/wp\/v2\/types\/product"}],"wp:featuredmedia":[{"embeddable":true,"href":"https:\/\/www.tc26-bijoux.com\/index.php?rest_route=\/wp\/v2\/media\/1865"}],"wp:attachment":[{"href":"https:\/\/www.tc26-bijoux.com\/index.php?rest_route=%2Fwp%2Fv2%2Fmedia&parent=56398"}],"wp:term":[{"taxonomy":"product_brand","embeddable":true,"href":"https:\/\/www.tc26-bijoux.com\/index.php?rest_route=%2Fwp%2Fv2%2Fproduct_brand&post=56398"},{"taxonomy":"product_cat","embeddable":true,"href":"https:\/\/www.tc26-bijoux.com\/index.php?rest_route=%2Fwp%2Fv2%2Fproduct_cat&post=56398"},{"taxonomy":"product_tag","embeddable":true,"href":"https:\/\/www.tc26-bijoux.com\/index.php?rest_route=%2Fwp%2Fv2%2Fproduct_tag&post=56398"}],"curies":[{"name":"wp","href":"https:\/\/api.w.org\/{rel}","templated":true}]}}