{"id":56413,"date":"2025-03-12T12:12:47","date_gmt":"2025-03-12T11:12:47","guid":{"rendered":"https:\/\/www.tc26-bijoux.com\/?post_type=product&#038;p=56413"},"modified":"2025-03-21T14:11:43","modified_gmt":"2025-03-21T13:11:43","slug":"collier-or-18-carats-et-diamants-papillon","status":"publish","type":"product","link":"https:\/\/www.tc26-bijoux.com\/?product=collier-or-18-carats-et-diamants-papillon","title":{"rendered":"Collier Or 18 Carats et Diamants Papillon"},"content":{"rendered":"<p>Le collier Papillon est un ravissant bijou en or 18 carats orn\u00e9 de diamants. Les diamants ont un caratage total de 0.15 carats et une puret\u00e9 GVS, ce qui signifie qu&rsquo;ils sont de couleur G avec une puret\u00e9 tr\u00e8s l\u00e9g\u00e8rement incluse. Le collier pr\u00e9sente un design d\u00e9licat en forme de papillon, avec des dimensions de 11 mm de largeur et 12 mm de hauteur. Ce collier est un choix parfait pour ajouter une touche de f\u00e9minit\u00e9 et d&rsquo;\u00e9l\u00e9gance \u00e0 votre tenue. Que ce soit pour une occasion sp\u00e9ciale ou pour un usage quotidien, le collier Papillon sera un ajout \u00e9tincelant \u00e0 votre collection de bijoux.<\/p>\n","protected":false},"excerpt":{"rendered":"<p>Mati\u00e8re : Or 18 carat\u00a0<\/p>\n<p>Couleur m\u00e9tal : Blanc\u00a0<\/p>\n<p>Nature des Pierres : Diamants\u00a0<\/p>\n<p>Caratage\u00a0 total des Pierres\u00a0\u00a0: 0.15\u00a0carats<\/p>\n<p>Puret\u00e9 \u00a0Diamants : GVS\u00a0<\/p>\n<p>Dimensions : 11&#215;12\u00a0mm\u00a0<\/p>\n<p>R\u00e9f\u00e9rence : BJN0026<\/p>\n","protected":false},"featured_media":543,"template":"","meta":{"_seopress_robots_primary_cat":"","_seopress_titles_title":"","_seopress_titles_desc":"","_seopress_robots_index":"","_seopress_analysis_target_kw":"","iawp_total_views":4},"product_brand":[],"product_cat":[80],"product_tag":[],"class_list":{"0":"post-56413","1":"product","2":"type-product","3":"status-publish","4":"has-post-thumbnail","6":"product_cat-pendentif-diamant","8":"first","9":"instock","10":"shipping-taxable","11":"purchasable","12":"product-type-variable"},"_links":{"self":[{"href":"https:\/\/www.tc26-bijoux.com\/index.php?rest_route=\/wp\/v2\/product\/56413","targetHints":{"allow":["GET"]}}],"collection":[{"href":"https:\/\/www.tc26-bijoux.com\/index.php?rest_route=\/wp\/v2\/product"}],"about":[{"href":"https:\/\/www.tc26-bijoux.com\/index.php?rest_route=\/wp\/v2\/types\/product"}],"wp:featuredmedia":[{"embeddable":true,"href":"https:\/\/www.tc26-bijoux.com\/index.php?rest_route=\/wp\/v2\/media\/543"}],"wp:attachment":[{"href":"https:\/\/www.tc26-bijoux.com\/index.php?rest_route=%2Fwp%2Fv2%2Fmedia&parent=56413"}],"wp:term":[{"taxonomy":"product_brand","embeddable":true,"href":"https:\/\/www.tc26-bijoux.com\/index.php?rest_route=%2Fwp%2Fv2%2Fproduct_brand&post=56413"},{"taxonomy":"product_cat","embeddable":true,"href":"https:\/\/www.tc26-bijoux.com\/index.php?rest_route=%2Fwp%2Fv2%2Fproduct_cat&post=56413"},{"taxonomy":"product_tag","embeddable":true,"href":"https:\/\/www.tc26-bijoux.com\/index.php?rest_route=%2Fwp%2Fv2%2Fproduct_tag&post=56413"}],"curies":[{"name":"wp","href":"https:\/\/api.w.org\/{rel}","templated":true}]}}