{"id":56423,"date":"2025-03-12T12:12:49","date_gmt":"2025-03-12T11:12:49","guid":{"rendered":"https:\/\/www.tc26-bijoux.com\/?post_type=product&#038;p=56423"},"modified":"2025-03-21T14:11:46","modified_gmt":"2025-03-21T13:11:46","slug":"maguen-david-or-blancdiamant-2","status":"publish","type":"product","link":"https:\/\/www.tc26-bijoux.com\/?product=maguen-david-or-blancdiamant-2","title":{"rendered":"Maguen David or blanc,diamant"},"content":{"rendered":"<p>Collier Diamants et Or 18 Carats Magen David Blanc : Ce collier en or 18 carats est orn\u00e9 d&rsquo;un magnifique pendentif en forme d&rsquo;\u00e9toile de David, serti de diamants d&rsquo;un poids total de 0.12 carats. Les diamants de couleur G et de puret\u00e9 VS ajoutent une brillance subtile \u00e0 ce bijou. Avec ses dimensions de 10&#215;18 mm, ce collier est \u00e0 la fois d\u00e9licat et significatif, repr\u00e9sentant un symbole profond\u00e9ment important. Le collier Magen David Blanc est un choix \u00e9l\u00e9gant et symbolique qui ajoute une touche de spiritualit\u00e9 \u00e0 votre tenue.<\/p>\n","protected":false},"excerpt":{"rendered":"<p>Collier Diamants et Or 18 Carats Magen David Blanc : Ce collier en or 18 carats est orn\u00e9 d&rsquo;un magnifique pendentif en forme d&rsquo;\u00e9toile de David,<span class=\"excerpt-hellip\"> [\u2026]<\/span><\/p>\n","protected":false},"featured_media":2028,"template":"","meta":{"_seopress_robots_primary_cat":"","_seopress_titles_title":"","_seopress_titles_desc":"","_seopress_robots_index":"","_seopress_analysis_target_kw":"","iawp_total_views":5},"product_brand":[],"product_cat":[80],"product_tag":[],"class_list":{"0":"post-56423","1":"product","2":"type-product","3":"status-publish","4":"has-post-thumbnail","6":"product_cat-pendentif-diamant","8":"first","9":"instock","10":"shipping-taxable","11":"purchasable","12":"product-type-variable"},"_links":{"self":[{"href":"https:\/\/www.tc26-bijoux.com\/index.php?rest_route=\/wp\/v2\/product\/56423","targetHints":{"allow":["GET"]}}],"collection":[{"href":"https:\/\/www.tc26-bijoux.com\/index.php?rest_route=\/wp\/v2\/product"}],"about":[{"href":"https:\/\/www.tc26-bijoux.com\/index.php?rest_route=\/wp\/v2\/types\/product"}],"wp:featuredmedia":[{"embeddable":true,"href":"https:\/\/www.tc26-bijoux.com\/index.php?rest_route=\/wp\/v2\/media\/2028"}],"wp:attachment":[{"href":"https:\/\/www.tc26-bijoux.com\/index.php?rest_route=%2Fwp%2Fv2%2Fmedia&parent=56423"}],"wp:term":[{"taxonomy":"product_brand","embeddable":true,"href":"https:\/\/www.tc26-bijoux.com\/index.php?rest_route=%2Fwp%2Fv2%2Fproduct_brand&post=56423"},{"taxonomy":"product_cat","embeddable":true,"href":"https:\/\/www.tc26-bijoux.com\/index.php?rest_route=%2Fwp%2Fv2%2Fproduct_cat&post=56423"},{"taxonomy":"product_tag","embeddable":true,"href":"https:\/\/www.tc26-bijoux.com\/index.php?rest_route=%2Fwp%2Fv2%2Fproduct_tag&post=56423"}],"curies":[{"name":"wp","href":"https:\/\/api.w.org\/{rel}","templated":true}]}}