{"id":56444,"date":"2025-03-12T12:12:52","date_gmt":"2025-03-12T11:12:52","guid":{"rendered":"https:\/\/www.tc26-bijoux.com\/?post_type=product&#038;p=56444"},"modified":"2025-03-21T14:11:46","modified_gmt":"2025-03-21T13:11:46","slug":"pendentif-or-diamants-david","status":"publish","type":"product","link":"https:\/\/www.tc26-bijoux.com\/?product=pendentif-or-diamants-david","title":{"rendered":"Pendentif Or Diamants David"},"content":{"rendered":"<p>Pendentif Diamants et Or 18 Carats David Blanc : Ce magnifique Pendentif en or 18 carats est agr\u00e9ment\u00e9 de diamants d&rsquo;un poids total de 0.20 carats. Les diamants de couleur G et de puret\u00e9 VS ajoutent une touche d&rsquo;\u00e9clat \u00e0 ce bijou. Avec ses dimensions de 14&#215;22 mm, ce pendentif pr\u00e9sente un design \u00e9l\u00e9gant et contemporain, parfait pour compl\u00e9ter votre tenue avec style. Le pendentif David or Blanc incarne la sophistication et la beaut\u00e9 intemporelle des diamants, faisant de lui un choix parfait pour toute occasion sp\u00e9ciale.<\/p>\n","protected":false},"excerpt":{"rendered":"<p>Pendentif Diamants et Or 18 Carats David Blanc : Ce magnifique Pendentif en or 18 carats est agr\u00e9ment\u00e9 de diamants d&rsquo;un poids total de 0.20 carats.<span class=\"excerpt-hellip\"> [\u2026]<\/span><\/p>\n","protected":false},"featured_media":2030,"template":"","meta":{"_seopress_robots_primary_cat":"","_seopress_titles_title":"","_seopress_titles_desc":"","_seopress_robots_index":"","_seopress_analysis_target_kw":"","iawp_total_views":4},"product_brand":[],"product_cat":[80],"product_tag":[],"class_list":{"0":"post-56444","1":"product","2":"type-product","3":"status-publish","4":"has-post-thumbnail","6":"product_cat-pendentif-diamant","8":"first","9":"instock","10":"shipping-taxable","11":"purchasable","12":"product-type-variable"},"_links":{"self":[{"href":"https:\/\/www.tc26-bijoux.com\/index.php?rest_route=\/wp\/v2\/product\/56444","targetHints":{"allow":["GET"]}}],"collection":[{"href":"https:\/\/www.tc26-bijoux.com\/index.php?rest_route=\/wp\/v2\/product"}],"about":[{"href":"https:\/\/www.tc26-bijoux.com\/index.php?rest_route=\/wp\/v2\/types\/product"}],"wp:featuredmedia":[{"embeddable":true,"href":"https:\/\/www.tc26-bijoux.com\/index.php?rest_route=\/wp\/v2\/media\/2030"}],"wp:attachment":[{"href":"https:\/\/www.tc26-bijoux.com\/index.php?rest_route=%2Fwp%2Fv2%2Fmedia&parent=56444"}],"wp:term":[{"taxonomy":"product_brand","embeddable":true,"href":"https:\/\/www.tc26-bijoux.com\/index.php?rest_route=%2Fwp%2Fv2%2Fproduct_brand&post=56444"},{"taxonomy":"product_cat","embeddable":true,"href":"https:\/\/www.tc26-bijoux.com\/index.php?rest_route=%2Fwp%2Fv2%2Fproduct_cat&post=56444"},{"taxonomy":"product_tag","embeddable":true,"href":"https:\/\/www.tc26-bijoux.com\/index.php?rest_route=%2Fwp%2Fv2%2Fproduct_tag&post=56444"}],"curies":[{"name":"wp","href":"https:\/\/api.w.org\/{rel}","templated":true}]}}