{"id":56449,"date":"2025-03-12T12:12:58","date_gmt":"2025-03-12T11:12:58","guid":{"rendered":"https:\/\/www.tc26-bijoux.com\/?post_type=product&#038;p=56449"},"modified":"2025-03-21T14:11:46","modified_gmt":"2025-03-21T13:11:46","slug":"collier-diamants-ayele","status":"publish","type":"product","link":"https:\/\/www.tc26-bijoux.com\/?product=collier-diamants-ayele","title":{"rendered":"Collier Diamants Ayele"},"content":{"rendered":"<p>Le collier Ayele en or 18 carats est un bijou \u00e9l\u00e9gant et raffin\u00e9. Disponible en couleur or blanc ou jaune, il est orn\u00e9 de magnifiques diamants. Le diamant central a un caratage de 0,10, 0,22 ou 0,30 carats, tandis que le poids total des diamants est de 0,15, 0,30 ou 0,38 carats, selon votre choix. Les diamants sont de couleur G et de puret\u00e9 VS, assurant une belle brillance et une clart\u00e9 \u00e9blouissante. Ce collier est le parfait \u00e9quilibre entre simplicit\u00e9 et sophistication, ajoutant une touche d&rsquo;\u00e9l\u00e9gance \u00e0 n&rsquo;importe quelle tenue.<\/p>\n","protected":false},"excerpt":{"rendered":"<p>Le collier Ayele en or 18 carats est un bijou \u00e9l\u00e9gant et raffin\u00e9. Disponible en couleur or blanc ou jaune, il est orn\u00e9 de magnifiques diamants.<span class=\"excerpt-hellip\"> [\u2026]<\/span><\/p>\n","protected":false},"featured_media":11306,"template":"","meta":{"_seopress_robots_primary_cat":"","_seopress_titles_title":"","_seopress_titles_desc":"","_seopress_robots_index":"","_seopress_analysis_target_kw":"","iawp_total_views":2},"product_brand":[],"product_cat":[80],"product_tag":[],"class_list":{"0":"post-56449","1":"product","2":"type-product","3":"status-publish","4":"has-post-thumbnail","6":"product_cat-pendentif-diamant","8":"first","9":"instock","10":"shipping-taxable","11":"purchasable","12":"product-type-variable"},"_links":{"self":[{"href":"https:\/\/www.tc26-bijoux.com\/index.php?rest_route=\/wp\/v2\/product\/56449","targetHints":{"allow":["GET"]}}],"collection":[{"href":"https:\/\/www.tc26-bijoux.com\/index.php?rest_route=\/wp\/v2\/product"}],"about":[{"href":"https:\/\/www.tc26-bijoux.com\/index.php?rest_route=\/wp\/v2\/types\/product"}],"wp:featuredmedia":[{"embeddable":true,"href":"https:\/\/www.tc26-bijoux.com\/index.php?rest_route=\/wp\/v2\/media\/11306"}],"wp:attachment":[{"href":"https:\/\/www.tc26-bijoux.com\/index.php?rest_route=%2Fwp%2Fv2%2Fmedia&parent=56449"}],"wp:term":[{"taxonomy":"product_brand","embeddable":true,"href":"https:\/\/www.tc26-bijoux.com\/index.php?rest_route=%2Fwp%2Fv2%2Fproduct_brand&post=56449"},{"taxonomy":"product_cat","embeddable":true,"href":"https:\/\/www.tc26-bijoux.com\/index.php?rest_route=%2Fwp%2Fv2%2Fproduct_cat&post=56449"},{"taxonomy":"product_tag","embeddable":true,"href":"https:\/\/www.tc26-bijoux.com\/index.php?rest_route=%2Fwp%2Fv2%2Fproduct_tag&post=56449"}],"curies":[{"name":"wp","href":"https:\/\/api.w.org\/{rel}","templated":true}]}}