{"id":56576,"date":"2025-03-12T12:13:33","date_gmt":"2025-03-12T11:13:33","guid":{"rendered":"https:\/\/www.tc26-bijoux.com\/?post_type=product&#038;p=56576"},"modified":"2025-03-21T14:11:54","modified_gmt":"2025-03-21T13:11:54","slug":"pendentif-or-diamants-guilana","status":"publish","type":"product","link":"https:\/\/www.tc26-bijoux.com\/?product=pendentif-or-diamants-guilana","title":{"rendered":"Pendentif Or Diamants Guilana"},"content":{"rendered":"<p>Collier Diamants et Or 18 Carats Guilana : Un collier d\u00e9licat et raffin\u00e9 orn\u00e9 de diamants d&rsquo;un caratage total de 0.20 carats. Les diamants de qualit\u00e9 G et de puret\u00e9 VS ajoutent une brillance subtile \u00e0 ce bijou. Avec ses dimensions de 7&#215;15 mm, ce collier offre une touche d&rsquo;\u00e9l\u00e9gance intemporelle. Disponible en blanc, rose ou jaune, il est parfait pour ajouter une touche de sophistication \u00e0 toutes vos tenues.<\/p>\n","protected":false},"excerpt":{"rendered":"<p>Collier Diamants et Or 18 Carats Guilana : Un collier d\u00e9licat et raffin\u00e9 orn\u00e9 de diamants d&rsquo;un caratage total de 0.20 carats. Les diamants de qualit\u00e9<span class=\"excerpt-hellip\"> [\u2026]<\/span><\/p>\n","protected":false},"featured_media":1866,"template":"","meta":{"_seopress_robots_primary_cat":"","_seopress_titles_title":"","_seopress_titles_desc":"","_seopress_robots_index":"","_seopress_analysis_target_kw":"","iawp_total_views":0},"product_brand":[],"product_cat":[80],"product_tag":[],"class_list":{"0":"post-56576","1":"product","2":"type-product","3":"status-publish","4":"has-post-thumbnail","6":"product_cat-pendentif-diamant","8":"first","9":"instock","10":"shipping-taxable","11":"purchasable","12":"product-type-variable"},"_links":{"self":[{"href":"https:\/\/www.tc26-bijoux.com\/index.php?rest_route=\/wp\/v2\/product\/56576","targetHints":{"allow":["GET"]}}],"collection":[{"href":"https:\/\/www.tc26-bijoux.com\/index.php?rest_route=\/wp\/v2\/product"}],"about":[{"href":"https:\/\/www.tc26-bijoux.com\/index.php?rest_route=\/wp\/v2\/types\/product"}],"wp:featuredmedia":[{"embeddable":true,"href":"https:\/\/www.tc26-bijoux.com\/index.php?rest_route=\/wp\/v2\/media\/1866"}],"wp:attachment":[{"href":"https:\/\/www.tc26-bijoux.com\/index.php?rest_route=%2Fwp%2Fv2%2Fmedia&parent=56576"}],"wp:term":[{"taxonomy":"product_brand","embeddable":true,"href":"https:\/\/www.tc26-bijoux.com\/index.php?rest_route=%2Fwp%2Fv2%2Fproduct_brand&post=56576"},{"taxonomy":"product_cat","embeddable":true,"href":"https:\/\/www.tc26-bijoux.com\/index.php?rest_route=%2Fwp%2Fv2%2Fproduct_cat&post=56576"},{"taxonomy":"product_tag","embeddable":true,"href":"https:\/\/www.tc26-bijoux.com\/index.php?rest_route=%2Fwp%2Fv2%2Fproduct_tag&post=56576"}],"curies":[{"name":"wp","href":"https:\/\/api.w.org\/{rel}","templated":true}]}}