{"id":56581,"date":"2025-03-12T12:13:34","date_gmt":"2025-03-12T11:13:34","guid":{"rendered":"https:\/\/www.tc26-bijoux.com\/?post_type=product&#038;p=56581"},"modified":"2025-03-21T14:11:54","modified_gmt":"2025-03-21T13:11:54","slug":"collier-oeil-or-diamants-2","status":"publish","type":"product","link":"https:\/\/www.tc26-bijoux.com\/?product=collier-oeil-or-diamants-2","title":{"rendered":"Collier Oeil Or Diamants"},"content":{"rendered":"<p>Plongez dans le monde envo\u00fbtant de la haute joaillerie parisienne avec notre collier \u00ab\u00a0\u0152il d&rsquo;Or et Diamants\u00a0\u00bb. \u00c9l\u00e9gant et myst\u00e9rieux, ce bijou incarne l&rsquo;essence m\u00eame du luxe et de la sophistication.<\/p>\n","protected":false},"excerpt":{"rendered":"<p>Plongez dans le monde envo\u00fbtant de la haute joaillerie parisienne avec notre collier \u00ab\u00a0\u0152il d&rsquo;Or et Diamants\u00a0\u00bb. \u00c9l\u00e9gant et myst\u00e9rieux, ce bijou incarne l&rsquo;essence m\u00eame du<span class=\"excerpt-hellip\"> [\u2026]<\/span><\/p>\n","protected":false},"featured_media":15137,"template":"","meta":{"_seopress_robots_primary_cat":"","_seopress_titles_title":"","_seopress_titles_desc":"","_seopress_robots_index":"","_seopress_analysis_target_kw":"","iawp_total_views":4},"product_brand":[],"product_cat":[80],"product_tag":[],"class_list":{"0":"post-56581","1":"product","2":"type-product","3":"status-publish","4":"has-post-thumbnail","6":"product_cat-pendentif-diamant","8":"first","9":"instock","10":"shipping-taxable","11":"purchasable","12":"product-type-variable"},"_links":{"self":[{"href":"https:\/\/www.tc26-bijoux.com\/index.php?rest_route=\/wp\/v2\/product\/56581","targetHints":{"allow":["GET"]}}],"collection":[{"href":"https:\/\/www.tc26-bijoux.com\/index.php?rest_route=\/wp\/v2\/product"}],"about":[{"href":"https:\/\/www.tc26-bijoux.com\/index.php?rest_route=\/wp\/v2\/types\/product"}],"wp:featuredmedia":[{"embeddable":true,"href":"https:\/\/www.tc26-bijoux.com\/index.php?rest_route=\/wp\/v2\/media\/15137"}],"wp:attachment":[{"href":"https:\/\/www.tc26-bijoux.com\/index.php?rest_route=%2Fwp%2Fv2%2Fmedia&parent=56581"}],"wp:term":[{"taxonomy":"product_brand","embeddable":true,"href":"https:\/\/www.tc26-bijoux.com\/index.php?rest_route=%2Fwp%2Fv2%2Fproduct_brand&post=56581"},{"taxonomy":"product_cat","embeddable":true,"href":"https:\/\/www.tc26-bijoux.com\/index.php?rest_route=%2Fwp%2Fv2%2Fproduct_cat&post=56581"},{"taxonomy":"product_tag","embeddable":true,"href":"https:\/\/www.tc26-bijoux.com\/index.php?rest_route=%2Fwp%2Fv2%2Fproduct_tag&post=56581"}],"curies":[{"name":"wp","href":"https:\/\/api.w.org\/{rel}","templated":true}]}}