{"id":56616,"date":"2025-03-12T12:13:45","date_gmt":"2025-03-12T11:13:45","guid":{"rendered":"https:\/\/www.tc26-bijoux.com\/?post_type=product&#038;p=56616"},"modified":"2025-03-21T14:11:57","modified_gmt":"2025-03-21T13:11:57","slug":"collier-or-18-carats-et-diamants-fanelly","status":"publish","type":"product","link":"https:\/\/www.tc26-bijoux.com\/?product=collier-or-18-carats-et-diamants-fanelly","title":{"rendered":"Collier Or 18 Carats et Diamants Fanelly"},"content":{"rendered":"<p>Le collier \u00ab\u00a0Fanelly\u00a0\u00bb est un bijou en or 18 carats disponible en deux options de couleur : blanc et jaune. Il est orn\u00e9 de diamants d&rsquo;une couleur G, qui offrent une belle brillance. Le collier comporte des diamants d&rsquo;un caratage variant entre 0,25 et 0,40 carats, avec un poids total de diamants compris entre 0,40 et 0,60 carats. Les diamants sont de qualit\u00e9 VS, ce qui garantit leur puret\u00e9 et leur \u00e9clat \u00e9blouissants. Ce collier est un choix \u00e9l\u00e9gant et intemporel, ajoutant une touche de sophistication \u00e0 n&rsquo;importe quelle tenue.<\/p>\n","protected":false},"excerpt":{"rendered":"<p>Mati\u00e8re : Or 18 carat\u00a0<\/p>\n<p>Couleur m\u00e9tal : Blanc\u00a0\/ Jaune<\/p>\n<p>Nature des Pierres : Diamants\u00a0<\/p>\n<p>Caratage\u00a0 du\u00a0Diamant\u00a0\u00a0\u00a0:0.25\u00a0\/ 0.40\u00a0 Carats\u00a0<\/p>\n<p>Poid total des Diamants : 0.40 \/ 0.60 Carats<\/p>\n<p>Couleur\u00a0 des Diamants : G<\/p>\n<p>Puret\u00e9 des Diamants : VS<\/p>\n<p>R\u00e9f\u00e9rence : BJP0045 \/ BJP0024<\/p>\n","protected":false},"featured_media":11327,"template":"","meta":{"_seopress_robots_primary_cat":"","_seopress_titles_title":"","_seopress_titles_desc":"","_seopress_robots_index":"","_seopress_analysis_target_kw":"","iawp_total_views":1},"product_brand":[],"product_cat":[80],"product_tag":[],"class_list":{"0":"post-56616","1":"product","2":"type-product","3":"status-publish","4":"has-post-thumbnail","6":"product_cat-pendentif-diamant","8":"first","9":"instock","10":"shipping-taxable","11":"purchasable","12":"product-type-variable"},"_links":{"self":[{"href":"https:\/\/www.tc26-bijoux.com\/index.php?rest_route=\/wp\/v2\/product\/56616","targetHints":{"allow":["GET"]}}],"collection":[{"href":"https:\/\/www.tc26-bijoux.com\/index.php?rest_route=\/wp\/v2\/product"}],"about":[{"href":"https:\/\/www.tc26-bijoux.com\/index.php?rest_route=\/wp\/v2\/types\/product"}],"wp:featuredmedia":[{"embeddable":true,"href":"https:\/\/www.tc26-bijoux.com\/index.php?rest_route=\/wp\/v2\/media\/11327"}],"wp:attachment":[{"href":"https:\/\/www.tc26-bijoux.com\/index.php?rest_route=%2Fwp%2Fv2%2Fmedia&parent=56616"}],"wp:term":[{"taxonomy":"product_brand","embeddable":true,"href":"https:\/\/www.tc26-bijoux.com\/index.php?rest_route=%2Fwp%2Fv2%2Fproduct_brand&post=56616"},{"taxonomy":"product_cat","embeddable":true,"href":"https:\/\/www.tc26-bijoux.com\/index.php?rest_route=%2Fwp%2Fv2%2Fproduct_cat&post=56616"},{"taxonomy":"product_tag","embeddable":true,"href":"https:\/\/www.tc26-bijoux.com\/index.php?rest_route=%2Fwp%2Fv2%2Fproduct_tag&post=56616"}],"curies":[{"name":"wp","href":"https:\/\/api.w.org\/{rel}","templated":true}]}}