{"id":56653,"date":"2025-03-12T12:14:01","date_gmt":"2025-03-12T11:14:01","guid":{"rendered":"https:\/\/www.tc26-bijoux.com\/?post_type=product&#038;p=56653"},"modified":"2025-03-21T14:12:00","modified_gmt":"2025-03-21T13:12:00","slug":"collier-diamants-astrid","status":"publish","type":"product","link":"https:\/\/www.tc26-bijoux.com\/?product=collier-diamants-astrid","title":{"rendered":"Collier Diamants Astrid"},"content":{"rendered":"<p>Le collier Astrid en or 18 carats et diamants est un bijou somptueux en or blanc. Il est orn\u00e9 de diamants d&rsquo;un poids total de 3,10 carats, avec une couleur G et une puret\u00e9 de VS, assurant une brillance et une qualit\u00e9 exceptionnelles. Ce collier est un choix \u00e9l\u00e9gant et sophistiqu\u00e9, id\u00e9al pour compl\u00e9ter votre collection de bijoux et ajouter une touche de luxe \u00e0 votre apparence. Le collier Astrid en or 18 carats et diamants est un v\u00e9ritable joyau qui ne manquera pas de faire sensation.<\/p>\n","protected":false},"excerpt":{"rendered":"<p>Mati\u00e8re : Or\u00a018 carat\u00a0<\/p>\n<p>Couleur m\u00e9tal : Blanc\u00a0<\/p>\n<p>Nature des Pierres : Diamants\u00a0\u00a0<\/p>\n<p>Poid total des Diamants : 3.10\u00a0Carats\u00a0\u00a0<\/p>\n<p>Couleur\u00a0 des Diamants : G<\/p>\n<p>Puret\u00e9 des Diamants : VS<\/p>\n<p>R\u00e9f\u00e9rence : BJN0044<\/p>\n","protected":false},"featured_media":11166,"template":"","meta":{"_seopress_robots_primary_cat":"","_seopress_titles_title":"","_seopress_titles_desc":"","_seopress_robots_index":"","_seopress_analysis_target_kw":"","iawp_total_views":4},"product_brand":[],"product_cat":[80],"product_tag":[],"class_list":{"0":"post-56653","1":"product","2":"type-product","3":"status-publish","4":"has-post-thumbnail","6":"product_cat-pendentif-diamant","8":"first","9":"instock","10":"shipping-taxable","11":"purchasable","12":"product-type-variable"},"_links":{"self":[{"href":"https:\/\/www.tc26-bijoux.com\/index.php?rest_route=\/wp\/v2\/product\/56653","targetHints":{"allow":["GET"]}}],"collection":[{"href":"https:\/\/www.tc26-bijoux.com\/index.php?rest_route=\/wp\/v2\/product"}],"about":[{"href":"https:\/\/www.tc26-bijoux.com\/index.php?rest_route=\/wp\/v2\/types\/product"}],"wp:featuredmedia":[{"embeddable":true,"href":"https:\/\/www.tc26-bijoux.com\/index.php?rest_route=\/wp\/v2\/media\/11166"}],"wp:attachment":[{"href":"https:\/\/www.tc26-bijoux.com\/index.php?rest_route=%2Fwp%2Fv2%2Fmedia&parent=56653"}],"wp:term":[{"taxonomy":"product_brand","embeddable":true,"href":"https:\/\/www.tc26-bijoux.com\/index.php?rest_route=%2Fwp%2Fv2%2Fproduct_brand&post=56653"},{"taxonomy":"product_cat","embeddable":true,"href":"https:\/\/www.tc26-bijoux.com\/index.php?rest_route=%2Fwp%2Fv2%2Fproduct_cat&post=56653"},{"taxonomy":"product_tag","embeddable":true,"href":"https:\/\/www.tc26-bijoux.com\/index.php?rest_route=%2Fwp%2Fv2%2Fproduct_tag&post=56653"}],"curies":[{"name":"wp","href":"https:\/\/api.w.org\/{rel}","templated":true}]}}