{"id":56688,"date":"2025-03-12T12:14:07","date_gmt":"2025-03-12T11:14:07","guid":{"rendered":"https:\/\/www.tc26-bijoux.com\/?post_type=product&#038;p=56688"},"modified":"2025-03-21T14:12:04","modified_gmt":"2025-03-21T13:12:04","slug":"collier-or-18-carats-et-diamants-jade","status":"publish","type":"product","link":"https:\/\/www.tc26-bijoux.com\/?product=collier-or-18-carats-et-diamants-jade","title":{"rendered":"Collier Or 18 Carats et Diamants Jade"},"content":{"rendered":"<p>Le collier Jade en or 18 carats et diamants est un bijou d&rsquo;une \u00e9l\u00e9gance remarquable. Il met en valeur la beaut\u00e9 et l&rsquo;\u00e9clat des diamants, qui sont la nature des pierres de ce collier. Le poids total des diamants est de 1.05 carat, ce qui ajoute une brillance et une sophistication in\u00e9gal\u00e9es \u00e0 ce collier. Chaque diamant est soigneusement s\u00e9lectionn\u00e9 pour sa qualit\u00e9 et sa puret\u00e9, garantissant ainsi un \u00e9clat \u00e9blouissant. Le collier Jade est un choix parfait pour compl\u00e9ter votre tenue avec une touche de luxe et de glamour. Que ce soit pour une occasion sp\u00e9ciale ou pour tous les jours, ce collier saura captiver les regards et vous faire briller de mille feux.<\/p>\n","protected":false},"excerpt":{"rendered":"<p>Mati\u00e8re : Or\u00a018\u00a0\u00a0Carats<\/p>\n<p>Couleur m\u00e9tal : Blanc\u00a0<\/p>\n<p>Nature des Pierres : Diamants\u00a0<\/p>\n<p>Poid total des\u00a0diamants\u00a0: 0.41\u00a0Carats\u00a0<\/p>\n<p>Pierre Centre : 0.30\u00a0Cts\u00a0<\/p>\n<p>Largeur : 42 cm\u00a0<\/p>\n<p>Puret\u00e9 des\u00a0Diamants\u00a0: GVS\u00a0<\/p>\n<p>R\u00e9f\u00e9rence :<\/p>\n<p>COG030H<\/p>\n","protected":false},"featured_media":8746,"template":"","meta":{"_seopress_robots_primary_cat":"","_seopress_titles_title":"","_seopress_titles_desc":"","_seopress_robots_index":"","_seopress_analysis_target_kw":"","iawp_total_views":5},"product_brand":[],"product_cat":[80],"product_tag":[],"class_list":{"0":"post-56688","1":"product","2":"type-product","3":"status-publish","4":"has-post-thumbnail","6":"product_cat-pendentif-diamant","8":"first","9":"instock","10":"shipping-taxable","11":"purchasable","12":"product-type-variable"},"_links":{"self":[{"href":"https:\/\/www.tc26-bijoux.com\/index.php?rest_route=\/wp\/v2\/product\/56688","targetHints":{"allow":["GET"]}}],"collection":[{"href":"https:\/\/www.tc26-bijoux.com\/index.php?rest_route=\/wp\/v2\/product"}],"about":[{"href":"https:\/\/www.tc26-bijoux.com\/index.php?rest_route=\/wp\/v2\/types\/product"}],"wp:featuredmedia":[{"embeddable":true,"href":"https:\/\/www.tc26-bijoux.com\/index.php?rest_route=\/wp\/v2\/media\/8746"}],"wp:attachment":[{"href":"https:\/\/www.tc26-bijoux.com\/index.php?rest_route=%2Fwp%2Fv2%2Fmedia&parent=56688"}],"wp:term":[{"taxonomy":"product_brand","embeddable":true,"href":"https:\/\/www.tc26-bijoux.com\/index.php?rest_route=%2Fwp%2Fv2%2Fproduct_brand&post=56688"},{"taxonomy":"product_cat","embeddable":true,"href":"https:\/\/www.tc26-bijoux.com\/index.php?rest_route=%2Fwp%2Fv2%2Fproduct_cat&post=56688"},{"taxonomy":"product_tag","embeddable":true,"href":"https:\/\/www.tc26-bijoux.com\/index.php?rest_route=%2Fwp%2Fv2%2Fproduct_tag&post=56688"}],"curies":[{"name":"wp","href":"https:\/\/api.w.org\/{rel}","templated":true}]}}