{"id":56738,"date":"2025-03-12T12:14:26","date_gmt":"2025-03-12T11:14:26","guid":{"rendered":"https:\/\/www.tc26-bijoux.com\/?post_type=product&#038;p=56738"},"modified":"2025-03-21T14:12:07","modified_gmt":"2025-03-21T13:12:07","slug":"collier-or-18-carats-et-diamants-tammara","status":"publish","type":"product","link":"https:\/\/www.tc26-bijoux.com\/?product=collier-or-18-carats-et-diamants-tammara","title":{"rendered":"Collier Or 18 Carats et Diamants Tammara"},"content":{"rendered":"<p>Le collier Tammara en or 18 carats et diamants est d&rsquo;une \u00e9l\u00e9gance exceptionnelle. Les diamants, d&rsquo;un poids total de 0,65 carat, brillent avec une couleur G et une puret\u00e9 VS, garantissant leur beaut\u00e9 et leur qualit\u00e9. Le collier pr\u00e9sente une ravissante forme de goutte, avec des dimensions de 12&#215;20 mm, qui accentuent son allure sophistiqu\u00e9e. Le mariage parfait entre l&rsquo;or 18 carats et les diamants \u00e9tincelants conf\u00e8re \u00e0 ce collier une aura de luxe et de gr\u00e2ce. Portez le collier Tammara pour sublimer votre tenue et faire briller votre beaut\u00e9 avec \u00e9clat.<\/p>\n","protected":false},"excerpt":{"rendered":"<p>Mati\u00e8re : Or 18 carat\u00a0<\/p>\n<p>Couleur m\u00e9tal : Blanc<\/p>\n<p>Nature des Pierres : Diamants\u00a0<\/p>\n<p>Poid total des Diamants : 0.65 Carat<\/p>\n<p>Couleur\u00a0 des Diamants : G<\/p>\n<p>Puret\u00e9 des Diamants : VS<\/p>\n<p>Dimension : 12&#215;20\u00a0mm<\/p>\n<p>R\u00e9f\u00e9rence : DNP0639<\/p>\n","protected":false},"featured_media":8695,"template":"","meta":{"_seopress_robots_primary_cat":"","_seopress_titles_title":"","_seopress_titles_desc":"","_seopress_robots_index":"","_seopress_analysis_target_kw":"","iawp_total_views":0},"product_brand":[],"product_cat":[80],"product_tag":[],"class_list":{"0":"post-56738","1":"product","2":"type-product","3":"status-publish","4":"has-post-thumbnail","6":"product_cat-pendentif-diamant","8":"first","9":"instock","10":"shipping-taxable","11":"purchasable","12":"product-type-variable"},"_links":{"self":[{"href":"https:\/\/www.tc26-bijoux.com\/index.php?rest_route=\/wp\/v2\/product\/56738","targetHints":{"allow":["GET"]}}],"collection":[{"href":"https:\/\/www.tc26-bijoux.com\/index.php?rest_route=\/wp\/v2\/product"}],"about":[{"href":"https:\/\/www.tc26-bijoux.com\/index.php?rest_route=\/wp\/v2\/types\/product"}],"wp:featuredmedia":[{"embeddable":true,"href":"https:\/\/www.tc26-bijoux.com\/index.php?rest_route=\/wp\/v2\/media\/8695"}],"wp:attachment":[{"href":"https:\/\/www.tc26-bijoux.com\/index.php?rest_route=%2Fwp%2Fv2%2Fmedia&parent=56738"}],"wp:term":[{"taxonomy":"product_brand","embeddable":true,"href":"https:\/\/www.tc26-bijoux.com\/index.php?rest_route=%2Fwp%2Fv2%2Fproduct_brand&post=56738"},{"taxonomy":"product_cat","embeddable":true,"href":"https:\/\/www.tc26-bijoux.com\/index.php?rest_route=%2Fwp%2Fv2%2Fproduct_cat&post=56738"},{"taxonomy":"product_tag","embeddable":true,"href":"https:\/\/www.tc26-bijoux.com\/index.php?rest_route=%2Fwp%2Fv2%2Fproduct_tag&post=56738"}],"curies":[{"name":"wp","href":"https:\/\/api.w.org\/{rel}","templated":true}]}}