{"id":56774,"date":"2025-03-12T12:14:37","date_gmt":"2025-03-12T11:14:37","guid":{"rendered":"https:\/\/www.tc26-bijoux.com\/?post_type=product&#038;p=56774"},"modified":"2025-03-21T14:12:10","modified_gmt":"2025-03-21T13:12:10","slug":"collier-diamants-et-or-18-carats-lali-2","status":"publish","type":"product","link":"https:\/\/www.tc26-bijoux.com\/?product=collier-diamants-et-or-18-carats-lali-2","title":{"rendered":"Collier Diamants et Or 18 Carats Lali"},"content":{"rendered":"<p>Collier Diamants et Or 18 Carats Lali : Ce magnifique collier en or 18 carats est orn\u00e9 d&rsquo;un total de 0.60 carats de diamants \u00e9tincelants. Les diamants de couleur G et de puret\u00e9 VS ajoutent une touche de luxe \u00e0 cette pi\u00e8ce. Avec ses dimensions de 8.8&#215;19.5 mm, ce collier est \u00e0 la fois d\u00e9licat et audacieux, parfait pour mettre en valeur votre style. Disponible en blanc, jaune ou rose, le collier Lali est un choix \u00e9l\u00e9gant et intemporel pour compl\u00e9ter votre look avec sophistication.<\/p>\n","protected":false},"excerpt":{"rendered":"<p>Collier Diamants et Or 18 Carats Lali : Ce magnifique collier en or 18 carats est orn\u00e9 d&rsquo;un total de 0.60 carats de diamants \u00e9tincelants. Les<span class=\"excerpt-hellip\"> [\u2026]<\/span><\/p>\n","protected":false},"featured_media":1770,"template":"","meta":{"_seopress_robots_primary_cat":"","_seopress_titles_title":"","_seopress_titles_desc":"","_seopress_robots_index":"","_seopress_analysis_target_kw":"","iawp_total_views":0},"product_brand":[],"product_cat":[80],"product_tag":[],"class_list":{"0":"post-56774","1":"product","2":"type-product","3":"status-publish","4":"has-post-thumbnail","6":"product_cat-pendentif-diamant","8":"first","9":"instock","10":"shipping-taxable","11":"purchasable","12":"product-type-variable"},"_links":{"self":[{"href":"https:\/\/www.tc26-bijoux.com\/index.php?rest_route=\/wp\/v2\/product\/56774","targetHints":{"allow":["GET"]}}],"collection":[{"href":"https:\/\/www.tc26-bijoux.com\/index.php?rest_route=\/wp\/v2\/product"}],"about":[{"href":"https:\/\/www.tc26-bijoux.com\/index.php?rest_route=\/wp\/v2\/types\/product"}],"wp:featuredmedia":[{"embeddable":true,"href":"https:\/\/www.tc26-bijoux.com\/index.php?rest_route=\/wp\/v2\/media\/1770"}],"wp:attachment":[{"href":"https:\/\/www.tc26-bijoux.com\/index.php?rest_route=%2Fwp%2Fv2%2Fmedia&parent=56774"}],"wp:term":[{"taxonomy":"product_brand","embeddable":true,"href":"https:\/\/www.tc26-bijoux.com\/index.php?rest_route=%2Fwp%2Fv2%2Fproduct_brand&post=56774"},{"taxonomy":"product_cat","embeddable":true,"href":"https:\/\/www.tc26-bijoux.com\/index.php?rest_route=%2Fwp%2Fv2%2Fproduct_cat&post=56774"},{"taxonomy":"product_tag","embeddable":true,"href":"https:\/\/www.tc26-bijoux.com\/index.php?rest_route=%2Fwp%2Fv2%2Fproduct_tag&post=56774"}],"curies":[{"name":"wp","href":"https:\/\/api.w.org\/{rel}","templated":true}]}}