{"id":56838,"date":"2025-03-12T12:15:00","date_gmt":"2025-03-12T11:15:00","guid":{"rendered":"https:\/\/www.tc26-bijoux.com\/?post_type=product&#038;p=56838"},"modified":"2025-03-21T14:12:13","modified_gmt":"2025-03-21T13:12:13","slug":"collier-or-18-carats-et-diamants-oprah","status":"publish","type":"product","link":"https:\/\/www.tc26-bijoux.com\/?product=collier-or-18-carats-et-diamants-oprah","title":{"rendered":"Collier Or 18 Carats et Diamants Oprah"},"content":{"rendered":"<p>Le collier Oprah est un bijou en or 18 carats serti de diamants. Les diamants ont un poids total de 0.60 carats et sont de couleur G avec une puret\u00e9 VS. Le collier pr\u00e9sente des dimensions de 9.2 mm de largeur et 21.5 mm de hauteur, ce qui en fait un accessoire \u00e9l\u00e9gant et sophistiqu\u00e9. Que vous choisissiez le collier en version blanc, jaune ou rose, il ajoutera une touche d&rsquo;\u00e9clat et de glamour \u00e0 votre tenue. Le design intemporel et la qualit\u00e9 des diamants font du collier Oprah un choix parfait pour les occasions sp\u00e9ciales ou pour rehausser votre style quotidien avec une touche de luxe.<\/p>\n","protected":false},"excerpt":{"rendered":"<p>Mati\u00e8re : Or 18 carat\u00a0<\/p>\n<p>Couleur m\u00e9tal : Blanc\u00a0\/ Jaune\/ Rose<\/p>\n<p>Nature des Pierres : Diamants\u00a0<\/p>\n<p>Poid total des diamants : 0.60\u00a0Carats\u00a0<\/p>\n<p>Couleur\u00a0 des Diamants : G<\/p>\n<p>Puret\u00e9 des Diamants : VS<\/p>\n<p>Dimension : 9.2&#215;21.5 mm<\/p>\n<p>R\u00e9f\u00e9rence : BJP114<\/p>\n","protected":false},"featured_media":1816,"template":"","meta":{"_seopress_robots_primary_cat":"","_seopress_titles_title":"","_seopress_titles_desc":"","_seopress_robots_index":"","_seopress_analysis_target_kw":"","iawp_total_views":0},"product_brand":[],"product_cat":[80],"product_tag":[],"class_list":{"0":"post-56838","1":"product","2":"type-product","3":"status-publish","4":"has-post-thumbnail","6":"product_cat-pendentif-diamant","8":"first","9":"instock","10":"shipping-taxable","11":"purchasable","12":"product-type-variable"},"_links":{"self":[{"href":"https:\/\/www.tc26-bijoux.com\/index.php?rest_route=\/wp\/v2\/product\/56838","targetHints":{"allow":["GET"]}}],"collection":[{"href":"https:\/\/www.tc26-bijoux.com\/index.php?rest_route=\/wp\/v2\/product"}],"about":[{"href":"https:\/\/www.tc26-bijoux.com\/index.php?rest_route=\/wp\/v2\/types\/product"}],"wp:featuredmedia":[{"embeddable":true,"href":"https:\/\/www.tc26-bijoux.com\/index.php?rest_route=\/wp\/v2\/media\/1816"}],"wp:attachment":[{"href":"https:\/\/www.tc26-bijoux.com\/index.php?rest_route=%2Fwp%2Fv2%2Fmedia&parent=56838"}],"wp:term":[{"taxonomy":"product_brand","embeddable":true,"href":"https:\/\/www.tc26-bijoux.com\/index.php?rest_route=%2Fwp%2Fv2%2Fproduct_brand&post=56838"},{"taxonomy":"product_cat","embeddable":true,"href":"https:\/\/www.tc26-bijoux.com\/index.php?rest_route=%2Fwp%2Fv2%2Fproduct_cat&post=56838"},{"taxonomy":"product_tag","embeddable":true,"href":"https:\/\/www.tc26-bijoux.com\/index.php?rest_route=%2Fwp%2Fv2%2Fproduct_tag&post=56838"}],"curies":[{"name":"wp","href":"https:\/\/api.w.org\/{rel}","templated":true}]}}