{"id":56848,"date":"2025-03-12T12:15:02","date_gmt":"2025-03-12T11:15:02","guid":{"rendered":"https:\/\/www.tc26-bijoux.com\/?post_type=product&#038;p=56848"},"modified":"2025-03-21T14:12:13","modified_gmt":"2025-03-21T13:12:13","slug":"collier-or-18-carats-et-diamants-gaedig","status":"publish","type":"product","link":"https:\/\/www.tc26-bijoux.com\/?product=collier-or-18-carats-et-diamants-gaedig","title":{"rendered":"Collier Or 18 Carats et Diamants Gaedig"},"content":{"rendered":"<p>Collier Or 18 Carats et Diamants Gaedig : Un collier raffin\u00e9 et \u00e9l\u00e9gant, mettant en valeur un total de 0.50 carats de diamants. Les diamants, de couleur G et de puret\u00e9 VS, offrent un \u00e9clat \u00e9tincelant. Avec ses dimensions de 10&#215;17 mm, ce bijou apporte une touche de luxe discret et intemporel \u00e0 votre style. Un choix parfait pour les amateurs de sophistication et de d\u00e9licatesse.<\/p>\n","protected":false},"excerpt":{"rendered":"<p>Mati\u00e8re : Or\u00a018 carat\u00a0<\/p>\n<p>Couleur m\u00e9tal : Blanc<\/p>\n<p>Nature des Pierres : Diamants\u00a0<\/p>\n<p>Poid total des Diamants : 0.50\u00a0Carats\u00a0<\/p>\n<p>Couleur\u00a0 des Diamants : G<\/p>\n<p>Puret\u00e9 des Diamants : VS<\/p>\n<p>Dimension : 10&#215;17\u00a0mm<\/p>\n<p>R\u00e9f\u00e9rence : XYP2245<\/p>\n","protected":false},"featured_media":1916,"template":"","meta":{"_seopress_robots_primary_cat":"","_seopress_titles_title":"","_seopress_titles_desc":"","_seopress_robots_index":"","_seopress_analysis_target_kw":"","iawp_total_views":0},"product_brand":[],"product_cat":[80],"product_tag":[],"class_list":{"0":"post-56848","1":"product","2":"type-product","3":"status-publish","4":"has-post-thumbnail","6":"product_cat-pendentif-diamant","8":"first","9":"instock","10":"shipping-taxable","11":"purchasable","12":"product-type-variable"},"_links":{"self":[{"href":"https:\/\/www.tc26-bijoux.com\/index.php?rest_route=\/wp\/v2\/product\/56848","targetHints":{"allow":["GET"]}}],"collection":[{"href":"https:\/\/www.tc26-bijoux.com\/index.php?rest_route=\/wp\/v2\/product"}],"about":[{"href":"https:\/\/www.tc26-bijoux.com\/index.php?rest_route=\/wp\/v2\/types\/product"}],"wp:featuredmedia":[{"embeddable":true,"href":"https:\/\/www.tc26-bijoux.com\/index.php?rest_route=\/wp\/v2\/media\/1916"}],"wp:attachment":[{"href":"https:\/\/www.tc26-bijoux.com\/index.php?rest_route=%2Fwp%2Fv2%2Fmedia&parent=56848"}],"wp:term":[{"taxonomy":"product_brand","embeddable":true,"href":"https:\/\/www.tc26-bijoux.com\/index.php?rest_route=%2Fwp%2Fv2%2Fproduct_brand&post=56848"},{"taxonomy":"product_cat","embeddable":true,"href":"https:\/\/www.tc26-bijoux.com\/index.php?rest_route=%2Fwp%2Fv2%2Fproduct_cat&post=56848"},{"taxonomy":"product_tag","embeddable":true,"href":"https:\/\/www.tc26-bijoux.com\/index.php?rest_route=%2Fwp%2Fv2%2Fproduct_tag&post=56848"}],"curies":[{"name":"wp","href":"https:\/\/api.w.org\/{rel}","templated":true}]}}