{"id":56930,"date":"2025-03-12T12:15:26","date_gmt":"2025-03-12T11:15:26","guid":{"rendered":"https:\/\/www.tc26-bijoux.com\/?post_type=product&#038;p=56930"},"modified":"2025-03-21T14:12:19","modified_gmt":"2025-03-21T13:12:19","slug":"collier-diamants-et-or-18-carats-nova-2","status":"publish","type":"product","link":"https:\/\/www.tc26-bijoux.com\/?product=collier-diamants-et-or-18-carats-nova-2","title":{"rendered":"Collier Diamants et Or 18 Carats Nova"},"content":{"rendered":"<p>Le collier Nova est un bijou raffin\u00e9 en or 18 carats orn\u00e9 de diamants. Les diamants ont un poids total de 0.25 carats et sont de couleur G avec une puret\u00e9 VS. Le collier pr\u00e9sente des dimensions de 6 mm de largeur et 12 mm de hauteur, ce qui en fait un accessoire d\u00e9licat et \u00e9l\u00e9gant. Avec sa beaut\u00e9 intemporelle, le collier Nova ajoute une touche de sophistication et de brillance \u00e0 votre style.<\/p>\n","protected":false},"excerpt":{"rendered":"<p>Le collier Nova est un bijou raffin\u00e9 en or 18 carats orn\u00e9 de diamants. Les diamants ont un poids total de 0.25 carats et sont de<span class=\"excerpt-hellip\"> [\u2026]<\/span><\/p>\n","protected":false},"featured_media":1945,"template":"","meta":{"_seopress_robots_primary_cat":"","_seopress_titles_title":"","_seopress_titles_desc":"","_seopress_robots_index":"","_seopress_analysis_target_kw":"","iawp_total_views":1},"product_brand":[],"product_cat":[80],"product_tag":[],"class_list":{"0":"post-56930","1":"product","2":"type-product","3":"status-publish","4":"has-post-thumbnail","6":"product_cat-pendentif-diamant","8":"first","9":"instock","10":"shipping-taxable","11":"purchasable","12":"product-type-variable"},"_links":{"self":[{"href":"https:\/\/www.tc26-bijoux.com\/index.php?rest_route=\/wp\/v2\/product\/56930","targetHints":{"allow":["GET"]}}],"collection":[{"href":"https:\/\/www.tc26-bijoux.com\/index.php?rest_route=\/wp\/v2\/product"}],"about":[{"href":"https:\/\/www.tc26-bijoux.com\/index.php?rest_route=\/wp\/v2\/types\/product"}],"wp:featuredmedia":[{"embeddable":true,"href":"https:\/\/www.tc26-bijoux.com\/index.php?rest_route=\/wp\/v2\/media\/1945"}],"wp:attachment":[{"href":"https:\/\/www.tc26-bijoux.com\/index.php?rest_route=%2Fwp%2Fv2%2Fmedia&parent=56930"}],"wp:term":[{"taxonomy":"product_brand","embeddable":true,"href":"https:\/\/www.tc26-bijoux.com\/index.php?rest_route=%2Fwp%2Fv2%2Fproduct_brand&post=56930"},{"taxonomy":"product_cat","embeddable":true,"href":"https:\/\/www.tc26-bijoux.com\/index.php?rest_route=%2Fwp%2Fv2%2Fproduct_cat&post=56930"},{"taxonomy":"product_tag","embeddable":true,"href":"https:\/\/www.tc26-bijoux.com\/index.php?rest_route=%2Fwp%2Fv2%2Fproduct_tag&post=56930"}],"curies":[{"name":"wp","href":"https:\/\/api.w.org\/{rel}","templated":true}]}}