{"id":56951,"date":"2025-03-12T12:15:34","date_gmt":"2025-03-12T11:15:34","guid":{"rendered":"https:\/\/www.tc26-bijoux.com\/?post_type=product&#038;p=56951"},"modified":"2025-03-21T14:12:21","modified_gmt":"2025-03-21T13:12:21","slug":"hamsa-or-rosediamant","status":"publish","type":"product","link":"https:\/\/www.tc26-bijoux.com\/?product=hamsa-or-rosediamant","title":{"rendered":"Hamsa or rose,diamant"},"content":{"rendered":"<p>Collier Or 18 Carats et Diamants Hamsa : Un collier exquis mettant en valeur un diamant central de 0.03 carats, entour\u00e9 d&rsquo;un total de 0.33 carats de diamants scintillants. Les diamants de couleur G et de puret\u00e9 VS ajoutent une lueur \u00e9clatante \u00e0 ce bijou. Avec ses dimensions de 11.2&#215;20.5 mm, ce collier Hamsa incarne \u00e0 la fois la beaut\u00e9 et la symbolique de cette main protectrice. Disponible en blanc, rose ou jaune, ce collier est un v\u00e9ritable symbole de chance et de protection, alliant \u00e9l\u00e9gance et spiritualit\u00e9.<\/p>\n","protected":false},"excerpt":{"rendered":"<p>Mati\u00e8re : Or 18 carat\u00a0<\/p>\n<p>Couleur m\u00e9tal : Blanc\u00a0\/ Rose \/ Jaune<\/p>\n<p>Nature des Pierres : Diamants\u00a0<\/p>\n<p>Poid total des diamants\u00a0\u00a0\u00a0: 0.33\u00a0Carats<\/p>\n<p>Poid du diamant central : 0.03 Carats<\/p>\n<p>Couleur\u00a0 des Diamants : G<\/p>\n<p>Puret\u00e9 des Diamants : VS<\/p>\n<p>Dimension : 11.2&#215;20.5\u00a0 mm<\/p>\n<p>R\u00e9f\u00e9rence : BJP0134<\/p>\n","protected":false},"featured_media":1814,"template":"","meta":{"_seopress_robots_primary_cat":"","_seopress_titles_title":"","_seopress_titles_desc":"","_seopress_robots_index":"","_seopress_analysis_target_kw":"","iawp_total_views":3},"product_brand":[],"product_cat":[80],"product_tag":[],"class_list":{"0":"post-56951","1":"product","2":"type-product","3":"status-publish","4":"has-post-thumbnail","6":"product_cat-pendentif-diamant","8":"first","9":"instock","10":"shipping-taxable","11":"purchasable","12":"product-type-variable"},"_links":{"self":[{"href":"https:\/\/www.tc26-bijoux.com\/index.php?rest_route=\/wp\/v2\/product\/56951","targetHints":{"allow":["GET"]}}],"collection":[{"href":"https:\/\/www.tc26-bijoux.com\/index.php?rest_route=\/wp\/v2\/product"}],"about":[{"href":"https:\/\/www.tc26-bijoux.com\/index.php?rest_route=\/wp\/v2\/types\/product"}],"wp:featuredmedia":[{"embeddable":true,"href":"https:\/\/www.tc26-bijoux.com\/index.php?rest_route=\/wp\/v2\/media\/1814"}],"wp:attachment":[{"href":"https:\/\/www.tc26-bijoux.com\/index.php?rest_route=%2Fwp%2Fv2%2Fmedia&parent=56951"}],"wp:term":[{"taxonomy":"product_brand","embeddable":true,"href":"https:\/\/www.tc26-bijoux.com\/index.php?rest_route=%2Fwp%2Fv2%2Fproduct_brand&post=56951"},{"taxonomy":"product_cat","embeddable":true,"href":"https:\/\/www.tc26-bijoux.com\/index.php?rest_route=%2Fwp%2Fv2%2Fproduct_cat&post=56951"},{"taxonomy":"product_tag","embeddable":true,"href":"https:\/\/www.tc26-bijoux.com\/index.php?rest_route=%2Fwp%2Fv2%2Fproduct_tag&post=56951"}],"curies":[{"name":"wp","href":"https:\/\/api.w.org\/{rel}","templated":true}]}}