{"id":57013,"date":"2025-03-12T12:15:51","date_gmt":"2025-03-12T11:15:51","guid":{"rendered":"https:\/\/www.tc26-bijoux.com\/?post_type=product&#038;p=57013"},"modified":"2025-03-21T14:12:24","modified_gmt":"2025-03-21T13:12:24","slug":"collier-diamants-et-or-18-carats-lucye-2","status":"publish","type":"product","link":"https:\/\/www.tc26-bijoux.com\/?product=collier-diamants-et-or-18-carats-lucye-2","title":{"rendered":"Collier Diamants et Or 18 Carats Lucye"},"content":{"rendered":"<p>Collier Diamants et Or 18 Carats Lucye : Ce ravissant collier en or 18 carats met en valeur un poids total de 0.50 carats de diamants \u00e9tincelants. Les diamants de couleur G et de puret\u00e9 VS illuminent ce bijou avec leur \u00e9clat exceptionnel. Avec ses dimensions de 6.4&#215;24.3 mm, ce collier offre une combinaison parfaite de finesse et de sophistication. Le collier Lucye est un choix \u00e9l\u00e9gant qui ajoute une touche de glamour \u00e0 n&rsquo;importe quelle tenue, faisant de vous le centre d&rsquo;attention \u00e0 chaque occasion.<\/p>\n","protected":false},"excerpt":{"rendered":"<p>Collier Diamants et Or 18 Carats Lucye : Ce ravissant collier en or 18 carats met en valeur un poids total de 0.50 carats de diamants<span class=\"excerpt-hellip\"> [\u2026]<\/span><\/p>\n","protected":false},"featured_media":1890,"template":"","meta":{"_seopress_robots_primary_cat":"","_seopress_titles_title":"","_seopress_titles_desc":"","_seopress_robots_index":"","_seopress_analysis_target_kw":"","iawp_total_views":0},"product_brand":[],"product_cat":[80],"product_tag":[],"class_list":{"0":"post-57013","1":"product","2":"type-product","3":"status-publish","4":"has-post-thumbnail","6":"product_cat-pendentif-diamant","8":"first","9":"instock","10":"shipping-taxable","11":"purchasable","12":"product-type-variable"},"_links":{"self":[{"href":"https:\/\/www.tc26-bijoux.com\/index.php?rest_route=\/wp\/v2\/product\/57013","targetHints":{"allow":["GET"]}}],"collection":[{"href":"https:\/\/www.tc26-bijoux.com\/index.php?rest_route=\/wp\/v2\/product"}],"about":[{"href":"https:\/\/www.tc26-bijoux.com\/index.php?rest_route=\/wp\/v2\/types\/product"}],"wp:featuredmedia":[{"embeddable":true,"href":"https:\/\/www.tc26-bijoux.com\/index.php?rest_route=\/wp\/v2\/media\/1890"}],"wp:attachment":[{"href":"https:\/\/www.tc26-bijoux.com\/index.php?rest_route=%2Fwp%2Fv2%2Fmedia&parent=57013"}],"wp:term":[{"taxonomy":"product_brand","embeddable":true,"href":"https:\/\/www.tc26-bijoux.com\/index.php?rest_route=%2Fwp%2Fv2%2Fproduct_brand&post=57013"},{"taxonomy":"product_cat","embeddable":true,"href":"https:\/\/www.tc26-bijoux.com\/index.php?rest_route=%2Fwp%2Fv2%2Fproduct_cat&post=57013"},{"taxonomy":"product_tag","embeddable":true,"href":"https:\/\/www.tc26-bijoux.com\/index.php?rest_route=%2Fwp%2Fv2%2Fproduct_tag&post=57013"}],"curies":[{"name":"wp","href":"https:\/\/api.w.org\/{rel}","templated":true}]}}