{"id":57023,"date":"2025-03-12T12:15:57","date_gmt":"2025-03-12T11:15:57","guid":{"rendered":"https:\/\/www.tc26-bijoux.com\/?post_type=product&#038;p=57023"},"modified":"2025-03-21T14:12:24","modified_gmt":"2025-03-21T13:12:24","slug":"collier-diamants-et-or-18-carats-lailla-2","status":"publish","type":"product","link":"https:\/\/www.tc26-bijoux.com\/?product=collier-diamants-et-or-18-carats-lailla-2","title":{"rendered":"Collier Diamants et Or 18 Carats Lailla"},"content":{"rendered":"<p>Collier Diamants et Or 18 Carats Lailla : Ce ravissant collier en or 18 carats est orn\u00e9 d&rsquo;un total de 0.25 carats de diamants scintillants. Les diamants de couleur G et de puret\u00e9 VS ajoutent une brillance \u00e9l\u00e9gante \u00e0 cette pi\u00e8ce. Avec ses dimensions de 6.8&#215;10 mm, ce collier est d\u00e9licat et polyvalent, parfait pour compl\u00e9ter votre tenue avec une touche de glamour. Que ce soit en blanc, jaune ou rose, le collier Lailla incarne le luxe et l&rsquo;\u00e9l\u00e9gance intemporelle.<\/p>\n","protected":false},"excerpt":{"rendered":"<p>Collier Diamants et Or 18 Carats Lailla : Ce ravissant collier en or 18 carats est orn\u00e9 d&rsquo;un total de 0.25 carats de diamants scintillants. Les<span class=\"excerpt-hellip\"> [\u2026]<\/span><\/p>\n","protected":false},"featured_media":1755,"template":"","meta":{"_seopress_robots_primary_cat":"","_seopress_titles_title":"","_seopress_titles_desc":"","_seopress_robots_index":"","_seopress_analysis_target_kw":"","iawp_total_views":3},"product_brand":[],"product_cat":[80],"product_tag":[],"class_list":{"0":"post-57023","1":"product","2":"type-product","3":"status-publish","4":"has-post-thumbnail","6":"product_cat-pendentif-diamant","8":"first","9":"instock","10":"shipping-taxable","11":"purchasable","12":"product-type-variable"},"_links":{"self":[{"href":"https:\/\/www.tc26-bijoux.com\/index.php?rest_route=\/wp\/v2\/product\/57023","targetHints":{"allow":["GET"]}}],"collection":[{"href":"https:\/\/www.tc26-bijoux.com\/index.php?rest_route=\/wp\/v2\/product"}],"about":[{"href":"https:\/\/www.tc26-bijoux.com\/index.php?rest_route=\/wp\/v2\/types\/product"}],"wp:featuredmedia":[{"embeddable":true,"href":"https:\/\/www.tc26-bijoux.com\/index.php?rest_route=\/wp\/v2\/media\/1755"}],"wp:attachment":[{"href":"https:\/\/www.tc26-bijoux.com\/index.php?rest_route=%2Fwp%2Fv2%2Fmedia&parent=57023"}],"wp:term":[{"taxonomy":"product_brand","embeddable":true,"href":"https:\/\/www.tc26-bijoux.com\/index.php?rest_route=%2Fwp%2Fv2%2Fproduct_brand&post=57023"},{"taxonomy":"product_cat","embeddable":true,"href":"https:\/\/www.tc26-bijoux.com\/index.php?rest_route=%2Fwp%2Fv2%2Fproduct_cat&post=57023"},{"taxonomy":"product_tag","embeddable":true,"href":"https:\/\/www.tc26-bijoux.com\/index.php?rest_route=%2Fwp%2Fv2%2Fproduct_tag&post=57023"}],"curies":[{"name":"wp","href":"https:\/\/api.w.org\/{rel}","templated":true}]}}