{"id":57043,"date":"2025-03-12T12:16:01","date_gmt":"2025-03-12T11:16:01","guid":{"rendered":"https:\/\/www.tc26-bijoux.com\/?post_type=product&#038;p=57043"},"modified":"2025-03-21T14:12:27","modified_gmt":"2025-03-21T13:12:27","slug":"collier-diamants-et-or-18-carats-lygie-2","status":"publish","type":"product","link":"https:\/\/www.tc26-bijoux.com\/?product=collier-diamants-et-or-18-carats-lygie-2","title":{"rendered":"Collier Diamants et Or 18 Carats Lygie"},"content":{"rendered":"<p>Collier Diamants et Or 18 Carats Lygie : Ce collier en or 18 carats est orn\u00e9 de diamants d&rsquo;un poids total de 0.30 carats. Les diamants de couleur G et de puret\u00e9 VS apportent une luminosit\u00e9 \u00e9clatante \u00e0 ce bijou. Avec ses dimensions de 6&#215;13 mm, ce collier pr\u00e9sente un design d\u00e9licat et \u00e9l\u00e9gant, id\u00e9al pour compl\u00e9ter n&rsquo;importe quelle tenue avec une touche de sophistication. Le collier Lygie est un choix intemporel pour exprimer votre style et votre \u00e9l\u00e9gance.<\/p>\n","protected":false},"excerpt":{"rendered":"<p>Collier Diamants et Or 18 Carats Lygie : Ce collier en or 18 carats est orn\u00e9 de diamants d&rsquo;un poids total de 0.30 carats. Les diamants<span class=\"excerpt-hellip\"> [\u2026]<\/span><\/p>\n","protected":false},"featured_media":1917,"template":"","meta":{"_seopress_robots_primary_cat":"","_seopress_titles_title":"","_seopress_titles_desc":"","_seopress_robots_index":"","_seopress_analysis_target_kw":"","iawp_total_views":0},"product_brand":[],"product_cat":[80],"product_tag":[],"class_list":{"0":"post-57043","1":"product","2":"type-product","3":"status-publish","4":"has-post-thumbnail","6":"product_cat-pendentif-diamant","8":"first","9":"instock","10":"shipping-taxable","11":"purchasable","12":"product-type-variable"},"_links":{"self":[{"href":"https:\/\/www.tc26-bijoux.com\/index.php?rest_route=\/wp\/v2\/product\/57043","targetHints":{"allow":["GET"]}}],"collection":[{"href":"https:\/\/www.tc26-bijoux.com\/index.php?rest_route=\/wp\/v2\/product"}],"about":[{"href":"https:\/\/www.tc26-bijoux.com\/index.php?rest_route=\/wp\/v2\/types\/product"}],"wp:featuredmedia":[{"embeddable":true,"href":"https:\/\/www.tc26-bijoux.com\/index.php?rest_route=\/wp\/v2\/media\/1917"}],"wp:attachment":[{"href":"https:\/\/www.tc26-bijoux.com\/index.php?rest_route=%2Fwp%2Fv2%2Fmedia&parent=57043"}],"wp:term":[{"taxonomy":"product_brand","embeddable":true,"href":"https:\/\/www.tc26-bijoux.com\/index.php?rest_route=%2Fwp%2Fv2%2Fproduct_brand&post=57043"},{"taxonomy":"product_cat","embeddable":true,"href":"https:\/\/www.tc26-bijoux.com\/index.php?rest_route=%2Fwp%2Fv2%2Fproduct_cat&post=57043"},{"taxonomy":"product_tag","embeddable":true,"href":"https:\/\/www.tc26-bijoux.com\/index.php?rest_route=%2Fwp%2Fv2%2Fproduct_tag&post=57043"}],"curies":[{"name":"wp","href":"https:\/\/api.w.org\/{rel}","templated":true}]}}