{"id":57073,"date":"2025-03-12T12:16:11","date_gmt":"2025-03-12T11:16:11","guid":{"rendered":"https:\/\/www.tc26-bijoux.com\/?post_type=product&#038;p=57073"},"modified":"2025-03-21T14:12:27","modified_gmt":"2025-03-21T13:12:27","slug":"collier-diamants-et-or-18-carats-marny","status":"publish","type":"product","link":"https:\/\/www.tc26-bijoux.com\/?product=collier-diamants-et-or-18-carats-marny","title":{"rendered":"Collier Diamants et Or 18 Carats Marny"},"content":{"rendered":"<p>Collier Diamants et Or 18 Carats Marny : Ce superbe collier est r\u00e9alis\u00e9 en or 18 carats et est orn\u00e9 de diamants d&rsquo;un poids total de 0.55 carat. Les diamants, d&rsquo;une couleur G et d&rsquo;une puret\u00e9 VS, apportent une brillance exceptionnelle \u00e0 ce bijou. Avec ses dimensions de 13&#215;19 mm, le collier Marny est \u00e0 la fois \u00e9l\u00e9gant et moderne. Que ce soit pour une occasion sp\u00e9ciale ou pour ajouter une touche de sophistication \u00e0 votre tenue quotidienne, ce collier saura captiver les regards avec son design raffin\u00e9 et ses diamants \u00e9tincelants.<\/p>\n","protected":false},"excerpt":{"rendered":"<p>Mati\u00e8re : Or\u00a018 carat\u00a0<\/p>\n<p>Couleur m\u00e9tal : Blanc<\/p>\n<p>Nature des Pierres : Diamants\u00a0<\/p>\n<p>Poid total des Diamants : 0.55\u00a0Carat<\/p>\n<p>Couleur\u00a0 des Diamants : G<\/p>\n<p>Puret\u00e9 des Diamants : VS<\/p>\n<p>Dimension : 13&#215;19\u00a0mm<\/p>\n<p>R\u00e9f\u00e9rence : DNP0650<\/p>\n","protected":false},"featured_media":2052,"template":"","meta":{"_seopress_robots_primary_cat":"","_seopress_titles_title":"","_seopress_titles_desc":"","_seopress_robots_index":"","_seopress_analysis_target_kw":"","iawp_total_views":5},"product_brand":[],"product_cat":[80],"product_tag":[],"class_list":{"0":"post-57073","1":"product","2":"type-product","3":"status-publish","4":"has-post-thumbnail","6":"product_cat-pendentif-diamant","8":"first","9":"instock","10":"shipping-taxable","11":"purchasable","12":"product-type-variable"},"_links":{"self":[{"href":"https:\/\/www.tc26-bijoux.com\/index.php?rest_route=\/wp\/v2\/product\/57073","targetHints":{"allow":["GET"]}}],"collection":[{"href":"https:\/\/www.tc26-bijoux.com\/index.php?rest_route=\/wp\/v2\/product"}],"about":[{"href":"https:\/\/www.tc26-bijoux.com\/index.php?rest_route=\/wp\/v2\/types\/product"}],"wp:featuredmedia":[{"embeddable":true,"href":"https:\/\/www.tc26-bijoux.com\/index.php?rest_route=\/wp\/v2\/media\/2052"}],"wp:attachment":[{"href":"https:\/\/www.tc26-bijoux.com\/index.php?rest_route=%2Fwp%2Fv2%2Fmedia&parent=57073"}],"wp:term":[{"taxonomy":"product_brand","embeddable":true,"href":"https:\/\/www.tc26-bijoux.com\/index.php?rest_route=%2Fwp%2Fv2%2Fproduct_brand&post=57073"},{"taxonomy":"product_cat","embeddable":true,"href":"https:\/\/www.tc26-bijoux.com\/index.php?rest_route=%2Fwp%2Fv2%2Fproduct_cat&post=57073"},{"taxonomy":"product_tag","embeddable":true,"href":"https:\/\/www.tc26-bijoux.com\/index.php?rest_route=%2Fwp%2Fv2%2Fproduct_tag&post=57073"}],"curies":[{"name":"wp","href":"https:\/\/api.w.org\/{rel}","templated":true}]}}