{"id":57083,"date":"2025-03-12T12:16:13","date_gmt":"2025-03-12T11:16:13","guid":{"rendered":"https:\/\/www.tc26-bijoux.com\/?post_type=product&#038;p=57083"},"modified":"2025-03-21T14:12:27","modified_gmt":"2025-03-21T13:12:27","slug":"collier-diamants-et-or-18-carats-floranne","status":"publish","type":"product","link":"https:\/\/www.tc26-bijoux.com\/?product=collier-diamants-et-or-18-carats-floranne","title":{"rendered":"Collier Diamants et Or 18 Carats Floranne"},"content":{"rendered":"<p>Collier Diamants et Or 18 Carats Floranne : un choix \u00e9l\u00e9gant disponible en Blanc, Rose et Jaune. Les diamants d&rsquo;un caratage total de 0.60 carats ajoutent une brillance subtile \u00e0 ce collier. Avec des dimensions de 9.9&#215;17.8 mm, il offre une touche d\u00e9licate de sophistication \u00e0 votre style.<\/p>\n","protected":false},"excerpt":{"rendered":"<p>Mati\u00e8re : Or 18 carat\u00a0<\/p>\n<p>Couleur m\u00e9tal : Blanc\u00a0\/ \u00a0Rose \/ Jaune<\/p>\n<p>Nature des Pierres : Diamants\u00a0<\/p>\n<p>Caratage total des\u00a0Diamants\u00a0\u00a0: 0.60\u00a0Carats<\/p>\n<p>Couleur\u00a0 des Diamants : G<\/p>\n<p>Puret\u00e9 des Diamants : VS<\/p>\n<p>Dimension : 9.9&#215;17.8\u00a0mm<\/p>\n<p>R\u00e9f\u00e9rence : DNP210<\/p>\n","protected":false},"featured_media":1836,"template":"","meta":{"_seopress_robots_primary_cat":"","_seopress_titles_title":"","_seopress_titles_desc":"","_seopress_robots_index":"","_seopress_analysis_target_kw":"","iawp_total_views":0},"product_brand":[],"product_cat":[80],"product_tag":[],"class_list":{"0":"post-57083","1":"product","2":"type-product","3":"status-publish","4":"has-post-thumbnail","6":"product_cat-pendentif-diamant","8":"first","9":"instock","10":"shipping-taxable","11":"purchasable","12":"product-type-variable"},"_links":{"self":[{"href":"https:\/\/www.tc26-bijoux.com\/index.php?rest_route=\/wp\/v2\/product\/57083","targetHints":{"allow":["GET"]}}],"collection":[{"href":"https:\/\/www.tc26-bijoux.com\/index.php?rest_route=\/wp\/v2\/product"}],"about":[{"href":"https:\/\/www.tc26-bijoux.com\/index.php?rest_route=\/wp\/v2\/types\/product"}],"wp:featuredmedia":[{"embeddable":true,"href":"https:\/\/www.tc26-bijoux.com\/index.php?rest_route=\/wp\/v2\/media\/1836"}],"wp:attachment":[{"href":"https:\/\/www.tc26-bijoux.com\/index.php?rest_route=%2Fwp%2Fv2%2Fmedia&parent=57083"}],"wp:term":[{"taxonomy":"product_brand","embeddable":true,"href":"https:\/\/www.tc26-bijoux.com\/index.php?rest_route=%2Fwp%2Fv2%2Fproduct_brand&post=57083"},{"taxonomy":"product_cat","embeddable":true,"href":"https:\/\/www.tc26-bijoux.com\/index.php?rest_route=%2Fwp%2Fv2%2Fproduct_cat&post=57083"},{"taxonomy":"product_tag","embeddable":true,"href":"https:\/\/www.tc26-bijoux.com\/index.php?rest_route=%2Fwp%2Fv2%2Fproduct_tag&post=57083"}],"curies":[{"name":"wp","href":"https:\/\/api.w.org\/{rel}","templated":true}]}}