{"id":57088,"date":"2025-03-12T12:16:14","date_gmt":"2025-03-12T11:16:14","guid":{"rendered":"https:\/\/www.tc26-bijoux.com\/?post_type=product&#038;p=57088"},"modified":"2025-03-21T14:12:27","modified_gmt":"2025-03-21T13:12:27","slug":"collier-diamants-et-or-18-carats-jelissa-2","status":"publish","type":"product","link":"https:\/\/www.tc26-bijoux.com\/?product=collier-diamants-et-or-18-carats-jelissa-2","title":{"rendered":"Collier Diamants et Or 18 Carats Jelissa"},"content":{"rendered":"<p>Collier Diamants et Or 18 Carats Jelissa : Un d\u00e9licat collier orn\u00e9 de 0.25 carat de diamants scintillants. Les diamants de couleur G et de puret\u00e9 VS ajoutent une touche d&rsquo;\u00e9clat \u00e0 ce bijou \u00e9l\u00e9gant. Avec ses dimensions de 5&#215;12 mm, ce collier Jelissa est fin et raffin\u00e9, parfait pour ajouter une touche de glamour \u00e0 votre tenue. Fabriqu\u00e9 en or 18 carats, ce collier incarne l&rsquo;\u00e9l\u00e9gance et la sophistication intemporelles. Un choix parfait pour les occasions sp\u00e9ciales ou pour offrir en cadeau \u00e0 quelqu&rsquo;un de sp\u00e9cial.<\/p>\n","protected":false},"excerpt":{"rendered":"<p>Collier Diamants et Or 18 Carats Jelissa : Un d\u00e9licat collier orn\u00e9 de 0.25 carat de diamants scintillants. Les diamants de couleur G et de puret\u00e9<span class=\"excerpt-hellip\"> [\u2026]<\/span><\/p>\n","protected":false},"featured_media":1915,"template":"","meta":{"_seopress_robots_primary_cat":"","_seopress_titles_title":"","_seopress_titles_desc":"","_seopress_robots_index":"","_seopress_analysis_target_kw":"","iawp_total_views":0},"product_brand":[],"product_cat":[80],"product_tag":[],"class_list":{"0":"post-57088","1":"product","2":"type-product","3":"status-publish","4":"has-post-thumbnail","6":"product_cat-pendentif-diamant","8":"first","9":"instock","10":"shipping-taxable","11":"purchasable","12":"product-type-variable"},"_links":{"self":[{"href":"https:\/\/www.tc26-bijoux.com\/index.php?rest_route=\/wp\/v2\/product\/57088","targetHints":{"allow":["GET"]}}],"collection":[{"href":"https:\/\/www.tc26-bijoux.com\/index.php?rest_route=\/wp\/v2\/product"}],"about":[{"href":"https:\/\/www.tc26-bijoux.com\/index.php?rest_route=\/wp\/v2\/types\/product"}],"wp:featuredmedia":[{"embeddable":true,"href":"https:\/\/www.tc26-bijoux.com\/index.php?rest_route=\/wp\/v2\/media\/1915"}],"wp:attachment":[{"href":"https:\/\/www.tc26-bijoux.com\/index.php?rest_route=%2Fwp%2Fv2%2Fmedia&parent=57088"}],"wp:term":[{"taxonomy":"product_brand","embeddable":true,"href":"https:\/\/www.tc26-bijoux.com\/index.php?rest_route=%2Fwp%2Fv2%2Fproduct_brand&post=57088"},{"taxonomy":"product_cat","embeddable":true,"href":"https:\/\/www.tc26-bijoux.com\/index.php?rest_route=%2Fwp%2Fv2%2Fproduct_cat&post=57088"},{"taxonomy":"product_tag","embeddable":true,"href":"https:\/\/www.tc26-bijoux.com\/index.php?rest_route=%2Fwp%2Fv2%2Fproduct_tag&post=57088"}],"curies":[{"name":"wp","href":"https:\/\/api.w.org\/{rel}","templated":true}]}}