{"id":57140,"date":"2025-03-12T12:16:34","date_gmt":"2025-03-12T11:16:34","guid":{"rendered":"https:\/\/www.tc26-bijoux.com\/?post_type=product&#038;p=57140"},"modified":"2025-03-21T14:12:34","modified_gmt":"2025-03-21T13:12:34","slug":"collier-diamants-et-or-18-carats-perla","status":"publish","type":"product","link":"https:\/\/www.tc26-bijoux.com\/?product=collier-diamants-et-or-18-carats-perla","title":{"rendered":"Collier Diamants et Or 18 Carats Perla"},"content":{"rendered":"<p>Le collier Perla est un magnifique bijou en or 18 carats, avec un m\u00e9tal de couleur blanc, qui met en valeur les diamants. Les diamants ont un poids total de 0.50 carat, avec une couleur G, ce qui leur conf\u00e8re une belle brillance et un \u00e9clat subtil. Ils ont \u00e9galement une puret\u00e9 VS, ce qui signifie qu&rsquo;ils sont de tr\u00e8s bonne qualit\u00e9 et offrent une clart\u00e9 visuelle agr\u00e9able. Le collier Perla a des dimensions de 4.8 mm de largeur et 24 mm de hauteur, ce qui en fait un bijou d\u00e9licat et \u00e9l\u00e9gant \u00e0 porter autour du cou. Son design intemporel et sa combinaison d&rsquo;or et de diamants en font un choix polyvalent qui peut \u00eatre port\u00e9 avec diff\u00e9rentes tenues et pour diff\u00e9rentes occasions.<\/p>\n","protected":false},"excerpt":{"rendered":"<p>Mati\u00e8re : Or 18 carat\u00a0<\/p>\n<p>Couleur m\u00e9tal : Blanc<\/p>\n<p>Nature des Pierres : Diamants\u00a0<\/p>\n<p>Poid total des Diamants : 0.50\u00a0Carats\u00a0<\/p>\n<p>Couleur\u00a0 des Diamants : G<\/p>\n<p>Puret\u00e9 des Diamants : VS<\/p>\n<p>Dimension : 4.8&#215;24\u00a0mm<\/p>\n<p>R\u00e9f\u00e9rence : BJP0057<\/p>\n","protected":false},"featured_media":1913,"template":"","meta":{"_seopress_robots_primary_cat":"","_seopress_titles_title":"","_seopress_titles_desc":"","_seopress_robots_index":"","_seopress_analysis_target_kw":"","iawp_total_views":3},"product_brand":[],"product_cat":[80],"product_tag":[],"class_list":{"0":"post-57140","1":"product","2":"type-product","3":"status-publish","4":"has-post-thumbnail","6":"product_cat-pendentif-diamant","8":"first","9":"instock","10":"shipping-taxable","11":"purchasable","12":"product-type-variable"},"_links":{"self":[{"href":"https:\/\/www.tc26-bijoux.com\/index.php?rest_route=\/wp\/v2\/product\/57140","targetHints":{"allow":["GET"]}}],"collection":[{"href":"https:\/\/www.tc26-bijoux.com\/index.php?rest_route=\/wp\/v2\/product"}],"about":[{"href":"https:\/\/www.tc26-bijoux.com\/index.php?rest_route=\/wp\/v2\/types\/product"}],"wp:featuredmedia":[{"embeddable":true,"href":"https:\/\/www.tc26-bijoux.com\/index.php?rest_route=\/wp\/v2\/media\/1913"}],"wp:attachment":[{"href":"https:\/\/www.tc26-bijoux.com\/index.php?rest_route=%2Fwp%2Fv2%2Fmedia&parent=57140"}],"wp:term":[{"taxonomy":"product_brand","embeddable":true,"href":"https:\/\/www.tc26-bijoux.com\/index.php?rest_route=%2Fwp%2Fv2%2Fproduct_brand&post=57140"},{"taxonomy":"product_cat","embeddable":true,"href":"https:\/\/www.tc26-bijoux.com\/index.php?rest_route=%2Fwp%2Fv2%2Fproduct_cat&post=57140"},{"taxonomy":"product_tag","embeddable":true,"href":"https:\/\/www.tc26-bijoux.com\/index.php?rest_route=%2Fwp%2Fv2%2Fproduct_tag&post=57140"}],"curies":[{"name":"wp","href":"https:\/\/api.w.org\/{rel}","templated":true}]}}