{"id":57150,"date":"2025-03-12T12:16:36","date_gmt":"2025-03-12T11:16:36","guid":{"rendered":"https:\/\/www.tc26-bijoux.com\/?post_type=product&#038;p=57150"},"modified":"2025-03-21T14:12:34","modified_gmt":"2025-03-21T13:12:34","slug":"collier-or-18-carats-et-diamants-nissan","status":"publish","type":"product","link":"https:\/\/www.tc26-bijoux.com\/?product=collier-or-18-carats-et-diamants-nissan","title":{"rendered":"Collier Or 18 Carats et Diamants Nissan"},"content":{"rendered":"<p>Collier en Or 18 Carats et Diamants Nissan Blanc, Jaune et Rose : La pi\u00e8ce est sertie de diamants d&rsquo;une couleur G et d&rsquo;une puret\u00e9 VS, avec un poids total de 0.80 carats. Le collier pr\u00e9sente des dimensions de 13 mm de largeur et 19 mm de hauteur. Il est fabriqu\u00e9 en or 18 carats, cr\u00e9ant ainsi un bijou \u00e9l\u00e9gant et raffin\u00e9.<\/p>\n","protected":false},"excerpt":{"rendered":"<p>Mati\u00e8re : Or 18 carat\u00a0<\/p>\n<p>Couleur m\u00e9tal : Blanc\u00a0\/ Jaune \/ Rose\u00a0<\/p>\n<p>Nature des Pierres : Diamants\u00a0<\/p>\n<p>Poid total des diamants\u00a0\u00a0\u00a0: 0.80 Carats<\/p>\n<p>Couleur\u00a0 des Diamants : G<\/p>\n<p>Puret\u00e9 des Diamants : VS<\/p>\n<p>Dimension : 13&#215;19\u00a0mm<\/p>\n<p>R\u00e9f\u00e9rence : DNP0544<\/p>\n","protected":false},"featured_media":1772,"template":"","meta":{"_seopress_robots_primary_cat":"","_seopress_titles_title":"","_seopress_titles_desc":"","_seopress_robots_index":"","_seopress_analysis_target_kw":"","iawp_total_views":1},"product_brand":[],"product_cat":[80],"product_tag":[],"class_list":{"0":"post-57150","1":"product","2":"type-product","3":"status-publish","4":"has-post-thumbnail","6":"product_cat-pendentif-diamant","8":"first","9":"instock","10":"shipping-taxable","11":"purchasable","12":"product-type-variable"},"_links":{"self":[{"href":"https:\/\/www.tc26-bijoux.com\/index.php?rest_route=\/wp\/v2\/product\/57150","targetHints":{"allow":["GET"]}}],"collection":[{"href":"https:\/\/www.tc26-bijoux.com\/index.php?rest_route=\/wp\/v2\/product"}],"about":[{"href":"https:\/\/www.tc26-bijoux.com\/index.php?rest_route=\/wp\/v2\/types\/product"}],"wp:featuredmedia":[{"embeddable":true,"href":"https:\/\/www.tc26-bijoux.com\/index.php?rest_route=\/wp\/v2\/media\/1772"}],"wp:attachment":[{"href":"https:\/\/www.tc26-bijoux.com\/index.php?rest_route=%2Fwp%2Fv2%2Fmedia&parent=57150"}],"wp:term":[{"taxonomy":"product_brand","embeddable":true,"href":"https:\/\/www.tc26-bijoux.com\/index.php?rest_route=%2Fwp%2Fv2%2Fproduct_brand&post=57150"},{"taxonomy":"product_cat","embeddable":true,"href":"https:\/\/www.tc26-bijoux.com\/index.php?rest_route=%2Fwp%2Fv2%2Fproduct_cat&post=57150"},{"taxonomy":"product_tag","embeddable":true,"href":"https:\/\/www.tc26-bijoux.com\/index.php?rest_route=%2Fwp%2Fv2%2Fproduct_tag&post=57150"}],"curies":[{"name":"wp","href":"https:\/\/api.w.org\/{rel}","templated":true}]}}