{"id":57171,"date":"2025-03-12T12:16:44","date_gmt":"2025-03-12T11:16:44","guid":{"rendered":"https:\/\/www.tc26-bijoux.com\/?post_type=product&#038;p=57171"},"modified":"2025-03-21T14:12:34","modified_gmt":"2025-03-21T13:12:34","slug":"collier-diamants-et-or-18-carats-graziela-2","status":"publish","type":"product","link":"https:\/\/www.tc26-bijoux.com\/?product=collier-diamants-et-or-18-carats-graziela-2","title":{"rendered":"Collier Diamants et Or 18 Carats Graziela"},"content":{"rendered":"<p>Collier Diamants et Or 18 Carats Graziela : Un ravissant collier orn\u00e9 de diamants d&rsquo;un caratage total de 0.25 carats. Les diamants de qualit\u00e9 G et de puret\u00e9 VS ajoutent une lueur \u00e9clatante \u00e0 ce bijou. Avec ses dimensions de 7.2&#215;13.4 mm, ce collier offre une \u00e9l\u00e9gance discr\u00e8te et polyvalente. Disponible en blanc, rose ou jaune, il est parfait pour compl\u00e9ter votre style avec une touche de glamour et de sophistication.<\/p>\n","protected":false},"excerpt":{"rendered":"<p>Collier Diamants et Or 18 Carats Graziela : Un ravissant collier orn\u00e9 de diamants d&rsquo;un caratage total de 0.25 carats. Les diamants de qualit\u00e9 G et<span class=\"excerpt-hellip\"> [\u2026]<\/span><\/p>\n","protected":false},"featured_media":1867,"template":"","meta":{"_seopress_robots_primary_cat":"","_seopress_titles_title":"","_seopress_titles_desc":"","_seopress_robots_index":"","_seopress_analysis_target_kw":"","iawp_total_views":0},"product_brand":[],"product_cat":[80],"product_tag":[],"class_list":{"0":"post-57171","1":"product","2":"type-product","3":"status-publish","4":"has-post-thumbnail","6":"product_cat-pendentif-diamant","8":"first","9":"instock","10":"shipping-taxable","11":"purchasable","12":"product-type-variable"},"_links":{"self":[{"href":"https:\/\/www.tc26-bijoux.com\/index.php?rest_route=\/wp\/v2\/product\/57171","targetHints":{"allow":["GET"]}}],"collection":[{"href":"https:\/\/www.tc26-bijoux.com\/index.php?rest_route=\/wp\/v2\/product"}],"about":[{"href":"https:\/\/www.tc26-bijoux.com\/index.php?rest_route=\/wp\/v2\/types\/product"}],"wp:featuredmedia":[{"embeddable":true,"href":"https:\/\/www.tc26-bijoux.com\/index.php?rest_route=\/wp\/v2\/media\/1867"}],"wp:attachment":[{"href":"https:\/\/www.tc26-bijoux.com\/index.php?rest_route=%2Fwp%2Fv2%2Fmedia&parent=57171"}],"wp:term":[{"taxonomy":"product_brand","embeddable":true,"href":"https:\/\/www.tc26-bijoux.com\/index.php?rest_route=%2Fwp%2Fv2%2Fproduct_brand&post=57171"},{"taxonomy":"product_cat","embeddable":true,"href":"https:\/\/www.tc26-bijoux.com\/index.php?rest_route=%2Fwp%2Fv2%2Fproduct_cat&post=57171"},{"taxonomy":"product_tag","embeddable":true,"href":"https:\/\/www.tc26-bijoux.com\/index.php?rest_route=%2Fwp%2Fv2%2Fproduct_tag&post=57171"}],"curies":[{"name":"wp","href":"https:\/\/api.w.org\/{rel}","templated":true}]}}