{"id":57181,"date":"2025-03-12T12:16:46","date_gmt":"2025-03-12T11:16:46","guid":{"rendered":"https:\/\/www.tc26-bijoux.com\/?post_type=product&#038;p=57181"},"modified":"2025-04-29T16:55:42","modified_gmt":"2025-04-29T14:55:42","slug":"collier-diamants-et-or-18-carats-ayesha-2","status":"publish","type":"product","link":"https:\/\/www.tc26-bijoux.com\/?product=collier-diamants-et-or-18-carats-ayesha-2","title":{"rendered":"Collier Diamants Ayesha"},"content":{"rendered":"<p>Le collier Ayesha en or 18 carats est disponible dans les couleurs Blanc et Jaune. Il est orn\u00e9 de diamants d&rsquo;une puret\u00e9 de VS et d&rsquo;une couleur G. Vous avez le choix parmi diff\u00e9rents caratages pour le diamant, allant de 0,10 \u00e0 0,25 carat. Ce collier apporte une touche de sophistication et de subtilit\u00e9 \u00e0 votre apparence. La combinaison de l&rsquo;or 18 carats et des diamants scintillants cr\u00e9e un bijou d\u00e9licat et \u00e9l\u00e9gant, parfait pour ajouter une touche de glamour \u00e0 vos tenues quotidiennes ou pour une occasion sp\u00e9ciale. Le collier Ayesha est un choix id\u00e9al pour les amateurs de bijoux raffin\u00e9s qui appr\u00e9cient la beaut\u00e9 discr\u00e8te des diamants de haute qualit\u00e9.<\/p>\n","protected":false},"excerpt":{"rendered":"<p>Le collier Ayesha en or 18 carats est disponible dans les couleurs Blanc et Jaune. Il est orn\u00e9 de diamants d&rsquo;une puret\u00e9 de VS et d&rsquo;une<span class=\"excerpt-hellip\"> [\u2026]<\/span><\/p>\n","protected":false},"featured_media":1737,"template":"","meta":{"_seopress_robots_primary_cat":"","_seopress_titles_title":"","_seopress_titles_desc":"","_seopress_robots_index":"","_seopress_analysis_target_kw":"","iawp_total_views":14},"product_brand":[],"product_cat":[15,80],"product_tag":[],"class_list":{"0":"post-57181","1":"product","2":"type-product","3":"status-publish","4":"has-post-thumbnail","6":"product_cat-home-tc26-bijoux","7":"product_cat-pendentif-diamant","9":"first","10":"instock","11":"shipping-taxable","12":"purchasable","13":"product-type-variable"},"_links":{"self":[{"href":"https:\/\/www.tc26-bijoux.com\/index.php?rest_route=\/wp\/v2\/product\/57181","targetHints":{"allow":["GET"]}}],"collection":[{"href":"https:\/\/www.tc26-bijoux.com\/index.php?rest_route=\/wp\/v2\/product"}],"about":[{"href":"https:\/\/www.tc26-bijoux.com\/index.php?rest_route=\/wp\/v2\/types\/product"}],"wp:featuredmedia":[{"embeddable":true,"href":"https:\/\/www.tc26-bijoux.com\/index.php?rest_route=\/wp\/v2\/media\/1737"}],"wp:attachment":[{"href":"https:\/\/www.tc26-bijoux.com\/index.php?rest_route=%2Fwp%2Fv2%2Fmedia&parent=57181"}],"wp:term":[{"taxonomy":"product_brand","embeddable":true,"href":"https:\/\/www.tc26-bijoux.com\/index.php?rest_route=%2Fwp%2Fv2%2Fproduct_brand&post=57181"},{"taxonomy":"product_cat","embeddable":true,"href":"https:\/\/www.tc26-bijoux.com\/index.php?rest_route=%2Fwp%2Fv2%2Fproduct_cat&post=57181"},{"taxonomy":"product_tag","embeddable":true,"href":"https:\/\/www.tc26-bijoux.com\/index.php?rest_route=%2Fwp%2Fv2%2Fproduct_tag&post=57181"}],"curies":[{"name":"wp","href":"https:\/\/api.w.org\/{rel}","templated":true}]}}