{"id":57278,"date":"2025-03-12T12:17:17","date_gmt":"2025-03-12T11:17:17","guid":{"rendered":"https:\/\/www.tc26-bijoux.com\/?post_type=product&#038;p=57278"},"modified":"2025-03-21T14:12:46","modified_gmt":"2025-03-21T13:12:46","slug":"boucles-diamants-saphir-jodie","status":"publish","type":"product","link":"https:\/\/www.tc26-bijoux.com\/?product=boucles-diamants-saphir-jodie","title":{"rendered":"Boucles Diamants Saphir Jodie"},"content":{"rendered":"<p>Les boucles d&rsquo;oreilles Jodie en or 18 carats sont des pi\u00e8ces de joaillerie raffin\u00e9es et \u00e9l\u00e9gantes. Elles sont orn\u00e9es de diamants qui ajoutent une brillance subtile et une touche de glamour \u00e0 votre look. Les pierres centrales sont disponibles en saphir, rubis ou \u00e9meraude, ce qui vous permet de choisir la couleur qui correspond le mieux \u00e0 votre style et \u00e0 vos pr\u00e9f\u00e9rences. Le caratage total des diamants sur les boucles d&rsquo;oreilles est de 0,15 carats, ce qui ajoute une petite mais pr\u00e9cieuse \u00e9tincelle \u00e0 ces magnifiques bijoux. Les boucles d&rsquo;oreilles Jodie sont le compl\u00e9ment parfait pour apporter une touche d&rsquo;\u00e9l\u00e9gance et de sophistication \u00e0 vos tenues.<\/p>\n","protected":false},"excerpt":{"rendered":"<p>Les boucles d&rsquo;oreilles Jodie en or 18 carats sont des pi\u00e8ces de joaillerie raffin\u00e9es et \u00e9l\u00e9gantes. Elles sont orn\u00e9es de diamants qui ajoutent une brillance subtile<span class=\"excerpt-hellip\"> [\u2026]<\/span><\/p>\n","protected":false},"featured_media":11070,"template":"","meta":{"_seopress_robots_primary_cat":"","_seopress_titles_title":"","_seopress_titles_desc":"","_seopress_robots_index":"","_seopress_analysis_target_kw":"","iawp_total_views":0},"product_brand":[],"product_cat":[87],"product_tag":[],"class_list":{"0":"post-57278","1":"product","2":"type-product","3":"status-publish","4":"has-post-thumbnail","6":"product_cat-precieuses-couleur","8":"first","9":"instock","10":"shipping-taxable","11":"purchasable","12":"product-type-variable"},"_links":{"self":[{"href":"https:\/\/www.tc26-bijoux.com\/index.php?rest_route=\/wp\/v2\/product\/57278","targetHints":{"allow":["GET"]}}],"collection":[{"href":"https:\/\/www.tc26-bijoux.com\/index.php?rest_route=\/wp\/v2\/product"}],"about":[{"href":"https:\/\/www.tc26-bijoux.com\/index.php?rest_route=\/wp\/v2\/types\/product"}],"wp:featuredmedia":[{"embeddable":true,"href":"https:\/\/www.tc26-bijoux.com\/index.php?rest_route=\/wp\/v2\/media\/11070"}],"wp:attachment":[{"href":"https:\/\/www.tc26-bijoux.com\/index.php?rest_route=%2Fwp%2Fv2%2Fmedia&parent=57278"}],"wp:term":[{"taxonomy":"product_brand","embeddable":true,"href":"https:\/\/www.tc26-bijoux.com\/index.php?rest_route=%2Fwp%2Fv2%2Fproduct_brand&post=57278"},{"taxonomy":"product_cat","embeddable":true,"href":"https:\/\/www.tc26-bijoux.com\/index.php?rest_route=%2Fwp%2Fv2%2Fproduct_cat&post=57278"},{"taxonomy":"product_tag","embeddable":true,"href":"https:\/\/www.tc26-bijoux.com\/index.php?rest_route=%2Fwp%2Fv2%2Fproduct_tag&post=57278"}],"curies":[{"name":"wp","href":"https:\/\/api.w.org\/{rel}","templated":true}]}}