{"id":57391,"date":"2025-03-12T12:17:49","date_gmt":"2025-03-12T11:17:49","guid":{"rendered":"https:\/\/www.tc26-bijoux.com\/?post_type=product&#038;p=57391"},"modified":"2025-03-21T14:12:55","modified_gmt":"2025-03-21T13:12:55","slug":"boucles-doreille-diamants-et-or-18-carats-stephanie","status":"publish","type":"product","link":"https:\/\/www.tc26-bijoux.com\/?product=boucles-doreille-diamants-et-or-18-carats-stephanie","title":{"rendered":"Boucles d&rsquo;oreille Diamants et Or 18 Carats Stephanie"},"content":{"rendered":"<p>Les boucles d&rsquo;oreille Stephanie en or 18 carats, de couleur blanc, sont orn\u00e9es d&rsquo;un magnifique saphir d&rsquo;une taille de 1,15 carat. Elles comportent \u00e9galement des diamants d&rsquo;un poids total de 0,40 carat. Les diamants ont une puret\u00e9 GVS, ce qui garantit leur qualit\u00e9 et leur \u00e9clat. Ces boucles d&rsquo;oreille allient \u00e0 la fois la beaut\u00e9 du saphir et l&rsquo;\u00e9clat des diamants, cr\u00e9ant ainsi une combinaison \u00e9l\u00e9gante et luxueuse. Elles sont le choix parfait pour ajouter une touche de sophistication \u00e0 vos tenues et mettre en valeur votre style.<\/p>\n","protected":false},"excerpt":{"rendered":"<p>Mati\u00e8re\u00a0: Or 18 Carats<\/p>\n<p>Couleur m\u00e9tal\u00a0: Blanc\u00a0<\/p>\n<p>Couleur de pierre :\u00a0 Saphir\u00a01.15 cts<\/p>\n<p>Nature de\u00a0la \u00a0Pierres\u00a0: Diamants\u00a0<\/p>\n<p>Caratage Total\u00a0: 0.40\u00a0Carats\u00a0<\/p>\n<p>Puret\u00e9 \u00a0Diamants\u00a0: GVS\u00a0<\/p>\n<p>R\u00e9f\u00e9rence\u00a0: BJE0115<\/p>\n","protected":false},"featured_media":8821,"template":"","meta":{"_seopress_robots_primary_cat":"","_seopress_titles_title":"","_seopress_titles_desc":"","_seopress_robots_index":"","_seopress_analysis_target_kw":"","iawp_total_views":0},"product_brand":[],"product_cat":[87],"product_tag":[],"class_list":{"0":"post-57391","1":"product","2":"type-product","3":"status-publish","4":"has-post-thumbnail","6":"product_cat-precieuses-couleur","8":"first","9":"instock","10":"shipping-taxable","11":"purchasable","12":"product-type-variable"},"_links":{"self":[{"href":"https:\/\/www.tc26-bijoux.com\/index.php?rest_route=\/wp\/v2\/product\/57391","targetHints":{"allow":["GET"]}}],"collection":[{"href":"https:\/\/www.tc26-bijoux.com\/index.php?rest_route=\/wp\/v2\/product"}],"about":[{"href":"https:\/\/www.tc26-bijoux.com\/index.php?rest_route=\/wp\/v2\/types\/product"}],"wp:featuredmedia":[{"embeddable":true,"href":"https:\/\/www.tc26-bijoux.com\/index.php?rest_route=\/wp\/v2\/media\/8821"}],"wp:attachment":[{"href":"https:\/\/www.tc26-bijoux.com\/index.php?rest_route=%2Fwp%2Fv2%2Fmedia&parent=57391"}],"wp:term":[{"taxonomy":"product_brand","embeddable":true,"href":"https:\/\/www.tc26-bijoux.com\/index.php?rest_route=%2Fwp%2Fv2%2Fproduct_brand&post=57391"},{"taxonomy":"product_cat","embeddable":true,"href":"https:\/\/www.tc26-bijoux.com\/index.php?rest_route=%2Fwp%2Fv2%2Fproduct_cat&post=57391"},{"taxonomy":"product_tag","embeddable":true,"href":"https:\/\/www.tc26-bijoux.com\/index.php?rest_route=%2Fwp%2Fv2%2Fproduct_tag&post=57391"}],"curies":[{"name":"wp","href":"https:\/\/api.w.org\/{rel}","templated":true}]}}