{"id":57446,"date":"2025-03-12T12:18:07","date_gmt":"2025-03-12T11:18:07","guid":{"rendered":"https:\/\/www.tc26-bijoux.com\/?post_type=product&#038;p=57446"},"modified":"2025-03-21T14:13:01","modified_gmt":"2025-03-21T13:13:01","slug":"boucles-doreille-or-18-carats-et-diamants-keren-bleu","status":"publish","type":"product","link":"https:\/\/www.tc26-bijoux.com\/?product=boucles-doreille-or-18-carats-et-diamants-keren-bleu","title":{"rendered":"Boucles d&rsquo;oreille Or 18 Carats et Diamants Keren Bleu"},"content":{"rendered":"<p>Les boucles d&rsquo;oreille Keren sont en or 18 carats et sont orn\u00e9es de diamants et de saphirs. La couleur des pierres est le bleu, en particulier le saphir. Les diamants ajoutent une brillance suppl\u00e9mentaire et mettent en valeur la beaut\u00e9 des saphirs. La nature des pierres est donc compos\u00e9e \u00e0 la fois de diamants et de saphirs, ce qui cr\u00e9e un contraste visuel attrayant. Les boucles d&rsquo;oreille Keren en or 18 carats avec un total de 0.30 carats de diamants et de saphirs bleus sont un choix \u00e9l\u00e9gant et sophistiqu\u00e9 pour compl\u00e9ter votre tenue.<\/p>\n","protected":false},"excerpt":{"rendered":"<p>Mati\u00e8re\u00a0: Or 18 Carats<\/p>\n<p>Couleur m\u00e9tal\u00a0: Blanc\u00a0<\/p>\n<p>Couleur de pierre :\u00a0 Saphir<\/p>\n<p>Nature de\u00a0la \u00a0Pierres\u00a0: Diamants\u00a0<\/p>\n<p>Caratage Total\u00a0: 0.30\u00a0Carats\u00a0<\/p>\n<p>Puret\u00e9 \u00a0Diamants\u00a0: GVS\u00a0<\/p>\n<p>R\u00e9f\u00e9rence\u00a0: XYE2866<\/p>\n","protected":false},"featured_media":8796,"template":"","meta":{"_seopress_robots_primary_cat":"","_seopress_titles_title":"","_seopress_titles_desc":"","_seopress_robots_index":"","_seopress_analysis_target_kw":"","iawp_total_views":1},"product_brand":[],"product_cat":[87],"product_tag":[],"class_list":{"0":"post-57446","1":"product","2":"type-product","3":"status-publish","4":"has-post-thumbnail","6":"product_cat-precieuses-couleur","8":"first","9":"instock","10":"shipping-taxable","11":"purchasable","12":"product-type-variable"},"_links":{"self":[{"href":"https:\/\/www.tc26-bijoux.com\/index.php?rest_route=\/wp\/v2\/product\/57446","targetHints":{"allow":["GET"]}}],"collection":[{"href":"https:\/\/www.tc26-bijoux.com\/index.php?rest_route=\/wp\/v2\/product"}],"about":[{"href":"https:\/\/www.tc26-bijoux.com\/index.php?rest_route=\/wp\/v2\/types\/product"}],"wp:featuredmedia":[{"embeddable":true,"href":"https:\/\/www.tc26-bijoux.com\/index.php?rest_route=\/wp\/v2\/media\/8796"}],"wp:attachment":[{"href":"https:\/\/www.tc26-bijoux.com\/index.php?rest_route=%2Fwp%2Fv2%2Fmedia&parent=57446"}],"wp:term":[{"taxonomy":"product_brand","embeddable":true,"href":"https:\/\/www.tc26-bijoux.com\/index.php?rest_route=%2Fwp%2Fv2%2Fproduct_brand&post=57446"},{"taxonomy":"product_cat","embeddable":true,"href":"https:\/\/www.tc26-bijoux.com\/index.php?rest_route=%2Fwp%2Fv2%2Fproduct_cat&post=57446"},{"taxonomy":"product_tag","embeddable":true,"href":"https:\/\/www.tc26-bijoux.com\/index.php?rest_route=%2Fwp%2Fv2%2Fproduct_tag&post=57446"}],"curies":[{"name":"wp","href":"https:\/\/api.w.org\/{rel}","templated":true}]}}