{"id":57468,"date":"2025-03-12T12:18:15","date_gmt":"2025-03-12T11:18:15","guid":{"rendered":"https:\/\/www.tc26-bijoux.com\/?post_type=product&#038;p=57468"},"modified":"2025-03-21T14:13:01","modified_gmt":"2025-03-21T13:13:01","slug":"boucles-doreille-or-18-carats-et-diamants-viviane","status":"publish","type":"product","link":"https:\/\/www.tc26-bijoux.com\/?product=boucles-doreille-or-18-carats-et-diamants-viviane","title":{"rendered":"Boucles d&rsquo;oreille Or 18 Carats et Diamants Viviane"},"content":{"rendered":"<p>Les boucles d&rsquo;oreille Viviane en or 18 carats et diamants sont un choix sophistiqu\u00e9 pour compl\u00e9ter votre style. Disponibles dans diff\u00e9rentes options de couleur de pierre &#8211; saphir, \u00e9meraude ou rubis &#8211; ces boucles d&rsquo;oreille associent l&rsquo;\u00e9clat des diamants \u00e0 la beaut\u00e9 des pierres pr\u00e9cieuses. Avec un caratage total de 0.40 carats, elles ajoutent une touche de glamour subtil \u00e0 vos tenues. Que ce soit pour une occasion sp\u00e9ciale ou pour illuminer votre quotidien, les boucles d&rsquo;oreille Viviane sont le parfait \u00e9quilibre entre \u00e9l\u00e9gance intemporelle et modernit\u00e9. Laissez briller votre beaut\u00e9 naturelle avec ces magnifiques boucles d&rsquo;oreille en or 18 carats et diamants Viviane.<\/p>\n","protected":false},"excerpt":{"rendered":"<p>Mati\u00e8re\u00a0: Or 18 Carats<\/p>\n<p>Couleur m\u00e9tal\u00a0: Blanc\u00a0<\/p>\n<p>Couleur de pierre : \u00a0saphir\u00a0\u00a0\/ Emeraude \/ Ruby<\/p>\n<p>Nature de\u00a0la \u00a0Pierres\u00a0: Diamants\u00a0<\/p>\n<p>Caratage Total\u00a0: 0.40\u00a0Carats\u00a0<\/p>\n<p>Puret\u00e9 \u00a0Diamants\u00a0: GVS\u00a0<\/p>\n<p>R\u00e9f\u00e9rence\u00a0: BJE0063<\/p>\n","protected":false},"featured_media":10990,"template":"","meta":{"_seopress_robots_primary_cat":"","_seopress_titles_title":"","_seopress_titles_desc":"","_seopress_robots_index":"","_seopress_analysis_target_kw":"","iawp_total_views":0},"product_brand":[],"product_cat":[87],"product_tag":[],"class_list":{"0":"post-57468","1":"product","2":"type-product","3":"status-publish","4":"has-post-thumbnail","6":"product_cat-precieuses-couleur","8":"first","9":"instock","10":"shipping-taxable","11":"purchasable","12":"product-type-variable"},"_links":{"self":[{"href":"https:\/\/www.tc26-bijoux.com\/index.php?rest_route=\/wp\/v2\/product\/57468","targetHints":{"allow":["GET"]}}],"collection":[{"href":"https:\/\/www.tc26-bijoux.com\/index.php?rest_route=\/wp\/v2\/product"}],"about":[{"href":"https:\/\/www.tc26-bijoux.com\/index.php?rest_route=\/wp\/v2\/types\/product"}],"wp:featuredmedia":[{"embeddable":true,"href":"https:\/\/www.tc26-bijoux.com\/index.php?rest_route=\/wp\/v2\/media\/10990"}],"wp:attachment":[{"href":"https:\/\/www.tc26-bijoux.com\/index.php?rest_route=%2Fwp%2Fv2%2Fmedia&parent=57468"}],"wp:term":[{"taxonomy":"product_brand","embeddable":true,"href":"https:\/\/www.tc26-bijoux.com\/index.php?rest_route=%2Fwp%2Fv2%2Fproduct_brand&post=57468"},{"taxonomy":"product_cat","embeddable":true,"href":"https:\/\/www.tc26-bijoux.com\/index.php?rest_route=%2Fwp%2Fv2%2Fproduct_cat&post=57468"},{"taxonomy":"product_tag","embeddable":true,"href":"https:\/\/www.tc26-bijoux.com\/index.php?rest_route=%2Fwp%2Fv2%2Fproduct_tag&post=57468"}],"curies":[{"name":"wp","href":"https:\/\/api.w.org\/{rel}","templated":true}]}}