{"id":57581,"date":"2025-03-12T12:18:48","date_gmt":"2025-03-12T11:18:48","guid":{"rendered":"https:\/\/www.tc26-bijoux.com\/?post_type=product&#038;p=57581"},"modified":"2025-03-21T14:13:09","modified_gmt":"2025-03-21T13:13:09","slug":"boucles-saphir-diamants-dany-by","status":"publish","type":"product","link":"https:\/\/www.tc26-bijoux.com\/?product=boucles-saphir-diamants-dany-by","title":{"rendered":"Boucles Saphir Diamants Dany by"},"content":{"rendered":"<p>Les boucles d&rsquo;oreilles Diamants et Or 18 Carats Dany by sont orn\u00e9es de pierres de saphir , ainsi que de diamants. Le caratage total des diamants dans ces boucles d&rsquo;oreilles est de 0,30 carats, et leur puret\u00e9 est class\u00e9e comme GVS, ce qui indique une qualit\u00e9 et une clart\u00e9 \u00e9lev\u00e9es des diamants utilis\u00e9s. Ces boucles d&rsquo;oreilles offrent un \u00e9clat \u00e9l\u00e9gant et une combinaison de couleurs ravissante avec les saphirs  et les diamants scintillants. Elles sont parfaites pour ajouter une touche de sophistication \u00e0 vos tenues.<\/p>\n","protected":false},"excerpt":{"rendered":"<p>Les boucles d&rsquo;oreilles Diamants et Or 18 Carats Dany by sont orn\u00e9es de pierres de saphir , ainsi que de diamants. Le caratage total des diamants<span class=\"excerpt-hellip\"> [\u2026]<\/span><\/p>\n","protected":false},"featured_media":8773,"template":"","meta":{"_seopress_robots_primary_cat":"","_seopress_titles_title":"","_seopress_titles_desc":"","_seopress_robots_index":"","_seopress_analysis_target_kw":"","iawp_total_views":6},"product_brand":[],"product_cat":[87],"product_tag":[],"class_list":{"0":"post-57581","1":"product","2":"type-product","3":"status-publish","4":"has-post-thumbnail","6":"product_cat-precieuses-couleur","8":"first","9":"instock","10":"shipping-taxable","11":"purchasable","12":"product-type-variable"},"_links":{"self":[{"href":"https:\/\/www.tc26-bijoux.com\/index.php?rest_route=\/wp\/v2\/product\/57581","targetHints":{"allow":["GET"]}}],"collection":[{"href":"https:\/\/www.tc26-bijoux.com\/index.php?rest_route=\/wp\/v2\/product"}],"about":[{"href":"https:\/\/www.tc26-bijoux.com\/index.php?rest_route=\/wp\/v2\/types\/product"}],"wp:featuredmedia":[{"embeddable":true,"href":"https:\/\/www.tc26-bijoux.com\/index.php?rest_route=\/wp\/v2\/media\/8773"}],"wp:attachment":[{"href":"https:\/\/www.tc26-bijoux.com\/index.php?rest_route=%2Fwp%2Fv2%2Fmedia&parent=57581"}],"wp:term":[{"taxonomy":"product_brand","embeddable":true,"href":"https:\/\/www.tc26-bijoux.com\/index.php?rest_route=%2Fwp%2Fv2%2Fproduct_brand&post=57581"},{"taxonomy":"product_cat","embeddable":true,"href":"https:\/\/www.tc26-bijoux.com\/index.php?rest_route=%2Fwp%2Fv2%2Fproduct_cat&post=57581"},{"taxonomy":"product_tag","embeddable":true,"href":"https:\/\/www.tc26-bijoux.com\/index.php?rest_route=%2Fwp%2Fv2%2Fproduct_tag&post=57581"}],"curies":[{"name":"wp","href":"https:\/\/api.w.org\/{rel}","templated":true}]}}