{"id":57606,"date":"2025-03-12T12:18:56","date_gmt":"2025-03-12T11:18:56","guid":{"rendered":"https:\/\/www.tc26-bijoux.com\/?post_type=product&#038;p=57606"},"modified":"2025-03-21T14:13:14","modified_gmt":"2025-03-21T13:13:14","slug":"boucles-doreilles-or-18-carat-et-diamants-sybellia","status":"publish","type":"product","link":"https:\/\/www.tc26-bijoux.com\/?product=boucles-doreilles-or-18-carat-et-diamants-sybellia","title":{"rendered":"Boucles d&rsquo;oreilles Or 18 carat et Diamants Sybellia"},"content":{"rendered":"<p>Les boucles d&rsquo;oreilles Sybellia en or 18 carats et diamants sont disponibles en deux variations : Blanc et Or. Elles sont orn\u00e9es d&rsquo;un poids total de diamants variable, allant de 0,10 carat \u00e0 2,00 carats, d&rsquo;une couleur G et d&rsquo;une puret\u00e9 VS. Ces bijoux scintillants ajoutent une touche de sophistication et d&rsquo;\u00e9clat \u00e0 votre apparence. Que vous pr\u00e9f\u00e9riez le look classique et intemporel du Blanc ou l&rsquo;\u00e9clat chaleureux de l&rsquo;Or, les boucles d&rsquo;oreilles Sybellia sont le choix parfait pour ajouter une touche de luxe et de glamour \u00e0 votre tenue.<\/p>\n","protected":false},"excerpt":{"rendered":"<p>Les boucles d&rsquo;oreilles Sybellia en or 18 carats et diamants sont disponibles en deux variations : Blanc et Or. Elles sont orn\u00e9es d&rsquo;un poids total de<span class=\"excerpt-hellip\"> [\u2026]<\/span><\/p>\n","protected":false},"featured_media":2082,"template":"","meta":{"_seopress_robots_primary_cat":"","_seopress_titles_title":"","_seopress_titles_desc":"","_seopress_robots_index":"","_seopress_analysis_target_kw":"","iawp_total_views":1},"product_brand":[],"product_cat":[81],"product_tag":[],"class_list":{"0":"post-57606","1":"product","2":"type-product","3":"status-publish","4":"has-post-thumbnail","6":"product_cat-puces-diamants","8":"first","9":"instock","10":"shipping-taxable","11":"purchasable","12":"product-type-variable"},"_links":{"self":[{"href":"https:\/\/www.tc26-bijoux.com\/index.php?rest_route=\/wp\/v2\/product\/57606","targetHints":{"allow":["GET"]}}],"collection":[{"href":"https:\/\/www.tc26-bijoux.com\/index.php?rest_route=\/wp\/v2\/product"}],"about":[{"href":"https:\/\/www.tc26-bijoux.com\/index.php?rest_route=\/wp\/v2\/types\/product"}],"wp:featuredmedia":[{"embeddable":true,"href":"https:\/\/www.tc26-bijoux.com\/index.php?rest_route=\/wp\/v2\/media\/2082"}],"wp:attachment":[{"href":"https:\/\/www.tc26-bijoux.com\/index.php?rest_route=%2Fwp%2Fv2%2Fmedia&parent=57606"}],"wp:term":[{"taxonomy":"product_brand","embeddable":true,"href":"https:\/\/www.tc26-bijoux.com\/index.php?rest_route=%2Fwp%2Fv2%2Fproduct_brand&post=57606"},{"taxonomy":"product_cat","embeddable":true,"href":"https:\/\/www.tc26-bijoux.com\/index.php?rest_route=%2Fwp%2Fv2%2Fproduct_cat&post=57606"},{"taxonomy":"product_tag","embeddable":true,"href":"https:\/\/www.tc26-bijoux.com\/index.php?rest_route=%2Fwp%2Fv2%2Fproduct_tag&post=57606"}],"curies":[{"name":"wp","href":"https:\/\/api.w.org\/{rel}","templated":true}]}}