{"id":57747,"date":"2025-03-12T12:19:40","date_gmt":"2025-03-12T11:19:40","guid":{"rendered":"https:\/\/www.tc26-bijoux.com\/?post_type=product&#038;p=57747"},"modified":"2025-03-21T14:13:24","modified_gmt":"2025-03-21T13:13:24","slug":"boucles-doreilles-or-18-carat-et-diamants-wiliana","status":"publish","type":"product","link":"https:\/\/www.tc26-bijoux.com\/?product=boucles-doreilles-or-18-carat-et-diamants-wiliana","title":{"rendered":"Boucles d&rsquo;oreilles Or 18 carat et Diamants Wiliana"},"content":{"rendered":"<p>Les boucles d&rsquo;oreilles Wiliana en or 18 carats et diamants sont disponibles dans trois magnifiques options de couleur : Blanc, Rose et Jaune. Elles sont orn\u00e9es d&rsquo;un poids total de 0,45 carat de diamants d&rsquo;une couleur G et d&rsquo;une puret\u00e9 VS. Ces boucles d&rsquo;oreilles ajoutent une touche de luxe et d&rsquo;\u00e9l\u00e9gance \u00e0 votre look, avec leur design raffin\u00e9 et leurs diamants \u00e9tincelants. Que vous choisissiez le Blanc classique, le Rose romantique ou le Jaune audacieux, les boucles d&rsquo;oreilles Wiliana sont un choix intemporel pour compl\u00e9ter votre style avec sophistication et brillance.<\/p>\n","protected":false},"excerpt":{"rendered":"<p>Les boucles d&rsquo;oreilles Wiliana en or 18 carats et diamants sont disponibles dans trois magnifiques options de couleur : Blanc, Rose et Jaune. Elles sont orn\u00e9es<span class=\"excerpt-hellip\"> [\u2026]<\/span><\/p>\n","protected":false},"featured_media":2108,"template":"","meta":{"_seopress_robots_primary_cat":"","_seopress_titles_title":"","_seopress_titles_desc":"","_seopress_robots_index":"","_seopress_analysis_target_kw":"","iawp_total_views":3},"product_brand":[],"product_cat":[81],"product_tag":[],"class_list":{"0":"post-57747","1":"product","2":"type-product","3":"status-publish","4":"has-post-thumbnail","6":"product_cat-puces-diamants","8":"first","9":"instock","10":"shipping-taxable","11":"purchasable","12":"product-type-variable"},"_links":{"self":[{"href":"https:\/\/www.tc26-bijoux.com\/index.php?rest_route=\/wp\/v2\/product\/57747","targetHints":{"allow":["GET"]}}],"collection":[{"href":"https:\/\/www.tc26-bijoux.com\/index.php?rest_route=\/wp\/v2\/product"}],"about":[{"href":"https:\/\/www.tc26-bijoux.com\/index.php?rest_route=\/wp\/v2\/types\/product"}],"wp:featuredmedia":[{"embeddable":true,"href":"https:\/\/www.tc26-bijoux.com\/index.php?rest_route=\/wp\/v2\/media\/2108"}],"wp:attachment":[{"href":"https:\/\/www.tc26-bijoux.com\/index.php?rest_route=%2Fwp%2Fv2%2Fmedia&parent=57747"}],"wp:term":[{"taxonomy":"product_brand","embeddable":true,"href":"https:\/\/www.tc26-bijoux.com\/index.php?rest_route=%2Fwp%2Fv2%2Fproduct_brand&post=57747"},{"taxonomy":"product_cat","embeddable":true,"href":"https:\/\/www.tc26-bijoux.com\/index.php?rest_route=%2Fwp%2Fv2%2Fproduct_cat&post=57747"},{"taxonomy":"product_tag","embeddable":true,"href":"https:\/\/www.tc26-bijoux.com\/index.php?rest_route=%2Fwp%2Fv2%2Fproduct_tag&post=57747"}],"curies":[{"name":"wp","href":"https:\/\/api.w.org\/{rel}","templated":true}]}}