{"id":57772,"date":"2025-03-12T12:19:45","date_gmt":"2025-03-12T11:19:45","guid":{"rendered":"https:\/\/www.tc26-bijoux.com\/?post_type=product&#038;p=57772"},"modified":"2025-03-21T14:13:27","modified_gmt":"2025-03-21T13:13:27","slug":"boucles-doreille-diamants-et-or-18-carats-marynette","status":"publish","type":"product","link":"https:\/\/www.tc26-bijoux.com\/?product=boucles-doreille-diamants-et-or-18-carats-marynette","title":{"rendered":"Boucles d&rsquo;oreille Diamants et Or 18 Carats Marynette"},"content":{"rendered":"<p>Les boucles d&rsquo;oreille Diamants et Or 18 Carats Marynette sont disponibles en trois couleurs : Blanc, Rose et Jaune. Elles sont serties de diamants et ont un caratage total de 0.65 carats. Les diamants ont une couleur G et une puret\u00e9 VS. Les dimensions des boucles d&rsquo;oreille sont de 8.4&#215;9.3 mm. Ces boucles d&rsquo;oreille offrent un design \u00e9l\u00e9gant et intemporel, mettant en valeur la beaut\u00e9 des diamants et de l&rsquo;or 18 carats. Elles sont parfaites pour ajouter une touche de glamour \u00e0 toute tenue.<\/p>\n","protected":false},"excerpt":{"rendered":"<p>Mati\u00e8re : Or\u00a0 18 carat\u00a0<\/p>\n<p>Couleur m\u00e9tal : Blanc \/ Rose \/Jaune<\/p>\n<p>Nature des Pierres : Diamants\u00a0<\/p>\n<p>Caratage\u00a0 total des Pierres\u00a0\u00a0: 0.65\u00a0Carats<\/p>\n<p>Couleur des diamants : G<\/p>\n<p>Puret\u00e9 des Diamants : VS<\/p>\n<p>Dimensions : 8.4&#215;9.3\u00a0mm<\/p>\n<p>R\u00e9f\u00e9rence : DNE0435<\/p>\n","protected":false},"featured_media":3816,"template":"","meta":{"_seopress_robots_primary_cat":"","_seopress_titles_title":"","_seopress_titles_desc":"","_seopress_robots_index":"","_seopress_analysis_target_kw":"","iawp_total_views":1},"product_brand":[],"product_cat":[81],"product_tag":[],"class_list":{"0":"post-57772","1":"product","2":"type-product","3":"status-publish","4":"has-post-thumbnail","6":"product_cat-puces-diamants","8":"first","9":"instock","10":"shipping-taxable","11":"purchasable","12":"product-type-variable"},"_links":{"self":[{"href":"https:\/\/www.tc26-bijoux.com\/index.php?rest_route=\/wp\/v2\/product\/57772","targetHints":{"allow":["GET"]}}],"collection":[{"href":"https:\/\/www.tc26-bijoux.com\/index.php?rest_route=\/wp\/v2\/product"}],"about":[{"href":"https:\/\/www.tc26-bijoux.com\/index.php?rest_route=\/wp\/v2\/types\/product"}],"wp:featuredmedia":[{"embeddable":true,"href":"https:\/\/www.tc26-bijoux.com\/index.php?rest_route=\/wp\/v2\/media\/3816"}],"wp:attachment":[{"href":"https:\/\/www.tc26-bijoux.com\/index.php?rest_route=%2Fwp%2Fv2%2Fmedia&parent=57772"}],"wp:term":[{"taxonomy":"product_brand","embeddable":true,"href":"https:\/\/www.tc26-bijoux.com\/index.php?rest_route=%2Fwp%2Fv2%2Fproduct_brand&post=57772"},{"taxonomy":"product_cat","embeddable":true,"href":"https:\/\/www.tc26-bijoux.com\/index.php?rest_route=%2Fwp%2Fv2%2Fproduct_cat&post=57772"},{"taxonomy":"product_tag","embeddable":true,"href":"https:\/\/www.tc26-bijoux.com\/index.php?rest_route=%2Fwp%2Fv2%2Fproduct_tag&post=57772"}],"curies":[{"name":"wp","href":"https:\/\/api.w.org\/{rel}","templated":true}]}}