{"id":57860,"date":"2025-03-12T12:20:17","date_gmt":"2025-03-12T11:20:17","guid":{"rendered":"https:\/\/www.tc26-bijoux.com\/?post_type=product&#038;p=57860"},"modified":"2025-03-21T14:13:30","modified_gmt":"2025-03-21T13:13:30","slug":"boucles-doreilles-or-18-carat-et-diamants-briana","status":"publish","type":"product","link":"https:\/\/www.tc26-bijoux.com\/?product=boucles-doreilles-or-18-carat-et-diamants-briana","title":{"rendered":"Boucles d&rsquo;oreilles Or 18 carat et Diamants Briana"},"content":{"rendered":"<p>Les boucles d&rsquo;oreilles Briana sont fabriqu\u00e9es en or 18 carats avec un rev\u00eatement de couleur blanc. Elles sont orn\u00e9es de diamants d&rsquo;un poids total de 0,80 carats, ce qui ajoute une belle brillance et une touche d&rsquo;\u00e9l\u00e9gance \u00e0 ces boucles d&rsquo;oreilles. Les diamants sont de couleur G et ont une puret\u00e9 de VS, ce qui signifie qu&rsquo;ils sont de tr\u00e8s bonne qualit\u00e9 et pr\u00e9sentent peu d&rsquo;inclusions visibles \u00e0 l&rsquo;\u0153il nu. Les dimensions des boucles d&rsquo;oreilles sont de 10 mm, ce qui les rend de taille moyenne et polyvalentes pour \u00eatre port\u00e9es avec diff\u00e9rentes tenues et styles. Les boucles d&rsquo;oreilles Briana en or 18 carats avec des diamants sont un choix parfait pour ajouter une touche de glamour et d&rsquo;\u00e9clat \u00e0 votre look.<\/p>\n","protected":false},"excerpt":{"rendered":"<p>Les boucles d&rsquo;oreilles Briana sont fabriqu\u00e9es en or 18 carats avec un rev\u00eatement de couleur blanc. Elles sont orn\u00e9es de diamants d&rsquo;un poids total de 0,80<span class=\"excerpt-hellip\"> [\u2026]<\/span><\/p>\n","protected":false},"featured_media":8596,"template":"","meta":{"_seopress_robots_primary_cat":"","_seopress_titles_title":"","_seopress_titles_desc":"","_seopress_robots_index":"","_seopress_analysis_target_kw":"","iawp_total_views":2},"product_brand":[],"product_cat":[81],"product_tag":[],"class_list":{"0":"post-57860","1":"product","2":"type-product","3":"status-publish","4":"has-post-thumbnail","6":"product_cat-puces-diamants","8":"first","9":"instock","10":"shipping-taxable","11":"purchasable","12":"product-type-variable"},"_links":{"self":[{"href":"https:\/\/www.tc26-bijoux.com\/index.php?rest_route=\/wp\/v2\/product\/57860","targetHints":{"allow":["GET"]}}],"collection":[{"href":"https:\/\/www.tc26-bijoux.com\/index.php?rest_route=\/wp\/v2\/product"}],"about":[{"href":"https:\/\/www.tc26-bijoux.com\/index.php?rest_route=\/wp\/v2\/types\/product"}],"wp:featuredmedia":[{"embeddable":true,"href":"https:\/\/www.tc26-bijoux.com\/index.php?rest_route=\/wp\/v2\/media\/8596"}],"wp:attachment":[{"href":"https:\/\/www.tc26-bijoux.com\/index.php?rest_route=%2Fwp%2Fv2%2Fmedia&parent=57860"}],"wp:term":[{"taxonomy":"product_brand","embeddable":true,"href":"https:\/\/www.tc26-bijoux.com\/index.php?rest_route=%2Fwp%2Fv2%2Fproduct_brand&post=57860"},{"taxonomy":"product_cat","embeddable":true,"href":"https:\/\/www.tc26-bijoux.com\/index.php?rest_route=%2Fwp%2Fv2%2Fproduct_cat&post=57860"},{"taxonomy":"product_tag","embeddable":true,"href":"https:\/\/www.tc26-bijoux.com\/index.php?rest_route=%2Fwp%2Fv2%2Fproduct_tag&post=57860"}],"curies":[{"name":"wp","href":"https:\/\/api.w.org\/{rel}","templated":true}]}}