{"id":57870,"date":"2025-03-12T12:20:19","date_gmt":"2025-03-12T11:20:19","guid":{"rendered":"https:\/\/www.tc26-bijoux.com\/?post_type=product&#038;p=57870"},"modified":"2025-03-21T14:13:32","modified_gmt":"2025-03-21T13:13:32","slug":"puce-diamants-astrid","status":"publish","type":"product","link":"https:\/\/www.tc26-bijoux.com\/?product=puce-diamants-astrid","title":{"rendered":"Puce Diamants Astrid"},"content":{"rendered":"<p>Les puces Astrid en or 18 carats et diamants sont de d\u00e9licates boucles d&rsquo;oreilles en or blanc. Elles sont serties de diamants d&rsquo;un poids total de 1,55 carats, avec une couleur G et une puret\u00e9 de VS, garantissant leur qualit\u00e9 et leur \u00e9clat. Avec leurs dimensions de 10 mm, ces puces offrent une taille id\u00e9ale pour apporter une touche de brillance subtile \u00e0 votre look. Les puces Astrid en or 18 carats et diamants sont un choix raffin\u00e9 et \u00e9l\u00e9gant pour compl\u00e9ter vos tenues avec style.<\/p>\n","protected":false},"excerpt":{"rendered":"<p>Les puces Astrid en or 18 carats et diamants sont de d\u00e9licates boucles d&rsquo;oreilles en or blanc. Elles sont serties de diamants d&rsquo;un poids total de<span class=\"excerpt-hellip\"> [\u2026]<\/span><\/p>\n","protected":false},"featured_media":8494,"template":"","meta":{"_seopress_robots_primary_cat":"","_seopress_titles_title":"","_seopress_titles_desc":"","_seopress_robots_index":"","_seopress_analysis_target_kw":"","iawp_total_views":0},"product_brand":[],"product_cat":[81],"product_tag":[],"class_list":{"0":"post-57870","1":"product","2":"type-product","3":"status-publish","4":"has-post-thumbnail","6":"product_cat-puces-diamants","8":"first","9":"instock","10":"shipping-taxable","11":"purchasable","12":"product-type-variable"},"_links":{"self":[{"href":"https:\/\/www.tc26-bijoux.com\/index.php?rest_route=\/wp\/v2\/product\/57870","targetHints":{"allow":["GET"]}}],"collection":[{"href":"https:\/\/www.tc26-bijoux.com\/index.php?rest_route=\/wp\/v2\/product"}],"about":[{"href":"https:\/\/www.tc26-bijoux.com\/index.php?rest_route=\/wp\/v2\/types\/product"}],"wp:featuredmedia":[{"embeddable":true,"href":"https:\/\/www.tc26-bijoux.com\/index.php?rest_route=\/wp\/v2\/media\/8494"}],"wp:attachment":[{"href":"https:\/\/www.tc26-bijoux.com\/index.php?rest_route=%2Fwp%2Fv2%2Fmedia&parent=57870"}],"wp:term":[{"taxonomy":"product_brand","embeddable":true,"href":"https:\/\/www.tc26-bijoux.com\/index.php?rest_route=%2Fwp%2Fv2%2Fproduct_brand&post=57870"},{"taxonomy":"product_cat","embeddable":true,"href":"https:\/\/www.tc26-bijoux.com\/index.php?rest_route=%2Fwp%2Fv2%2Fproduct_cat&post=57870"},{"taxonomy":"product_tag","embeddable":true,"href":"https:\/\/www.tc26-bijoux.com\/index.php?rest_route=%2Fwp%2Fv2%2Fproduct_tag&post=57870"}],"curies":[{"name":"wp","href":"https:\/\/api.w.org\/{rel}","templated":true}]}}