{"id":57875,"date":"2025-03-12T12:20:20","date_gmt":"2025-03-12T11:20:20","guid":{"rendered":"https:\/\/www.tc26-bijoux.com\/?post_type=product&#038;p=57875"},"modified":"2025-03-21T14:13:32","modified_gmt":"2025-03-21T13:13:32","slug":"puce-or-18-carats-et-diamants-davina","status":"publish","type":"product","link":"https:\/\/www.tc26-bijoux.com\/?product=puce-or-18-carats-et-diamants-davina","title":{"rendered":"Puce Or 18 Carats et Diamants Davina"},"content":{"rendered":"<p>Les puces en or 18 carats et diamants Davina sont de magnifiques bijoux d&rsquo;une grande finesse et d&rsquo;une \u00e9l\u00e9gance intemporelle. Les diamants, d&rsquo;un poids total de 0,75 carat, affichent une couleur G et une puret\u00e9 VS, assurant ainsi leur \u00e9clat et leur qualit\u00e9 exceptionnels. Ces puces en diamants Davina apportent une touche de brillance subtile et de sophistication \u00e0 vos oreilles, rehaussant avec \u00e9l\u00e9gance votre style et votre tenue.<\/p>\n","protected":false},"excerpt":{"rendered":"<p>Mati\u00e8re : Or\u00a018 carat\u00a0<\/p>\n<p>Couleur m\u00e9tal : Blanc\u00a0<\/p>\n<p>Nature des Pierres : Diamants\u00a0<\/p>\n<p>Poid\u00a0 total des Diamants\u00a0\u00a0: 0.75\u00a0Carats<\/p>\n<p>Couleur des Diamants : G<\/p>\n<p>Puret\u00e9 des Diamants : VS<\/p>\n<p>Dimensions : 8.2&#215;10.8\u00a0mm\u00a0<\/p>\n<p>R\u00e9f\u00e9rence : DNE0498<\/p>\n","protected":false},"featured_media":8520,"template":"","meta":{"_seopress_robots_primary_cat":"","_seopress_titles_title":"","_seopress_titles_desc":"","_seopress_robots_index":"","_seopress_analysis_target_kw":"","iawp_total_views":3},"product_brand":[],"product_cat":[81],"product_tag":[],"class_list":{"0":"post-57875","1":"product","2":"type-product","3":"status-publish","4":"has-post-thumbnail","6":"product_cat-puces-diamants","8":"first","9":"instock","10":"shipping-taxable","11":"purchasable","12":"product-type-variable"},"_links":{"self":[{"href":"https:\/\/www.tc26-bijoux.com\/index.php?rest_route=\/wp\/v2\/product\/57875","targetHints":{"allow":["GET"]}}],"collection":[{"href":"https:\/\/www.tc26-bijoux.com\/index.php?rest_route=\/wp\/v2\/product"}],"about":[{"href":"https:\/\/www.tc26-bijoux.com\/index.php?rest_route=\/wp\/v2\/types\/product"}],"wp:featuredmedia":[{"embeddable":true,"href":"https:\/\/www.tc26-bijoux.com\/index.php?rest_route=\/wp\/v2\/media\/8520"}],"wp:attachment":[{"href":"https:\/\/www.tc26-bijoux.com\/index.php?rest_route=%2Fwp%2Fv2%2Fmedia&parent=57875"}],"wp:term":[{"taxonomy":"product_brand","embeddable":true,"href":"https:\/\/www.tc26-bijoux.com\/index.php?rest_route=%2Fwp%2Fv2%2Fproduct_brand&post=57875"},{"taxonomy":"product_cat","embeddable":true,"href":"https:\/\/www.tc26-bijoux.com\/index.php?rest_route=%2Fwp%2Fv2%2Fproduct_cat&post=57875"},{"taxonomy":"product_tag","embeddable":true,"href":"https:\/\/www.tc26-bijoux.com\/index.php?rest_route=%2Fwp%2Fv2%2Fproduct_tag&post=57875"}],"curies":[{"name":"wp","href":"https:\/\/api.w.org\/{rel}","templated":true}]}}