{"id":57900,"date":"2025-03-12T12:20:30","date_gmt":"2025-03-12T11:20:30","guid":{"rendered":"https:\/\/www.tc26-bijoux.com\/?post_type=product&#038;p=57900"},"modified":"2025-03-21T14:13:33","modified_gmt":"2025-03-21T13:13:33","slug":"boucles-doreilles-diamants-et-or-18-carat-celita-2","status":"publish","type":"product","link":"https:\/\/www.tc26-bijoux.com\/?product=boucles-doreilles-diamants-et-or-18-carat-celita-2","title":{"rendered":"Boucles d&rsquo;oreilles Diamants et Or 18 carat Celita"},"content":{"rendered":"<p>Les boucles d&rsquo;oreilles \u00ab\u00a0Celita\u00a0\u00bb en or 18 carats sont des pi\u00e8ces d\u00e9licates et \u00e9l\u00e9gantes. Elles sont serties de diamants d&rsquo;un poids total de 0,25 carats. Les diamants, d&rsquo;une couleur G et d&rsquo;une puret\u00e9 VS, offrent un \u00e9clat \u00e9tincelant et une belle clart\u00e9. Avec leurs dimensions de 5,5 mm, ces boucles d&rsquo;oreilles sont parfaites pour ajouter une touche de glamour discret \u00e0 votre look quotidien. Que ce soit en blanc ou en jaune, l&rsquo;or 18 carats apporte une allure intemporelle et un luxe discret \u00e0 ces boucles d&rsquo;oreilles. Les boucles d&rsquo;oreilles \u00ab\u00a0Celita\u00a0\u00bb sont un choix polyvalent et raffin\u00e9 pour toutes les occasions.<\/p>\n","protected":false},"excerpt":{"rendered":"<p>Les boucles d&rsquo;oreilles \u00ab\u00a0Celita\u00a0\u00bb en or 18 carats sont des pi\u00e8ces d\u00e9licates et \u00e9l\u00e9gantes. Elles sont serties de diamants d&rsquo;un poids total de 0,25 carats. Les<span class=\"excerpt-hellip\"> [\u2026]<\/span><\/p>\n","protected":false},"featured_media":8644,"template":"","meta":{"_seopress_robots_primary_cat":"","_seopress_titles_title":"","_seopress_titles_desc":"","_seopress_robots_index":"","_seopress_analysis_target_kw":"","iawp_total_views":5},"product_brand":[],"product_cat":[81],"product_tag":[],"class_list":{"0":"post-57900","1":"product","2":"type-product","3":"status-publish","4":"has-post-thumbnail","6":"product_cat-puces-diamants","8":"first","9":"instock","10":"shipping-taxable","11":"purchasable","12":"product-type-variable"},"_links":{"self":[{"href":"https:\/\/www.tc26-bijoux.com\/index.php?rest_route=\/wp\/v2\/product\/57900","targetHints":{"allow":["GET"]}}],"collection":[{"href":"https:\/\/www.tc26-bijoux.com\/index.php?rest_route=\/wp\/v2\/product"}],"about":[{"href":"https:\/\/www.tc26-bijoux.com\/index.php?rest_route=\/wp\/v2\/types\/product"}],"wp:featuredmedia":[{"embeddable":true,"href":"https:\/\/www.tc26-bijoux.com\/index.php?rest_route=\/wp\/v2\/media\/8644"}],"wp:attachment":[{"href":"https:\/\/www.tc26-bijoux.com\/index.php?rest_route=%2Fwp%2Fv2%2Fmedia&parent=57900"}],"wp:term":[{"taxonomy":"product_brand","embeddable":true,"href":"https:\/\/www.tc26-bijoux.com\/index.php?rest_route=%2Fwp%2Fv2%2Fproduct_brand&post=57900"},{"taxonomy":"product_cat","embeddable":true,"href":"https:\/\/www.tc26-bijoux.com\/index.php?rest_route=%2Fwp%2Fv2%2Fproduct_cat&post=57900"},{"taxonomy":"product_tag","embeddable":true,"href":"https:\/\/www.tc26-bijoux.com\/index.php?rest_route=%2Fwp%2Fv2%2Fproduct_tag&post=57900"}],"curies":[{"name":"wp","href":"https:\/\/api.w.org\/{rel}","templated":true}]}}