{"id":57920,"date":"2025-03-12T12:20:34","date_gmt":"2025-03-12T11:20:34","guid":{"rendered":"https:\/\/www.tc26-bijoux.com\/?post_type=product&#038;p=57920"},"modified":"2025-03-21T14:13:36","modified_gmt":"2025-03-21T13:13:36","slug":"boucles-doreilles-diamants-et-or-18-carat-synda-2","status":"publish","type":"product","link":"https:\/\/www.tc26-bijoux.com\/?product=boucles-doreilles-diamants-et-or-18-carat-synda-2","title":{"rendered":"Boucles d&rsquo;oreilles Diamants et Or 18 carat Synda"},"content":{"rendered":"<p>Les boucles d&rsquo;oreilles Synda en diamants et or 18 carats sont un choix \u00e9l\u00e9gant et raffin\u00e9 pour compl\u00e9ter votre look. Elles sont disponibles en trois options de poids total des diamants : 0,25 carat, 0,40 carat et 0,50 carat. Les diamants ont une couleur G et une puret\u00e9 VS, assurant un \u00e9clat \u00e9blouissant et une qualit\u00e9 exceptionnelle. Les boucles d&rsquo;oreilles Synda apportent une touche de luxe subtile avec leur design intemporel et leur combinaison parfaite d&rsquo;or et de diamants scintillants. Que vous choisissiez un poids plus l\u00e9ger ou plus important, ces boucles d&rsquo;oreilles illumineront votre visage avec \u00e9l\u00e9gance et glamour.<\/p>\n","protected":false},"excerpt":{"rendered":"<p>Les boucles d&rsquo;oreilles Synda en diamants et or 18 carats sont un choix \u00e9l\u00e9gant et raffin\u00e9 pour compl\u00e9ter votre look. Elles sont disponibles en trois options<span class=\"excerpt-hellip\"> [\u2026]<\/span><\/p>\n","protected":false},"featured_media":2081,"template":"","meta":{"_seopress_robots_primary_cat":"","_seopress_titles_title":"","_seopress_titles_desc":"","_seopress_robots_index":"","_seopress_analysis_target_kw":"","iawp_total_views":2},"product_brand":[],"product_cat":[81],"product_tag":[],"class_list":{"0":"post-57920","1":"product","2":"type-product","3":"status-publish","4":"has-post-thumbnail","6":"product_cat-puces-diamants","8":"first","9":"instock","10":"shipping-taxable","11":"purchasable","12":"product-type-variable"},"_links":{"self":[{"href":"https:\/\/www.tc26-bijoux.com\/index.php?rest_route=\/wp\/v2\/product\/57920","targetHints":{"allow":["GET"]}}],"collection":[{"href":"https:\/\/www.tc26-bijoux.com\/index.php?rest_route=\/wp\/v2\/product"}],"about":[{"href":"https:\/\/www.tc26-bijoux.com\/index.php?rest_route=\/wp\/v2\/types\/product"}],"wp:featuredmedia":[{"embeddable":true,"href":"https:\/\/www.tc26-bijoux.com\/index.php?rest_route=\/wp\/v2\/media\/2081"}],"wp:attachment":[{"href":"https:\/\/www.tc26-bijoux.com\/index.php?rest_route=%2Fwp%2Fv2%2Fmedia&parent=57920"}],"wp:term":[{"taxonomy":"product_brand","embeddable":true,"href":"https:\/\/www.tc26-bijoux.com\/index.php?rest_route=%2Fwp%2Fv2%2Fproduct_brand&post=57920"},{"taxonomy":"product_cat","embeddable":true,"href":"https:\/\/www.tc26-bijoux.com\/index.php?rest_route=%2Fwp%2Fv2%2Fproduct_cat&post=57920"},{"taxonomy":"product_tag","embeddable":true,"href":"https:\/\/www.tc26-bijoux.com\/index.php?rest_route=%2Fwp%2Fv2%2Fproduct_tag&post=57920"}],"curies":[{"name":"wp","href":"https:\/\/api.w.org\/{rel}","templated":true}]}}