{"id":57954,"date":"2025-03-12T12:20:46","date_gmt":"2025-03-12T11:20:46","guid":{"rendered":"https:\/\/www.tc26-bijoux.com\/?post_type=product&#038;p=57954"},"modified":"2025-03-21T14:13:36","modified_gmt":"2025-03-21T13:13:36","slug":"boucles-doreille-or-18-carats-et-diamants-navy-2","status":"publish","type":"product","link":"https:\/\/www.tc26-bijoux.com\/?product=boucles-doreille-or-18-carats-et-diamants-navy-2","title":{"rendered":"Boucles d&rsquo;oreille Or 18 Carats et Diamants Navy"},"content":{"rendered":"<p>Ces ravissantes boucles d&rsquo;oreille en or 18 carats et diamants sont disponibles en blanc, rose et jaune, vous permettant de choisir la couleur qui correspond le mieux \u00e0 votre style. Avec un caratage total de 0.60 carats et un diamant central de 0.40 carats, ces boucles d&rsquo;oreille captivent par leur \u00e9clat et leur brillance. Les diamants de couleur G et de puret\u00e9 VS ajoutent une touche de sophistication, tandis que leurs dimensions de 6.6&#215;6.8 mm les rendent d\u00e9licates et polyvalentes, id\u00e9ales pour toutes les occasions.<\/p>\n","protected":false},"excerpt":{"rendered":"<p>Ces ravissantes boucles d&rsquo;oreille en or 18 carats et diamants sont disponibles en blanc, rose et jaune, vous permettant de choisir la couleur qui correspond le<span class=\"excerpt-hellip\"> [\u2026]<\/span><\/p>\n","protected":false},"featured_media":2160,"template":"","meta":{"_seopress_robots_primary_cat":"","_seopress_titles_title":"","_seopress_titles_desc":"","_seopress_robots_index":"","_seopress_analysis_target_kw":"","iawp_total_views":0},"product_brand":[],"product_cat":[81],"product_tag":[],"class_list":{"0":"post-57954","1":"product","2":"type-product","3":"status-publish","4":"has-post-thumbnail","6":"product_cat-puces-diamants","8":"first","9":"instock","10":"shipping-taxable","11":"purchasable","12":"product-type-variable"},"_links":{"self":[{"href":"https:\/\/www.tc26-bijoux.com\/index.php?rest_route=\/wp\/v2\/product\/57954","targetHints":{"allow":["GET"]}}],"collection":[{"href":"https:\/\/www.tc26-bijoux.com\/index.php?rest_route=\/wp\/v2\/product"}],"about":[{"href":"https:\/\/www.tc26-bijoux.com\/index.php?rest_route=\/wp\/v2\/types\/product"}],"wp:featuredmedia":[{"embeddable":true,"href":"https:\/\/www.tc26-bijoux.com\/index.php?rest_route=\/wp\/v2\/media\/2160"}],"wp:attachment":[{"href":"https:\/\/www.tc26-bijoux.com\/index.php?rest_route=%2Fwp%2Fv2%2Fmedia&parent=57954"}],"wp:term":[{"taxonomy":"product_brand","embeddable":true,"href":"https:\/\/www.tc26-bijoux.com\/index.php?rest_route=%2Fwp%2Fv2%2Fproduct_brand&post=57954"},{"taxonomy":"product_cat","embeddable":true,"href":"https:\/\/www.tc26-bijoux.com\/index.php?rest_route=%2Fwp%2Fv2%2Fproduct_cat&post=57954"},{"taxonomy":"product_tag","embeddable":true,"href":"https:\/\/www.tc26-bijoux.com\/index.php?rest_route=%2Fwp%2Fv2%2Fproduct_tag&post=57954"}],"curies":[{"name":"wp","href":"https:\/\/api.w.org\/{rel}","templated":true}]}}