{"id":58006,"date":"2025-03-12T12:21:05","date_gmt":"2025-03-12T11:21:05","guid":{"rendered":"https:\/\/www.tc26-bijoux.com\/?post_type=product&#038;p=58006"},"modified":"2025-03-21T14:13:42","modified_gmt":"2025-03-21T13:13:42","slug":"boucles-doreille-or-18-carats-et-diamants-mirta-2","status":"publish","type":"product","link":"https:\/\/www.tc26-bijoux.com\/?product=boucles-doreille-or-18-carats-et-diamants-mirta-2","title":{"rendered":"Boucles d&rsquo;oreille Or 18 Carats et Diamants Mirta"},"content":{"rendered":"<p>Ces superbes boucles d&rsquo;oreille en or 18 carats et diamants sont l&rsquo;incarnation du luxe et de l&rsquo;\u00e9l\u00e9gance. Avec un caratage total de 0.20 carats, des diamants de couleur G et une puret\u00e9 VS, elles ajoutent une touche de brillance subtile \u00e0 votre tenue. Leur dimension de 6&#215;7 mm offre un \u00e9quilibre parfait entre d\u00e9licatesse et sophistication.<\/p>\n","protected":false},"excerpt":{"rendered":"<p>Ces superbes boucles d&rsquo;oreille en or 18 carats et diamants sont l&rsquo;incarnation du luxe et de l&rsquo;\u00e9l\u00e9gance. Avec un caratage total de 0.20 carats, des diamants<span class=\"excerpt-hellip\"> [\u2026]<\/span><\/p>\n","protected":false},"featured_media":2173,"template":"","meta":{"_seopress_robots_primary_cat":"","_seopress_titles_title":"","_seopress_titles_desc":"","_seopress_robots_index":"","_seopress_analysis_target_kw":"","iawp_total_views":2},"product_brand":[],"product_cat":[81],"product_tag":[],"class_list":{"0":"post-58006","1":"product","2":"type-product","3":"status-publish","4":"has-post-thumbnail","6":"product_cat-puces-diamants","8":"first","9":"instock","10":"shipping-taxable","11":"purchasable","12":"product-type-variable"},"_links":{"self":[{"href":"https:\/\/www.tc26-bijoux.com\/index.php?rest_route=\/wp\/v2\/product\/58006","targetHints":{"allow":["GET"]}}],"collection":[{"href":"https:\/\/www.tc26-bijoux.com\/index.php?rest_route=\/wp\/v2\/product"}],"about":[{"href":"https:\/\/www.tc26-bijoux.com\/index.php?rest_route=\/wp\/v2\/types\/product"}],"wp:featuredmedia":[{"embeddable":true,"href":"https:\/\/www.tc26-bijoux.com\/index.php?rest_route=\/wp\/v2\/media\/2173"}],"wp:attachment":[{"href":"https:\/\/www.tc26-bijoux.com\/index.php?rest_route=%2Fwp%2Fv2%2Fmedia&parent=58006"}],"wp:term":[{"taxonomy":"product_brand","embeddable":true,"href":"https:\/\/www.tc26-bijoux.com\/index.php?rest_route=%2Fwp%2Fv2%2Fproduct_brand&post=58006"},{"taxonomy":"product_cat","embeddable":true,"href":"https:\/\/www.tc26-bijoux.com\/index.php?rest_route=%2Fwp%2Fv2%2Fproduct_cat&post=58006"},{"taxonomy":"product_tag","embeddable":true,"href":"https:\/\/www.tc26-bijoux.com\/index.php?rest_route=%2Fwp%2Fv2%2Fproduct_tag&post=58006"}],"curies":[{"name":"wp","href":"https:\/\/api.w.org\/{rel}","templated":true}]}}