{"id":58011,"date":"2025-03-12T12:21:06","date_gmt":"2025-03-12T11:21:06","guid":{"rendered":"https:\/\/www.tc26-bijoux.com\/?post_type=product&#038;p=58011"},"modified":"2025-03-21T14:13:42","modified_gmt":"2025-03-21T13:13:42","slug":"boucles-doreilles-or-18-carat-et-diamants-seestar-2","status":"publish","type":"product","link":"https:\/\/www.tc26-bijoux.com\/?product=boucles-doreilles-or-18-carat-et-diamants-seestar-2","title":{"rendered":"Boucles d&rsquo;oreilles Or 18 carat et Diamants Seestar"},"content":{"rendered":"<p>Les boucles d&rsquo;oreilles Seestar en or 18 carats et diamants sont disponibles dans trois variations de couleur : Blanc, Rose et Jaune. Orn\u00e9es d&rsquo;un poids total de 0,18 carats de diamants d&rsquo;une couleur G et d&rsquo;une puret\u00e9 VS, ces bijoux apportent une subtile touche de brillance \u00e0 votre look. Que vous pr\u00e9f\u00e9riez le Blanc classique, le Rose d\u00e9licat ou le Jaune audacieux, ces boucles d&rsquo;oreilles Seestar ajoutent une note de sophistication et de style \u00e0 votre tenue. Avec leur design \u00e9l\u00e9gant et leur choix de couleurs, ces boucles d&rsquo;oreilles sont parfaites pour compl\u00e9ter votre style avec une touche de luxe discret.<\/p>\n","protected":false},"excerpt":{"rendered":"<p>Les boucles d&rsquo;oreilles Seestar en or 18 carats et diamants sont disponibles dans trois variations de couleur : Blanc, Rose et Jaune. Orn\u00e9es d&rsquo;un poids total<span class=\"excerpt-hellip\"> [\u2026]<\/span><\/p>\n","protected":false},"featured_media":2133,"template":"","meta":{"_seopress_robots_primary_cat":"","_seopress_titles_title":"","_seopress_titles_desc":"","_seopress_robots_index":"","_seopress_analysis_target_kw":"","iawp_total_views":0},"product_brand":[],"product_cat":[81],"product_tag":[],"class_list":{"0":"post-58011","1":"product","2":"type-product","3":"status-publish","4":"has-post-thumbnail","6":"product_cat-puces-diamants","8":"first","9":"instock","10":"shipping-taxable","11":"purchasable","12":"product-type-variable"},"_links":{"self":[{"href":"https:\/\/www.tc26-bijoux.com\/index.php?rest_route=\/wp\/v2\/product\/58011","targetHints":{"allow":["GET"]}}],"collection":[{"href":"https:\/\/www.tc26-bijoux.com\/index.php?rest_route=\/wp\/v2\/product"}],"about":[{"href":"https:\/\/www.tc26-bijoux.com\/index.php?rest_route=\/wp\/v2\/types\/product"}],"wp:featuredmedia":[{"embeddable":true,"href":"https:\/\/www.tc26-bijoux.com\/index.php?rest_route=\/wp\/v2\/media\/2133"}],"wp:attachment":[{"href":"https:\/\/www.tc26-bijoux.com\/index.php?rest_route=%2Fwp%2Fv2%2Fmedia&parent=58011"}],"wp:term":[{"taxonomy":"product_brand","embeddable":true,"href":"https:\/\/www.tc26-bijoux.com\/index.php?rest_route=%2Fwp%2Fv2%2Fproduct_brand&post=58011"},{"taxonomy":"product_cat","embeddable":true,"href":"https:\/\/www.tc26-bijoux.com\/index.php?rest_route=%2Fwp%2Fv2%2Fproduct_cat&post=58011"},{"taxonomy":"product_tag","embeddable":true,"href":"https:\/\/www.tc26-bijoux.com\/index.php?rest_route=%2Fwp%2Fv2%2Fproduct_tag&post=58011"}],"curies":[{"name":"wp","href":"https:\/\/api.w.org\/{rel}","templated":true}]}}