{"id":58016,"date":"2025-03-12T12:21:06","date_gmt":"2025-03-12T11:21:06","guid":{"rendered":"https:\/\/www.tc26-bijoux.com\/?post_type=product&#038;p=58016"},"modified":"2025-03-21T14:13:48","modified_gmt":"2025-03-21T13:13:48","slug":"boucles-doreilles-or-18-carat-et-diamants-sally-2","status":"publish","type":"product","link":"https:\/\/www.tc26-bijoux.com\/?product=boucles-doreilles-or-18-carat-et-diamants-sally-2","title":{"rendered":"Boucles d&rsquo;oreilles Or 18 carat et Diamants Sally"},"content":{"rendered":"<p>Les boucles d&rsquo;oreilles Sally disponibles en or 18 carats et diamants sont un choix polyvalent avec diff\u00e9rentes options de couleur et de caratage. Disponibles en Blanc, Jaune et Rose, elles peuvent \u00eatre assorties \u00e0 votre style pr\u00e9f\u00e9r\u00e9. Les diamants, d&rsquo;une puret\u00e9 GVS, ajoutent un \u00e9clat subtil et raffin\u00e9. Avec des dimensions allant de 4 mm \u00e0 7 mm, vous pouvez choisir la taille qui convient le mieux \u00e0 votre go\u00fbt personnel. Ces boucles d&rsquo;oreilles offrent une combinaison de beaut\u00e9, de qualit\u00e9 et de personnalisation pour compl\u00e9ter votre look avec une touche de luxe.<\/p>\n","protected":false},"excerpt":{"rendered":"<p>Les boucles d&rsquo;oreilles Sally disponibles en or 18 carats et diamants sont un choix polyvalent avec diff\u00e9rentes options de couleur et de caratage. Disponibles en Blanc,<span class=\"excerpt-hellip\"> [\u2026]<\/span><\/p>\n","protected":false},"featured_media":550,"template":"","meta":{"_seopress_robots_primary_cat":"","_seopress_titles_title":"","_seopress_titles_desc":"","_seopress_robots_index":"","_seopress_analysis_target_kw":"","iawp_total_views":2},"product_brand":[],"product_cat":[81],"product_tag":[],"class_list":{"0":"post-58016","1":"product","2":"type-product","3":"status-publish","4":"has-post-thumbnail","6":"product_cat-puces-diamants","8":"first","9":"instock","10":"shipping-taxable","11":"purchasable","12":"product-type-variable"},"_links":{"self":[{"href":"https:\/\/www.tc26-bijoux.com\/index.php?rest_route=\/wp\/v2\/product\/58016","targetHints":{"allow":["GET"]}}],"collection":[{"href":"https:\/\/www.tc26-bijoux.com\/index.php?rest_route=\/wp\/v2\/product"}],"about":[{"href":"https:\/\/www.tc26-bijoux.com\/index.php?rest_route=\/wp\/v2\/types\/product"}],"wp:featuredmedia":[{"embeddable":true,"href":"https:\/\/www.tc26-bijoux.com\/index.php?rest_route=\/wp\/v2\/media\/550"}],"wp:attachment":[{"href":"https:\/\/www.tc26-bijoux.com\/index.php?rest_route=%2Fwp%2Fv2%2Fmedia&parent=58016"}],"wp:term":[{"taxonomy":"product_brand","embeddable":true,"href":"https:\/\/www.tc26-bijoux.com\/index.php?rest_route=%2Fwp%2Fv2%2Fproduct_brand&post=58016"},{"taxonomy":"product_cat","embeddable":true,"href":"https:\/\/www.tc26-bijoux.com\/index.php?rest_route=%2Fwp%2Fv2%2Fproduct_cat&post=58016"},{"taxonomy":"product_tag","embeddable":true,"href":"https:\/\/www.tc26-bijoux.com\/index.php?rest_route=%2Fwp%2Fv2%2Fproduct_tag&post=58016"}],"curies":[{"name":"wp","href":"https:\/\/api.w.org\/{rel}","templated":true}]}}