{"id":58046,"date":"2025-03-12T12:21:16","date_gmt":"2025-03-12T11:21:16","guid":{"rendered":"https:\/\/www.tc26-bijoux.com\/?post_type=product&#038;p=58046"},"modified":"2025-04-11T12:22:39","modified_gmt":"2025-04-11T10:22:39","slug":"boucles-doreille-diamants-et-or-18-carats-gessica-2","status":"publish","type":"product","link":"https:\/\/www.tc26-bijoux.com\/?product=boucles-doreille-diamants-et-or-18-carats-gessica-2","title":{"rendered":"Boucles d&rsquo;oreille Diamants Gessica"},"content":{"rendered":"<p>Les boucles d&rsquo;oreille Gessica en or 18 carats et diamants sont disponibles en coloris blanc et rose. Les diamants de couleur G ajoutent une brillance \u00e9clatante \u00e0 ces boucles d&rsquo;oreille, tandis que leur puret\u00e9 VS garantit leur qualit\u00e9 exceptionnelle. Le caratage total des pierres est de 0.60 carats, avec un diamant central de 0.40 carats, qui est la pi\u00e8ce ma\u00eetresse de ces boucles d&rsquo;oreille. Les dimensions de 6.6&#215;8 mm leur conf\u00e8rent une taille \u00e9l\u00e9gante et polyvalente, id\u00e9ale pour toutes les occasions. Les boucles d&rsquo;oreille Gessica allient beaut\u00e9, luxe et sophistication, ajoutant une touche de glamour \u00e0 votre look.<\/p>\n","protected":false},"excerpt":{"rendered":"<p>Les boucles d&rsquo;oreille Gessica en or 18 carats et diamants sont disponibles en coloris blanc et rose. Les diamants de couleur G ajoutent une brillance \u00e9clatante<span class=\"excerpt-hellip\"> [\u2026]<\/span><\/p>\n","protected":false},"featured_media":2161,"template":"","meta":{"_seopress_robots_primary_cat":"none","_seopress_titles_title":"","_seopress_titles_desc":"","_seopress_robots_index":"","_seopress_analysis_target_kw":"","iawp_total_views":6},"product_brand":[],"product_cat":[81],"product_tag":[],"class_list":{"0":"post-58046","1":"product","2":"type-product","3":"status-publish","4":"has-post-thumbnail","6":"product_cat-puces-diamants","8":"first","9":"instock","10":"shipping-taxable","11":"purchasable","12":"product-type-variable"},"_links":{"self":[{"href":"https:\/\/www.tc26-bijoux.com\/index.php?rest_route=\/wp\/v2\/product\/58046","targetHints":{"allow":["GET"]}}],"collection":[{"href":"https:\/\/www.tc26-bijoux.com\/index.php?rest_route=\/wp\/v2\/product"}],"about":[{"href":"https:\/\/www.tc26-bijoux.com\/index.php?rest_route=\/wp\/v2\/types\/product"}],"wp:featuredmedia":[{"embeddable":true,"href":"https:\/\/www.tc26-bijoux.com\/index.php?rest_route=\/wp\/v2\/media\/2161"}],"wp:attachment":[{"href":"https:\/\/www.tc26-bijoux.com\/index.php?rest_route=%2Fwp%2Fv2%2Fmedia&parent=58046"}],"wp:term":[{"taxonomy":"product_brand","embeddable":true,"href":"https:\/\/www.tc26-bijoux.com\/index.php?rest_route=%2Fwp%2Fv2%2Fproduct_brand&post=58046"},{"taxonomy":"product_cat","embeddable":true,"href":"https:\/\/www.tc26-bijoux.com\/index.php?rest_route=%2Fwp%2Fv2%2Fproduct_cat&post=58046"},{"taxonomy":"product_tag","embeddable":true,"href":"https:\/\/www.tc26-bijoux.com\/index.php?rest_route=%2Fwp%2Fv2%2Fproduct_tag&post=58046"}],"curies":[{"name":"wp","href":"https:\/\/api.w.org\/{rel}","templated":true}]}}