{"id":77956,"date":"2026-03-17T13:51:22","date_gmt":"2026-03-17T12:51:22","guid":{"rendered":"https:\/\/www.tc26-bijoux.com\/?post_type=product&#038;p=77956"},"modified":"2026-03-23T12:08:03","modified_gmt":"2026-03-23T11:08:03","slug":"bracelet-riviere-diamants-noirs-et-or-18-carats-marine","status":"publish","type":"product","link":"https:\/\/www.tc26-bijoux.com\/?product=bracelet-riviere-diamants-noirs-et-or-18-carats-marine","title":{"rendered":"Bracelet Rivi\u00e8re Diamants Noirs et Or 18 Carats Marine"},"content":{"rendered":"<article class=\"text-token-text-primary w-full focus:outline-none [--shadow-height:45px] has-data-writing-block:pointer-events-none has-data-writing-block:-mt-(--shadow-height) has-data-writing-block:pt-(--shadow-height) [&amp;:has([data-writing-block])&gt;*]:pointer-events-auto scroll-mt-(--header-height)\" dir=\"auto\" tabindex=\"-1\" data-turn-id=\"0a28ffe6-27e0-404f-8b5c-c98e19612c52\" data-testid=\"conversation-turn-1\" data-scroll-anchor=\"false\" data-turn=\"user\"><\/article>\n<article class=\"text-token-text-primary w-full focus:outline-none [--shadow-height:45px] has-data-writing-block:pointer-events-none has-data-writing-block:-mt-(--shadow-height) has-data-writing-block:pt-(--shadow-height) [&amp;:has([data-writing-block])&gt;*]:pointer-events-auto scroll-mt-[calc(var(--header-height)+min(200px,max(70px,20svh)))]\" dir=\"auto\" tabindex=\"-1\" data-turn-id=\"request-WEB:a2ce2608-466d-423c-af9c-215b60db56bc-0\" data-testid=\"conversation-turn-2\" data-scroll-anchor=\"true\" data-turn=\"assistant\">\n<div class=\"text-base my-auto mx-auto pb-10 [--thread-content-margin:var(--thread-content-margin-xs,calc(var(--spacing)*4))] @w-sm\/main:[--thread-content-margin:var(--thread-content-margin-sm,calc(var(--spacing)*6))] @w-lg\/main:[--thread-content-margin:var(--thread-content-margin-lg,calc(var(--spacing)*16))] px-(--thread-content-margin)\">\n<div class=\"[--thread-content-max-width:40rem] @w-lg\/main:[--thread-content-max-width:48rem] mx-auto max-w-(--thread-content-max-width) flex-1 group\/turn-messages focus-visible:outline-hidden relative flex w-full min-w-0 flex-col agent-turn\" tabindex=\"-1\">\n<div class=\"flex max-w-full flex-col gap-4 grow\">\n<div class=\"min-h-8 text-message relative flex w-full flex-col items-end gap-2 text-start break-words whitespace-normal [.text-message+&amp;]:mt-1\" dir=\"auto\" data-message-author-role=\"assistant\" data-message-id=\"f657e92d-b169-45fe-8791-4c9ed26cbf08\" data-message-model-slug=\"gpt-5-3\">\n<div class=\"flex w-full flex-col gap-1 empty:hidden\">\n<div class=\"markdown prose dark:prose-invert w-full wrap-break-word light markdown-new-styling\">\n<p data-start=\"0\" data-end=\"363\">Le bracelet Rivi\u00e8re Marine en diamants noirs et or 18 carats incarne une \u00e9l\u00e9gance rare, m\u00ealant caract\u00e8re et raffinement. Compos\u00e9 de 75 pierres pour un poids total de 3,86 carats, il s\u00e9duit par l\u2019intensit\u00e9 profonde de ses diamants noirs, soigneusement s\u00e9lectionn\u00e9s pour leur homog\u00e9n\u00e9it\u00e9 et leur \u00e9clat subtil, apportant une touche \u00e0 la fois moderne et intemporelle.<\/p>\n<p data-start=\"365\" data-end=\"641\">Chaque pierre est d\u00e9licatement sertie dans de l\u2019or 18 carats, dont la chaleur met en valeur le contraste avec les diamants, soulignant ainsi le caract\u00e8re unique du bijou. Sa conception soign\u00e9e assure une ligne fluide et un port\u00e9 confortable, \u00e9pousant naturellement le poignet.<\/p>\n<p data-start=\"643\" data-end=\"962\" data-is-last-node=\"\" data-is-only-node=\"\">Id\u00e9al pour sublimer une tenue lors d\u2019une occasion sp\u00e9ciale ou pour apporter une note \u00e9l\u00e9gante au quotidien, le bracelet Rivi\u00e8re Marine affirme un style \u00e0 la fois audacieux et sophistiqu\u00e9. Sa qualit\u00e9 remarquable et son design intemporel en font une pi\u00e8ce pr\u00e9cieuse, destin\u00e9e \u00e0 \u00eatre transmise de g\u00e9n\u00e9ration en g\u00e9n\u00e9ration.<\/p>\n<\/div>\n<\/div>\n<\/div>\n<\/div>\n<\/div>\n<\/div>\n<\/article>\n","protected":false},"excerpt":{"rendered":"<p>Mati\u00e8re : Or 18 carat<\/p>\n<p>Couleur m\u00e9tal : Noir<\/p>\n<p>Nature des Pierres : Diamants noirs<\/p>\n<p>Couleur des Diamants : Noir<\/p>\n<p>Poids Total des Diamants : 3.86\u00a0 \u00a0Carats<\/p>\n<p>R\u00e9f\u00e9rence : AB0204\/B\/21CM<\/p>\n","protected":false},"featured_media":77964,"template":"","meta":{"_seopress_robots_primary_cat":"none","_seopress_titles_title":"Bracelet Rivi\u00e8re Diamants Noirs et Or 18 Carats Marine","_seopress_titles_desc":"","_seopress_robots_index":"","_seopress_analysis_target_kw":"","iawp_total_views":7},"product_brand":[],"product_cat":[92,15,97],"product_tag":[],"class_list":{"0":"post-77956","1":"product","2":"type-product","3":"status-publish","4":"has-post-thumbnail","6":"product_cat-bracelets-rivieres","7":"product_cat-home-tc26-bijoux","8":"product_cat-nos-nouveautes","10":"first","11":"instock","12":"featured","13":"shipping-taxable","14":"purchasable","15":"product-type-variable"},"_links":{"self":[{"href":"https:\/\/www.tc26-bijoux.com\/index.php?rest_route=\/wp\/v2\/product\/77956","targetHints":{"allow":["GET"]}}],"collection":[{"href":"https:\/\/www.tc26-bijoux.com\/index.php?rest_route=\/wp\/v2\/product"}],"about":[{"href":"https:\/\/www.tc26-bijoux.com\/index.php?rest_route=\/wp\/v2\/types\/product"}],"wp:featuredmedia":[{"embeddable":true,"href":"https:\/\/www.tc26-bijoux.com\/index.php?rest_route=\/wp\/v2\/media\/77964"}],"wp:attachment":[{"href":"https:\/\/www.tc26-bijoux.com\/index.php?rest_route=%2Fwp%2Fv2%2Fmedia&parent=77956"}],"wp:term":[{"taxonomy":"product_brand","embeddable":true,"href":"https:\/\/www.tc26-bijoux.com\/index.php?rest_route=%2Fwp%2Fv2%2Fproduct_brand&post=77956"},{"taxonomy":"product_cat","embeddable":true,"href":"https:\/\/www.tc26-bijoux.com\/index.php?rest_route=%2Fwp%2Fv2%2Fproduct_cat&post=77956"},{"taxonomy":"product_tag","embeddable":true,"href":"https:\/\/www.tc26-bijoux.com\/index.php?rest_route=%2Fwp%2Fv2%2Fproduct_tag&post=77956"}],"curies":[{"name":"wp","href":"https:\/\/api.w.org\/{rel}","templated":true}]}}