{"id":77965,"date":"2026-03-17T15:34:25","date_gmt":"2026-03-17T14:34:25","guid":{"rendered":"https:\/\/www.tc26-bijoux.com\/?post_type=product&#038;p=77965"},"modified":"2026-03-23T12:07:23","modified_gmt":"2026-03-23T11:07:23","slug":"bracelet-riviere-diamants-noirs-et-or-18-carats-mina","status":"publish","type":"product","link":"https:\/\/www.tc26-bijoux.com\/?product=bracelet-riviere-diamants-noirs-et-or-18-carats-mina","title":{"rendered":"Bracelet Rivi\u00e8re Diamants Noirs et Or 18 Carats Mina"},"content":{"rendered":"<article class=\"text-token-text-primary w-full focus:outline-none [--shadow-height:45px] has-data-writing-block:pointer-events-none has-data-writing-block:-mt-(--shadow-height) has-data-writing-block:pt-(--shadow-height) [&amp;:has([data-writing-block])&gt;*]:pointer-events-auto scroll-mt-(--header-height)\" dir=\"auto\" tabindex=\"-1\" data-turn-id=\"0a28ffe6-27e0-404f-8b5c-c98e19612c52\" data-testid=\"conversation-turn-1\" data-scroll-anchor=\"false\" data-turn=\"user\"><\/article>\n<article class=\"text-token-text-primary w-full focus:outline-none [--shadow-height:45px] has-data-writing-block:pointer-events-none has-data-writing-block:-mt-(--shadow-height) has-data-writing-block:pt-(--shadow-height) [&amp;:has([data-writing-block])&gt;*]:pointer-events-auto scroll-mt-[calc(var(--header-height)+min(200px,max(70px,20svh)))]\" dir=\"auto\" tabindex=\"-1\" data-turn-id=\"request-WEB:a2ce2608-466d-423c-af9c-215b60db56bc-0\" data-testid=\"conversation-turn-2\" data-scroll-anchor=\"true\" data-turn=\"assistant\">\n<div class=\"text-base my-auto mx-auto pb-10 [--thread-content-margin:var(--thread-content-margin-xs,calc(var(--spacing)*4))] @w-sm\/main:[--thread-content-margin:var(--thread-content-margin-sm,calc(var(--spacing)*6))] @w-lg\/main:[--thread-content-margin:var(--thread-content-margin-lg,calc(var(--spacing)*16))] px-(--thread-content-margin)\">\n<div class=\"[--thread-content-max-width:40rem] @w-lg\/main:[--thread-content-max-width:48rem] mx-auto max-w-(--thread-content-max-width) flex-1 group\/turn-messages focus-visible:outline-hidden relative flex w-full min-w-0 flex-col agent-turn\" tabindex=\"-1\">\n<div class=\"flex max-w-full flex-col gap-4 grow\">\n<div class=\"min-h-8 text-message relative flex w-full flex-col items-end gap-2 text-start break-words whitespace-normal [.text-message+&amp;]:mt-1\" dir=\"auto\" data-message-author-role=\"assistant\" data-message-id=\"f657e92d-b169-45fe-8791-4c9ed26cbf08\" data-message-model-slug=\"gpt-5-3\">\n<div class=\"flex w-full flex-col gap-1 empty:hidden\">\n<div class=\"markdown prose dark:prose-invert w-full wrap-break-word light markdown-new-styling\">\n<p data-start=\"0\" data-end=\"379\">Le bracelet Rivi\u00e8re Mina en diamants noirs et or 18 carats s\u00e9duit par son allure \u00e9l\u00e9gante et contemporaine, o\u00f9 finesse et caract\u00e8re s\u2019harmonisent parfaitement. Compos\u00e9 de 100 diamants pour un poids total de 1,18 carat, il r\u00e9v\u00e8le une brillance discr\u00e8te et raffin\u00e9e, sublim\u00e9e par la profondeur intense des pierres noires, s\u00e9lectionn\u00e9es avec soin pour leur r\u00e9gularit\u00e9 et leur \u00e9clat.<\/p>\n<p data-start=\"381\" data-end=\"685\">Chaque diamant est serti avec pr\u00e9cision dans de l\u2019or 18 carats, cr\u00e9ant un contraste subtil qui met en lumi\u00e8re la singularit\u00e9 du bijou. Sa structure d\u00e9licate et r\u00e9guli\u00e8re offre une belle souplesse, permettant au bracelet de suivre naturellement les mouvements du poignet tout en assurant un grand confort.<\/p>\n<p data-start=\"687\" data-end=\"1013\" data-is-last-node=\"\" data-is-only-node=\"\">\u00c0 la fois discret et distinctif, le bracelet Rivi\u00e8re Mina s\u2019adapte aussi bien \u00e0 une tenue de soir\u00e9e qu\u2019\u00e0 un style quotidien, apportant une touche de sophistication sans effort. Intemporel dans son design et irr\u00e9prochable dans sa qualit\u00e9, il s\u2019impose comme un bijou pr\u00e9cieux, pens\u00e9 pour durer et se transmettre au fil du temps.<\/p>\n<\/div>\n<\/div>\n<\/div>\n<\/div>\n<\/div>\n<\/div>\n<\/article>\n","protected":false},"excerpt":{"rendered":"<p>Mati\u00e8re : Or 18 carat<\/p>\n<p>Couleur m\u00e9tal : Noir<\/p>\n<p>Nature des Pierres : Diamants noirs<\/p>\n<p>Couleur des Diamants : Noir<\/p>\n<p>Poids Total des Diamants : 1.18 Carats<\/p>\n<p>R\u00e9f\u00e9rence : AB1506\/B<\/p>\n","protected":false},"featured_media":77970,"template":"","meta":{"_seopress_robots_primary_cat":"none","_seopress_titles_title":"Bracelet Rivi\u00e8re Diamants Noirs et Or 18 Carats Mina","_seopress_titles_desc":"","_seopress_robots_index":"","_seopress_analysis_target_kw":"","iawp_total_views":6},"product_brand":[],"product_cat":[92,15,97],"product_tag":[],"class_list":{"0":"post-77965","1":"product","2":"type-product","3":"status-publish","4":"has-post-thumbnail","6":"product_cat-bracelets-rivieres","7":"product_cat-home-tc26-bijoux","8":"product_cat-nos-nouveautes","10":"first","11":"instock","12":"featured","13":"shipping-taxable","14":"purchasable","15":"product-type-variable"},"_links":{"self":[{"href":"https:\/\/www.tc26-bijoux.com\/index.php?rest_route=\/wp\/v2\/product\/77965","targetHints":{"allow":["GET"]}}],"collection":[{"href":"https:\/\/www.tc26-bijoux.com\/index.php?rest_route=\/wp\/v2\/product"}],"about":[{"href":"https:\/\/www.tc26-bijoux.com\/index.php?rest_route=\/wp\/v2\/types\/product"}],"wp:featuredmedia":[{"embeddable":true,"href":"https:\/\/www.tc26-bijoux.com\/index.php?rest_route=\/wp\/v2\/media\/77970"}],"wp:attachment":[{"href":"https:\/\/www.tc26-bijoux.com\/index.php?rest_route=%2Fwp%2Fv2%2Fmedia&parent=77965"}],"wp:term":[{"taxonomy":"product_brand","embeddable":true,"href":"https:\/\/www.tc26-bijoux.com\/index.php?rest_route=%2Fwp%2Fv2%2Fproduct_brand&post=77965"},{"taxonomy":"product_cat","embeddable":true,"href":"https:\/\/www.tc26-bijoux.com\/index.php?rest_route=%2Fwp%2Fv2%2Fproduct_cat&post=77965"},{"taxonomy":"product_tag","embeddable":true,"href":"https:\/\/www.tc26-bijoux.com\/index.php?rest_route=%2Fwp%2Fv2%2Fproduct_tag&post=77965"}],"curies":[{"name":"wp","href":"https:\/\/api.w.org\/{rel}","templated":true}]}}