{"id":77971,"date":"2026-03-17T15:59:36","date_gmt":"2026-03-17T14:59:36","guid":{"rendered":"https:\/\/www.tc26-bijoux.com\/?post_type=product&#038;p=77971"},"modified":"2026-03-23T12:05:53","modified_gmt":"2026-03-23T11:05:53","slug":"bracelet-diamants-et-or-18-carats-lola","status":"publish","type":"product","link":"https:\/\/www.tc26-bijoux.com\/?product=bracelet-diamants-et-or-18-carats-lola","title":{"rendered":"Bracelet Diamants et Or 18 Carats Lola"},"content":{"rendered":"<article class=\"text-token-text-primary w-full focus:outline-none [--shadow-height:45px] has-data-writing-block:pointer-events-none has-data-writing-block:-mt-(--shadow-height) has-data-writing-block:pt-(--shadow-height) [&amp;:has([data-writing-block])&gt;*]:pointer-events-auto scroll-mt-(--header-height)\" dir=\"auto\" tabindex=\"-1\" data-turn-id=\"0a28ffe6-27e0-404f-8b5c-c98e19612c52\" data-testid=\"conversation-turn-1\" data-scroll-anchor=\"false\" data-turn=\"user\"><\/article>\n<article class=\"text-token-text-primary w-full focus:outline-none [--shadow-height:45px] has-data-writing-block:pointer-events-none has-data-writing-block:-mt-(--shadow-height) has-data-writing-block:pt-(--shadow-height) [&amp;:has([data-writing-block])&gt;*]:pointer-events-auto scroll-mt-[calc(var(--header-height)+min(200px,max(70px,20svh)))]\" dir=\"auto\" tabindex=\"-1\" data-turn-id=\"request-WEB:a2ce2608-466d-423c-af9c-215b60db56bc-0\" data-testid=\"conversation-turn-2\" data-scroll-anchor=\"true\" data-turn=\"assistant\">\n<div class=\"text-base my-auto mx-auto pb-10 [--thread-content-margin:var(--thread-content-margin-xs,calc(var(--spacing)*4))] @w-sm\/main:[--thread-content-margin:var(--thread-content-margin-sm,calc(var(--spacing)*6))] @w-lg\/main:[--thread-content-margin:var(--thread-content-margin-lg,calc(var(--spacing)*16))] px-(--thread-content-margin)\">\n<div class=\"[--thread-content-max-width:40rem] @w-lg\/main:[--thread-content-max-width:48rem] mx-auto max-w-(--thread-content-max-width) flex-1 group\/turn-messages focus-visible:outline-hidden relative flex w-full min-w-0 flex-col agent-turn\" tabindex=\"-1\">\n<div class=\"flex max-w-full flex-col gap-4 grow\">\n<div class=\"min-h-8 text-message relative flex w-full flex-col items-end gap-2 text-start break-words whitespace-normal [.text-message+&amp;]:mt-1\" dir=\"auto\" data-message-author-role=\"assistant\" data-message-id=\"f657e92d-b169-45fe-8791-4c9ed26cbf08\" data-message-model-slug=\"gpt-5-3\">\n<div class=\"flex w-full flex-col gap-1 empty:hidden\">\n<div class=\"markdown prose dark:prose-invert w-full wrap-break-word light markdown-new-styling\">\n<p data-start=\"0\" data-end=\"350\">Le bracelet Lola en diamants et or 18 carats charme par son \u00e9l\u00e9gance moderne et sa d\u00e9licatesse naturelle, o\u00f9 finesse et caract\u00e8re s\u2019\u00e9quilibrent avec subtilit\u00e9. Compos\u00e9 de 24 diamants pour un poids total de 0,81 carat, il d\u00e9voile un \u00e9clat raffin\u00e9, port\u00e9 par des pierres soigneusement s\u00e9lectionn\u00e9es pour leur puret\u00e9, leur r\u00e9gularit\u00e9 et leur luminosit\u00e9.<\/p>\n<p data-start=\"352\" data-end=\"638\">Chaque diamant est minutieusement serti dans de l\u2019or 18 carats, dont la teinte chaleureuse sublime la brillance des pierres et souligne le design \u00e9pur\u00e9 du bijou. Sa conception fluide et harmonieuse lui conf\u00e8re une grande souplesse, assurant un port\u00e9 confortable et \u00e9l\u00e9gant au quotidien.<\/p>\n<p data-start=\"640\" data-end=\"916\" data-is-last-node=\"\" data-is-only-node=\"\">\u00c0 la fois discret et sophistiqu\u00e9, le bracelet Lola accompagne aussi bien les moments d\u2019exception que les instants du quotidien, en apportant une touche lumineuse et raffin\u00e9e. Intemporel et r\u00e9solument \u00e9l\u00e9gant, il s\u2019impose comme une pi\u00e8ce pr\u00e9cieuse \u00e0 conserver et \u00e0 transmettre.<\/p>\n<\/div>\n<\/div>\n<\/div>\n<\/div>\n<\/div>\n<\/div>\n<\/article>\n","protected":false},"excerpt":{"rendered":"<p>Mati\u00e8re : Or 18 carat<\/p>\n<p>Couleur m\u00e9tal : Blanc<\/p>\n<p>Nature des Pierres : Diamant<\/p>\n<p>Couleur des Diamants : Blanches<\/p>\n<p>Poids Total des Diamants : 0.81 Carats<\/p>\n<p>R\u00e9f\u00e9rence : AB3152<\/p>\n","protected":false},"featured_media":77976,"template":"","meta":{"_seopress_robots_primary_cat":"none","_seopress_titles_title":"Bracelet Diamants et Or 18 Carats Lola","_seopress_titles_desc":"","_seopress_robots_index":"","_seopress_analysis_target_kw":"","iawp_total_views":3},"product_brand":[],"product_cat":[82,15,97],"product_tag":[],"class_list":{"0":"post-77971","1":"product","2":"type-product","3":"status-publish","4":"has-post-thumbnail","6":"product_cat-bracelets-diamants","7":"product_cat-home-tc26-bijoux","8":"product_cat-nos-nouveautes","10":"first","11":"instock","12":"featured","13":"shipping-taxable","14":"purchasable","15":"product-type-variable"},"_links":{"self":[{"href":"https:\/\/www.tc26-bijoux.com\/index.php?rest_route=\/wp\/v2\/product\/77971","targetHints":{"allow":["GET"]}}],"collection":[{"href":"https:\/\/www.tc26-bijoux.com\/index.php?rest_route=\/wp\/v2\/product"}],"about":[{"href":"https:\/\/www.tc26-bijoux.com\/index.php?rest_route=\/wp\/v2\/types\/product"}],"wp:featuredmedia":[{"embeddable":true,"href":"https:\/\/www.tc26-bijoux.com\/index.php?rest_route=\/wp\/v2\/media\/77976"}],"wp:attachment":[{"href":"https:\/\/www.tc26-bijoux.com\/index.php?rest_route=%2Fwp%2Fv2%2Fmedia&parent=77971"}],"wp:term":[{"taxonomy":"product_brand","embeddable":true,"href":"https:\/\/www.tc26-bijoux.com\/index.php?rest_route=%2Fwp%2Fv2%2Fproduct_brand&post=77971"},{"taxonomy":"product_cat","embeddable":true,"href":"https:\/\/www.tc26-bijoux.com\/index.php?rest_route=%2Fwp%2Fv2%2Fproduct_cat&post=77971"},{"taxonomy":"product_tag","embeddable":true,"href":"https:\/\/www.tc26-bijoux.com\/index.php?rest_route=%2Fwp%2Fv2%2Fproduct_tag&post=77971"}],"curies":[{"name":"wp","href":"https:\/\/api.w.org\/{rel}","templated":true}]}}