{"id":77977,"date":"2026-03-17T16:21:31","date_gmt":"2026-03-17T15:21:31","guid":{"rendered":"https:\/\/www.tc26-bijoux.com\/?post_type=product&#038;p=77977"},"modified":"2026-03-23T12:05:18","modified_gmt":"2026-03-23T11:05:18","slug":"bracelet-diamants-avec-saphir-et-or-18-carats-nina","status":"publish","type":"product","link":"https:\/\/www.tc26-bijoux.com\/?product=bracelet-diamants-avec-saphir-et-or-18-carats-nina","title":{"rendered":"Bracelet Diamants avec Saphir et Or 18 Carats Nina"},"content":{"rendered":"<article class=\"text-token-text-primary w-full focus:outline-none [--shadow-height:45px] has-data-writing-block:pointer-events-none has-data-writing-block:-mt-(--shadow-height) has-data-writing-block:pt-(--shadow-height) [&amp;:has([data-writing-block])&gt;*]:pointer-events-auto scroll-mt-(--header-height)\" dir=\"auto\" tabindex=\"-1\" data-turn-id=\"0a28ffe6-27e0-404f-8b5c-c98e19612c52\" data-testid=\"conversation-turn-1\" data-scroll-anchor=\"false\" data-turn=\"user\"><\/article>\n<article class=\"text-token-text-primary w-full focus:outline-none [--shadow-height:45px] has-data-writing-block:pointer-events-none has-data-writing-block:-mt-(--shadow-height) has-data-writing-block:pt-(--shadow-height) [&amp;:has([data-writing-block])&gt;*]:pointer-events-auto scroll-mt-[calc(var(--header-height)+min(200px,max(70px,20svh)))]\" dir=\"auto\" tabindex=\"-1\" data-turn-id=\"request-WEB:a2ce2608-466d-423c-af9c-215b60db56bc-0\" data-testid=\"conversation-turn-2\" data-scroll-anchor=\"true\" data-turn=\"assistant\">\n<div class=\"text-base my-auto mx-auto pb-10 [--thread-content-margin:var(--thread-content-margin-xs,calc(var(--spacing)*4))] @w-sm\/main:[--thread-content-margin:var(--thread-content-margin-sm,calc(var(--spacing)*6))] @w-lg\/main:[--thread-content-margin:var(--thread-content-margin-lg,calc(var(--spacing)*16))] px-(--thread-content-margin)\">\n<div class=\"[--thread-content-max-width:40rem] @w-lg\/main:[--thread-content-max-width:48rem] mx-auto max-w-(--thread-content-max-width) flex-1 group\/turn-messages focus-visible:outline-hidden relative flex w-full min-w-0 flex-col agent-turn\" tabindex=\"-1\">\n<div class=\"flex max-w-full flex-col gap-4 grow\">\n<div class=\"min-h-8 text-message relative flex w-full flex-col items-end gap-2 text-start break-words whitespace-normal [.text-message+&amp;]:mt-1\" dir=\"auto\" data-message-author-role=\"assistant\" data-message-id=\"f657e92d-b169-45fe-8791-4c9ed26cbf08\" data-message-model-slug=\"gpt-5-3\">\n<div class=\"flex w-full flex-col gap-1 empty:hidden\">\n<div class=\"markdown prose dark:prose-invert w-full wrap-break-word light markdown-new-styling\">\n<article class=\"text-token-text-primary w-full focus:outline-none [--shadow-height:45px] has-data-writing-block:pointer-events-none has-data-writing-block:-mt-(--shadow-height) has-data-writing-block:pt-(--shadow-height) [&amp;:has([data-writing-block])&gt;*]:pointer-events-auto scroll-mt-(--header-height)\" dir=\"auto\" tabindex=\"-1\" data-turn-id=\"65c833b8-212c-461a-959a-e92009530a18\" data-testid=\"conversation-turn-11\" data-scroll-anchor=\"false\" data-turn=\"user\"><\/article>\n<article class=\"text-token-text-primary w-full focus:outline-none [--shadow-height:45px] has-data-writing-block:pointer-events-none has-data-writing-block:-mt-(--shadow-height) has-data-writing-block:pt-(--shadow-height) [&amp;:has([data-writing-block])&gt;*]:pointer-events-auto scroll-mt-[calc(var(--header-height)+min(200px,max(70px,20svh)))]\" dir=\"auto\" tabindex=\"-1\" data-turn-id=\"request-WEB:a2ce2608-466d-423c-af9c-215b60db56bc-5\" data-testid=\"conversation-turn-12\" data-scroll-anchor=\"true\" data-turn=\"assistant\">\n<div class=\"text-base my-auto mx-auto pb-10 [--thread-content-margin:var(--thread-content-margin-xs,calc(var(--spacing)*4))] @w-sm\/main:[--thread-content-margin:var(--thread-content-margin-sm,calc(var(--spacing)*6))] @w-lg\/main:[--thread-content-margin:var(--thread-content-margin-lg,calc(var(--spacing)*16))] px-(--thread-content-margin)\">\n<div class=\"[--thread-content-max-width:40rem] @w-lg\/main:[--thread-content-max-width:48rem] mx-auto max-w-(--thread-content-max-width) flex-1 group\/turn-messages focus-visible:outline-hidden relative flex w-full min-w-0 flex-col agent-turn\" tabindex=\"-1\">\n<div class=\"flex max-w-full flex-col gap-4 grow\">\n<div class=\"min-h-8 text-message relative flex w-full flex-col items-end gap-2 text-start break-words whitespace-normal [.text-message+&amp;]:mt-1\" dir=\"auto\" data-message-author-role=\"assistant\" data-message-id=\"7ede83c4-43b1-4eec-998d-42505c8bab3d\" data-message-model-slug=\"gpt-5-3\">\n<div class=\"flex w-full flex-col gap-1 empty:hidden\">\n<div class=\"markdown prose dark:prose-invert w-full wrap-break-word light markdown-new-styling\">\n<p data-start=\"0\" data-end=\"445\">Le bracelet Nina en diamants et or 18 carats, sublim\u00e9 par un saphir, s\u00e9duit par son \u00e9l\u00e9gance moderne et sa d\u00e9licatesse naturelle, o\u00f9 finesse et caract\u00e8re s\u2019expriment avec justesse. Compos\u00e9 de 27 diamants pour un poids total de 0,19 carat, il est rehauss\u00e9 en son centre d\u2019un saphir de 0,21 carat, apportant une touche de couleur profonde et captivante. Les pierres sont soigneusement s\u00e9lectionn\u00e9es pour leur puret\u00e9, leur r\u00e9gularit\u00e9 et leur \u00e9clat.<\/p>\n<p data-start=\"447\" data-end=\"722\">Chaque diamant est minutieusement serti dans de l\u2019or 18 carats, dont la chaleur met en valeur la luminosit\u00e9 des pierres ainsi que l\u2019intensit\u00e9 du saphir central. Sa conception fluide et harmonieuse assure une belle souplesse, offrant un port\u00e9 \u00e0 la fois confortable et \u00e9l\u00e9gant.<\/p>\n<p data-start=\"724\" data-end=\"1022\" data-is-last-node=\"\" data-is-only-node=\"\">\u00c0 la fois discret et sophistiqu\u00e9, le bracelet Nina s\u2019adapte aussi bien aux occasions sp\u00e9ciales qu\u2019au quotidien, apportant une note raffin\u00e9e et lumineuse \u00e0 chaque tenue. Intemporel dans son style et soign\u00e9 dans ses finitions, il s\u2019impose comme un bijou pr\u00e9cieux, destin\u00e9 \u00e0 \u00eatre conserv\u00e9 et transmis.<\/p>\n<\/div>\n<\/div>\n<\/div>\n<\/div>\n<\/div>\n<\/div>\n<\/article>\n<\/div>\n<\/div>\n<\/div>\n<\/div>\n<\/div>\n<\/div>\n<\/article>\n","protected":false},"excerpt":{"rendered":"<p>Mati\u00e8re : Or 18 carat<\/p>\n<p>Couleur m\u00e9tal : Blanc<\/p>\n<p>Nature des Pierres : Diamant<\/p>\n<p>Couleur des Diamants : Blanc<\/p>\n<p>Poids Total des Diamants : 0.19 Carats<\/p>\n<p>Pierres central : Saphir<\/p>\n<p>Poids pierre central : 0.21 Carats<\/p>\n<p>R\u00e9f\u00e9rence : AB3476\/BS\/15.5C<\/p>\n","protected":false},"featured_media":77982,"template":"","meta":{"_seopress_robots_primary_cat":"none","_seopress_titles_title":"Bracelet Diamants avec Saphir et Or 18 Carats Nina","_seopress_titles_desc":"","_seopress_robots_index":"","_seopress_analysis_target_kw":"","iawp_total_views":3},"product_brand":[],"product_cat":[82,89,15,97],"product_tag":[],"class_list":{"0":"post-77977","1":"product","2":"type-product","3":"status-publish","4":"has-post-thumbnail","6":"product_cat-bracelets-diamants","7":"product_cat-bracelets-pierres-precieuses","8":"product_cat-home-tc26-bijoux","9":"product_cat-nos-nouveautes","11":"first","12":"instock","13":"featured","14":"shipping-taxable","15":"purchasable","16":"product-type-variable"},"_links":{"self":[{"href":"https:\/\/www.tc26-bijoux.com\/index.php?rest_route=\/wp\/v2\/product\/77977","targetHints":{"allow":["GET"]}}],"collection":[{"href":"https:\/\/www.tc26-bijoux.com\/index.php?rest_route=\/wp\/v2\/product"}],"about":[{"href":"https:\/\/www.tc26-bijoux.com\/index.php?rest_route=\/wp\/v2\/types\/product"}],"wp:featuredmedia":[{"embeddable":true,"href":"https:\/\/www.tc26-bijoux.com\/index.php?rest_route=\/wp\/v2\/media\/77982"}],"wp:attachment":[{"href":"https:\/\/www.tc26-bijoux.com\/index.php?rest_route=%2Fwp%2Fv2%2Fmedia&parent=77977"}],"wp:term":[{"taxonomy":"product_brand","embeddable":true,"href":"https:\/\/www.tc26-bijoux.com\/index.php?rest_route=%2Fwp%2Fv2%2Fproduct_brand&post=77977"},{"taxonomy":"product_cat","embeddable":true,"href":"https:\/\/www.tc26-bijoux.com\/index.php?rest_route=%2Fwp%2Fv2%2Fproduct_cat&post=77977"},{"taxonomy":"product_tag","embeddable":true,"href":"https:\/\/www.tc26-bijoux.com\/index.php?rest_route=%2Fwp%2Fv2%2Fproduct_tag&post=77977"}],"curies":[{"name":"wp","href":"https:\/\/api.w.org\/{rel}","templated":true}]}}