{"id":77995,"date":"2026-03-17T17:05:18","date_gmt":"2026-03-17T16:05:18","guid":{"rendered":"https:\/\/www.tc26-bijoux.com\/?post_type=product&#038;p=77995"},"modified":"2026-03-23T12:02:30","modified_gmt":"2026-03-23T11:02:30","slug":"boucles-doreille-diamants-tina","status":"publish","type":"product","link":"https:\/\/www.tc26-bijoux.com\/?product=boucles-doreille-diamants-tina","title":{"rendered":"Boucles d&rsquo;oreille Diamants et Or 18 Carats Tina"},"content":{"rendered":"<p data-start=\"0\" data-end=\"371\">Les boucles d\u2019oreilles Tina en or 18 carats et diamants incarnent une \u00e9l\u00e9gance discr\u00e8te et raffin\u00e9e, id\u00e9ales pour sublimer chaque instant. Serties de diamants de couleur G, elles offrent une brillance lumineuse, tandis que leur puret\u00e9 VS t\u00e9moigne d\u2019une qualit\u00e9 remarquable. Avec un poids total de 0,15 carat, elles apportent une touche de lumi\u00e8re subtile et sophistiqu\u00e9e. Confortables et intemporelles, elles se distinguent par leur simplicit\u00e9 \u00e9l\u00e9gante.<\/p>\n<p data-start=\"608\" data-end=\"775\" data-is-last-node=\"\" data-is-only-node=\"\">Les boucles d\u2019oreilles Tina sont une v\u00e9ritable valeur s\u00fbre, alliant finesse et \u00e9clat, et s\u2019imposent comme un bijou essentiel \u00e0 conserver et \u00e0 porter en toute occasion.<\/p>\n","protected":false},"excerpt":{"rendered":"<p>Les boucles d\u2019oreilles Tina en or 18 carats et diamants incarnent une \u00e9l\u00e9gance discr\u00e8te et raffin\u00e9e, id\u00e9ales pour sublimer chaque instant. Serties de diamants de couleur<span class=\"excerpt-hellip\"> [\u2026]<\/span><\/p>\n","protected":false},"featured_media":77999,"template":"","meta":{"_seopress_robots_primary_cat":"none","_seopress_titles_title":"Boucles d'oreille Diamants Tina","_seopress_titles_desc":"","_seopress_robots_index":"","_seopress_analysis_target_kw":"","iawp_total_views":18},"product_brand":[],"product_cat":[84,15,97],"product_tag":[],"class_list":{"0":"post-77995","1":"product","2":"type-product","3":"status-publish","4":"has-post-thumbnail","6":"product_cat-creoles-diamants","7":"product_cat-home-tc26-bijoux","8":"product_cat-nos-nouveautes","10":"first","11":"instock","12":"featured","13":"shipping-taxable","14":"purchasable","15":"product-type-variable"},"_links":{"self":[{"href":"https:\/\/www.tc26-bijoux.com\/index.php?rest_route=\/wp\/v2\/product\/77995","targetHints":{"allow":["GET"]}}],"collection":[{"href":"https:\/\/www.tc26-bijoux.com\/index.php?rest_route=\/wp\/v2\/product"}],"about":[{"href":"https:\/\/www.tc26-bijoux.com\/index.php?rest_route=\/wp\/v2\/types\/product"}],"wp:featuredmedia":[{"embeddable":true,"href":"https:\/\/www.tc26-bijoux.com\/index.php?rest_route=\/wp\/v2\/media\/77999"}],"wp:attachment":[{"href":"https:\/\/www.tc26-bijoux.com\/index.php?rest_route=%2Fwp%2Fv2%2Fmedia&parent=77995"}],"wp:term":[{"taxonomy":"product_brand","embeddable":true,"href":"https:\/\/www.tc26-bijoux.com\/index.php?rest_route=%2Fwp%2Fv2%2Fproduct_brand&post=77995"},{"taxonomy":"product_cat","embeddable":true,"href":"https:\/\/www.tc26-bijoux.com\/index.php?rest_route=%2Fwp%2Fv2%2Fproduct_cat&post=77995"},{"taxonomy":"product_tag","embeddable":true,"href":"https:\/\/www.tc26-bijoux.com\/index.php?rest_route=%2Fwp%2Fv2%2Fproduct_tag&post=77995"}],"curies":[{"name":"wp","href":"https:\/\/api.w.org\/{rel}","templated":true}]}}