{"id":78005,"date":"2026-03-17T17:34:58","date_gmt":"2026-03-17T16:34:58","guid":{"rendered":"https:\/\/www.tc26-bijoux.com\/?post_type=product&#038;p=78005"},"modified":"2026-03-23T12:00:34","modified_gmt":"2026-03-23T11:00:34","slug":"boucles-doreille-diamants-et-or-18-carats-tessa","status":"publish","type":"product","link":"https:\/\/www.tc26-bijoux.com\/?product=boucles-doreille-diamants-et-or-18-carats-tessa","title":{"rendered":"Boucles d&rsquo;oreille Diamants et Or 18 Carats Tessa"},"content":{"rendered":"<div class=\"flex flex-col text-sm\">\n<article class=\"text-token-text-primary w-full focus:outline-none [--shadow-height:45px] has-data-writing-block:pointer-events-none has-data-writing-block:-mt-(--shadow-height) has-data-writing-block:pt-(--shadow-height) [&amp;:has([data-writing-block])&gt;*]:pointer-events-auto scroll-mt-[calc(var(--header-height)+min(200px,max(70px,20svh)))]\" dir=\"auto\" tabindex=\"-1\" data-turn-id=\"request-WEB:a2ce2608-466d-423c-af9c-215b60db56bc-11\" data-testid=\"conversation-turn-24\" data-scroll-anchor=\"true\" data-turn=\"assistant\">\n<div class=\"text-base my-auto mx-auto pb-10 [--thread-content-margin:var(--thread-content-margin-xs,calc(var(--spacing)*4))] @w-sm\/main:[--thread-content-margin:var(--thread-content-margin-sm,calc(var(--spacing)*6))] @w-lg\/main:[--thread-content-margin:var(--thread-content-margin-lg,calc(var(--spacing)*16))] px-(--thread-content-margin)\">\n<div class=\"[--thread-content-max-width:40rem] @w-lg\/main:[--thread-content-max-width:48rem] mx-auto max-w-(--thread-content-max-width) flex-1 group\/turn-messages focus-visible:outline-hidden relative flex w-full min-w-0 flex-col agent-turn\" tabindex=\"-1\">\n<div class=\"flex max-w-full flex-col gap-4 grow\">\n<div class=\"min-h-8 text-message relative flex w-full flex-col items-end gap-2 text-start break-words whitespace-normal [.text-message+&amp;]:mt-1\" dir=\"auto\" data-message-author-role=\"assistant\" data-message-id=\"6823803e-9b98-4707-ba69-4eb98770294b\" data-message-model-slug=\"gpt-5-mini\">\n<div class=\"flex w-full flex-col gap-1 empty:hidden\">\n<div class=\"markdown prose dark:prose-invert w-full wrap-break-word light markdown-new-styling\">\n<p data-start=\"0\" data-end=\"312\">Les boucles d\u2019oreilles Tessa en or 18 carats, associant subtilement or jaune et or blanc, sont un bijou raffin\u00e9 qui allie modernit\u00e9 et \u00e9l\u00e9gance classique. Orn\u00e9es de diamants de couleur G et de puret\u00e9 VS pour un total de 0,26 carat, elles captent la lumi\u00e8re avec \u00e9clat tout en restant d\u00e9licates et harmonieuses.<\/p>\n<p data-start=\"314\" data-end=\"579\">Leur design bicolore met en valeur le contraste entre les m\u00e9taux et la brillance des diamants, offrant un effet \u00e0 la fois contemporain et sophistiqu\u00e9. L\u00e9g\u00e8res et agr\u00e9ables \u00e0 porter, elles \u00e9pousent parfaitement le lobe, alliant confort et raffinement au quotidien.<\/p>\n<p data-start=\"581\" data-end=\"800\" data-is-last-node=\"\" data-is-only-node=\"\">Polyvalentes et intemporelles, les boucles d\u2019oreilles Tessa se pr\u00eatent aussi bien aux tenues \u00e9l\u00e9gantes qu\u2019aux styles plus d\u00e9contract\u00e9s, faisant de ce bijou un accessoire pr\u00e9cieux et incontournable dans toute collection.<\/p>\n<\/div>\n<\/div>\n<\/div>\n<\/div>\n<div class=\"z-0 flex min-h-[46px] justify-start\"><\/div>\n<\/div>\n<\/div>\n<\/article>\n<\/div>\n<div class=\"pointer-events-none h-px w-px absolute bottom-0\" aria-hidden=\"true\" data-edge=\"true\"><\/div>\n","protected":false},"excerpt":{"rendered":"<p>Les boucles d\u2019oreilles Tessa en or 18 carats, associant subtilement or jaune et or blanc, sont un bijou raffin\u00e9 qui allie modernit\u00e9 et \u00e9l\u00e9gance classique. Orn\u00e9es<span class=\"excerpt-hellip\"> [\u2026]<\/span><\/p>\n","protected":false},"featured_media":78009,"template":"","meta":{"_seopress_robots_primary_cat":"none","_seopress_titles_title":"Boucles d'oreille Diamants et Or 18 Carats Tessa","_seopress_titles_desc":"","_seopress_robots_index":"","_seopress_analysis_target_kw":"","iawp_total_views":2},"product_brand":[],"product_cat":[84,15,97],"product_tag":[],"class_list":{"0":"post-78005","1":"product","2":"type-product","3":"status-publish","4":"has-post-thumbnail","6":"product_cat-creoles-diamants","7":"product_cat-home-tc26-bijoux","8":"product_cat-nos-nouveautes","10":"first","11":"instock","12":"featured","13":"shipping-taxable","14":"purchasable","15":"product-type-variable"},"_links":{"self":[{"href":"https:\/\/www.tc26-bijoux.com\/index.php?rest_route=\/wp\/v2\/product\/78005","targetHints":{"allow":["GET"]}}],"collection":[{"href":"https:\/\/www.tc26-bijoux.com\/index.php?rest_route=\/wp\/v2\/product"}],"about":[{"href":"https:\/\/www.tc26-bijoux.com\/index.php?rest_route=\/wp\/v2\/types\/product"}],"wp:featuredmedia":[{"embeddable":true,"href":"https:\/\/www.tc26-bijoux.com\/index.php?rest_route=\/wp\/v2\/media\/78009"}],"wp:attachment":[{"href":"https:\/\/www.tc26-bijoux.com\/index.php?rest_route=%2Fwp%2Fv2%2Fmedia&parent=78005"}],"wp:term":[{"taxonomy":"product_brand","embeddable":true,"href":"https:\/\/www.tc26-bijoux.com\/index.php?rest_route=%2Fwp%2Fv2%2Fproduct_brand&post=78005"},{"taxonomy":"product_cat","embeddable":true,"href":"https:\/\/www.tc26-bijoux.com\/index.php?rest_route=%2Fwp%2Fv2%2Fproduct_cat&post=78005"},{"taxonomy":"product_tag","embeddable":true,"href":"https:\/\/www.tc26-bijoux.com\/index.php?rest_route=%2Fwp%2Fv2%2Fproduct_tag&post=78005"}],"curies":[{"name":"wp","href":"https:\/\/api.w.org\/{rel}","templated":true}]}}